{"id":221104,"date":"2025-12-27T22:37:55","date_gmt":"2025-12-27T19:37:55","guid":{"rendered":"https:\/\/baldumarket.lt\/?post_type=product&#038;p=221104"},"modified":"2026-02-03T23:12:17","modified_gmt":"2026-02-03T20:12:17","slug":"lozka-tapicerowane-sierra-standard-180x200-cm-gr4","status":"publish","type":"product","link":"https:\/\/baldumarket.lt\/lt\/product\/lozka-tapicerowane-sierra-standard-180x200-cm-gr4\/","title":{"rendered":"Mink\u0161tos lovos Sierra standartin\u0117s 180&#215;200 cm Gr4"},"content":{"rendered":"<p>Didel\u0117 mink\u0161ta \u201eSierra\u201c lova, kurios miegamojo plotas yra 180 x 200 cm, pagaminta i\u0161 auk\u0161tos kokyb\u0117s med\u017eiag\u0173, u\u017etikrinan\u010di\u0173 ilgamet\u012f naudojim\u0105 be r\u016bpes\u010di\u0173. Komplekte yra patrauklus, eleganti\u0161kas galv\u016bgalis, kurio dygsniavimas ir si\u016bl\u0117s sukuria kvadratines, tolygiai i\u0161d\u0117stytas, mink\u0161tas pagalv\u0117les. \u201eSierra\u201c lova pasi\u017eymi moderniu stiliumi su klasikiniais bruo\u017eais. \u0160is baldas puikiai der\u0117s prie beveik bet kokio interjero dizaino. Komplekt\u0105 galima i\u0161pl\u0117sti pasirenkamais elementais, tokiais kaip medinis r\u0117mas be pak\u0117l\u0117j\u0173, medinis \u010diu\u017einio r\u0117mas su pak\u0117l\u0117jais ir patalyn\u0117s d\u0117\u017e\u0117. Taip pat galima pasirinkti medines kojeles ir j\u0173 spalvas. Apmu\u0161al\u0173 audini\u0173 pavyzd\u017eius, spalv\u0173 pavyzd\u017eius ir papildomas pirkimo galimybes galite rasti produkt\u0173 k\u016br\u0117joje. Lova be \u010diu\u017einio.<\/p>","protected":false},"excerpt":{"rendered":"<p>Plotis: 198 cm<br \/>\nIlgis: 223 cm<br \/>\n\u016agis: 106 cm<br \/>\nMiegamoji erdv\u0117: 180 \u00d7 200 cm<br \/>\n\u0160oninis auk\u0161tis: 34 cm<\/p>","protected":false},"featured_media":221129,"comment_status":"open","ping_status":"closed","template":"","meta":[],"product_brand":[],"product_cat":[9133],"product_tag":[],"class_list":{"0":"post-221104","1":"product","2":"type-product","3":"status-publish","4":"has-post-thumbnail","6":"product_cat-grouped","8":"first","9":"instock","10":"shipping-taxable","11":"purchasable","12":"product-type-variable","13":"wvs-archive-product-wrapper"},"_links":{"self":[{"href":"https:\/\/baldumarket.lt\/lt\/wp-json\/wp\/v2\/product\/221104","targetHints":{"allow":["GET"]}}],"collection":[{"href":"https:\/\/baldumarket.lt\/lt\/wp-json\/wp\/v2\/product"}],"about":[{"href":"https:\/\/baldumarket.lt\/lt\/wp-json\/wp\/v2\/types\/product"}],"replies":[{"embeddable":true,"href":"https:\/\/baldumarket.lt\/lt\/wp-json\/wp\/v2\/comments?post=221104"}],"wp:featuredmedia":[{"embeddable":true,"href":"https:\/\/baldumarket.lt\/lt\/wp-json\/wp\/v2\/media\/221129"}],"wp:attachment":[{"href":"https:\/\/baldumarket.lt\/lt\/wp-json\/wp\/v2\/media?parent=221104"}],"wp:term":[{"taxonomy":"product_brand","embeddable":true,"href":"https:\/\/baldumarket.lt\/lt\/wp-json\/wp\/v2\/product_brand?post=221104"},{"taxonomy":"product_cat","embeddable":true,"href":"https:\/\/baldumarket.lt\/lt\/wp-json\/wp\/v2\/product_cat?post=221104"},{"taxonomy":"product_tag","embeddable":true,"href":"https:\/\/baldumarket.lt\/lt\/wp-json\/wp\/v2\/product_tag?post=221104"}],"curies":[{"name":"wp","href":"https:\/\/api.w.org\/{rel}","templated":true}]}}