{"id":221093,"date":"2025-12-27T22:37:13","date_gmt":"2025-12-27T19:37:13","guid":{"rendered":"https:\/\/baldumarket.lt\/?post_type=product&#038;p=221093"},"modified":"2026-02-03T23:12:18","modified_gmt":"2026-02-03T20:12:18","slug":"lozka-tapicerowane-stella-standard-140x200-cm-gr4","status":"publish","type":"product","link":"https:\/\/baldumarket.lt\/lt\/product\/lozka-tapicerowane-stella-standard-140x200-cm-gr4\/","title":{"rendered":"Stella standartin\u0117s mink\u0161tos lovos 140\u00d7200 cm Gr4"},"content":{"rendered":"<p>Baldas pasi\u017eymi patogiu, mink\u0161tu galv\u016bgaliu, kuris skatina stabtel\u0117ti ir atsipalaiduoti. Jis suteikia puiki\u0105 nugaros atram\u0105 skaitant m\u0117gstam\u0105 knyg\u0105 ar \u017ei\u016brint populiarius serialus. Auk\u0161tas galv\u016bgalis pasi\u017eymi simetri\u0161komis si\u016bl\u0117mis, kurios pabr\u0117\u017eia modern\u0173 baldo charakter\u012f. Komplekt\u0105 galima i\u0161pl\u0117sti papildomais elementais, tokiais kaip medinis \u010diu\u017einio pagrindas su dujiniais keltuvais, medinis \u010diu\u017einio pagrindas be keltuv\u0173 ir patalyn\u0117s laikymo skyrius. Taip pat galite pasirinkti medin\u0117s kojel\u0117s tip\u0105 ir spalv\u0105. Apmu\u0161al\u0173 audini\u0173 pavyzd\u017eius, spalv\u0173 pavyzd\u017eius ir papildomas komplekto i\u0161pl\u0117timo galimybes rasite produkt\u0173 k\u016br\u0117jo sistemoje. Lovai surinkti reikia minimalaus surinkimo.<\/p>","protected":false},"excerpt":{"rendered":"<p>Plotis: 158 cm<br \/>\nIlgis: 223 cm<br \/>\n\u016agis: 106 cm<br \/>\nMiegamasis plotas: 140 \u00d7 200 cm<br \/>\n\u0160oninis auk\u0161tis: 34 cm<\/p>","protected":false},"featured_media":221118,"comment_status":"open","ping_status":"closed","template":"","meta":[],"product_brand":[],"product_cat":[9133],"product_tag":[],"class_list":{"0":"post-221093","1":"product","2":"type-product","3":"status-publish","4":"has-post-thumbnail","6":"product_cat-grouped","8":"first","9":"instock","10":"shipping-taxable","11":"purchasable","12":"product-type-variable","13":"wvs-archive-product-wrapper"},"_links":{"self":[{"href":"https:\/\/baldumarket.lt\/lt\/wp-json\/wp\/v2\/product\/221093","targetHints":{"allow":["GET"]}}],"collection":[{"href":"https:\/\/baldumarket.lt\/lt\/wp-json\/wp\/v2\/product"}],"about":[{"href":"https:\/\/baldumarket.lt\/lt\/wp-json\/wp\/v2\/types\/product"}],"replies":[{"embeddable":true,"href":"https:\/\/baldumarket.lt\/lt\/wp-json\/wp\/v2\/comments?post=221093"}],"wp:featuredmedia":[{"embeddable":true,"href":"https:\/\/baldumarket.lt\/lt\/wp-json\/wp\/v2\/media\/221118"}],"wp:attachment":[{"href":"https:\/\/baldumarket.lt\/lt\/wp-json\/wp\/v2\/media?parent=221093"}],"wp:term":[{"taxonomy":"product_brand","embeddable":true,"href":"https:\/\/baldumarket.lt\/lt\/wp-json\/wp\/v2\/product_brand?post=221093"},{"taxonomy":"product_cat","embeddable":true,"href":"https:\/\/baldumarket.lt\/lt\/wp-json\/wp\/v2\/product_cat?post=221093"},{"taxonomy":"product_tag","embeddable":true,"href":"https:\/\/baldumarket.lt\/lt\/wp-json\/wp\/v2\/product_tag?post=221093"}],"curies":[{"name":"wp","href":"https:\/\/api.w.org\/{rel}","templated":true}]}}