{"id":221080,"date":"2025-12-27T22:36:28","date_gmt":"2025-12-27T19:36:28","guid":{"rendered":"https:\/\/baldumarket.lt\/?post_type=product&#038;p=221080"},"modified":"2026-02-03T23:12:19","modified_gmt":"2026-02-03T20:12:19","slug":"lozka-tapicerowane-stella-standard-160x200-cm-gr5","status":"publish","type":"product","link":"https:\/\/baldumarket.lt\/lt\/product\/lozka-tapicerowane-stella-standard-160x200-cm-gr5\/","title":{"rendered":"Stella standartin\u0117s mink\u0161tos lovos 160\u00d7200 cm Gr5"},"content":{"rendered":"<p>Lova \u201eStella\u201c, kurios miegamojo plotas yra 160 \u00d7 200 cm, pasi\u017eymi patogiu, apmu\u0161tu galv\u016bgaliu, kuris skatina sustoti ir pails\u0117ti. Jis suteikia puiki\u0105 nugaros atram\u0105 skaitant m\u0117gstam\u0105 knyg\u0105 ar \u017ei\u016brint populiarias televizijos programas. Auk\u0161tas galv\u016bgalis pasi\u017eymi simetri\u0161komis si\u016bl\u0117mis, kurios pabr\u0117\u017eia modern\u0173 baldo charakter\u012f. Komplekt\u0105 galima i\u0161pl\u0117sti papildomais elementais, tokiais kaip medinis \u010diu\u017einio pagrindas su dujiniais pak\u0117limais, medinis \u010diu\u017einio pagrindas be pak\u0117lim\u0173 ir erdvi patalyn\u0117s d\u0117\u017e\u0117. Taip pat galite pasirinkti medin\u0117s kojel\u0117s tip\u0105 ir spalv\u0105. Apmu\u0161al\u0173 audini\u0173 pavyzd\u017eius, spalv\u0173 pavyzd\u017eius ir papildomas komplekto i\u0161pl\u0117timo galimybes rasite \u201eProdukto k\u016br\u0117juje\u201c. Lovai reikia minimalaus surinkimo.<\/p>","protected":false},"excerpt":{"rendered":"<p>Plotis: 178 cm<br \/>\nIlgis: 223 cm<br \/>\n\u016agis: 106 cm<br \/>\nMiegamoji erdv\u0117: 160 \u00d7 200 cm<br \/>\n\u0160oninis auk\u0161tis: 34 cm<\/p>","protected":false},"featured_media":221106,"comment_status":"open","ping_status":"closed","template":"","meta":[],"product_brand":[],"product_cat":[9133],"product_tag":[],"class_list":{"0":"post-221080","1":"product","2":"type-product","3":"status-publish","4":"has-post-thumbnail","6":"product_cat-grouped","8":"first","9":"instock","10":"shipping-taxable","11":"purchasable","12":"product-type-variable","13":"wvs-archive-product-wrapper"},"_links":{"self":[{"href":"https:\/\/baldumarket.lt\/lt\/wp-json\/wp\/v2\/product\/221080","targetHints":{"allow":["GET"]}}],"collection":[{"href":"https:\/\/baldumarket.lt\/lt\/wp-json\/wp\/v2\/product"}],"about":[{"href":"https:\/\/baldumarket.lt\/lt\/wp-json\/wp\/v2\/types\/product"}],"replies":[{"embeddable":true,"href":"https:\/\/baldumarket.lt\/lt\/wp-json\/wp\/v2\/comments?post=221080"}],"wp:featuredmedia":[{"embeddable":true,"href":"https:\/\/baldumarket.lt\/lt\/wp-json\/wp\/v2\/media\/221106"}],"wp:attachment":[{"href":"https:\/\/baldumarket.lt\/lt\/wp-json\/wp\/v2\/media?parent=221080"}],"wp:term":[{"taxonomy":"product_brand","embeddable":true,"href":"https:\/\/baldumarket.lt\/lt\/wp-json\/wp\/v2\/product_brand?post=221080"},{"taxonomy":"product_cat","embeddable":true,"href":"https:\/\/baldumarket.lt\/lt\/wp-json\/wp\/v2\/product_cat?post=221080"},{"taxonomy":"product_tag","embeddable":true,"href":"https:\/\/baldumarket.lt\/lt\/wp-json\/wp\/v2\/product_tag?post=221080"}],"curies":[{"name":"wp","href":"https:\/\/api.w.org\/{rel}","templated":true}]}}