{"id":22108,"date":"2025-11-14T14:05:16","date_gmt":"2025-11-14T11:05:16","guid":{"rendered":"https:\/\/baldumarket.lt\/product\/materac-piankowy-lauren-80x200-hipoalergiczny-pokrowiec\/"},"modified":"2026-03-24T18:22:31","modified_gmt":"2026-03-24T15:22:31","slug":"materac-piankowy-lauren-80x200-hipoalergiczny-pokrowiec","status":"publish","type":"product","link":"https:\/\/baldumarket.lt\/lt\/product\/materac-piankowy-lauren-80x200-hipoalergiczny-pokrowiec\/","title":{"rendered":"Lauren put\u0173 \u010diu\u017einio u\u017evalkalas, 80\u00d7200, hipoalerginis"},"content":{"rendered":"<p>Gerai parinktas \u010diu\u017einys yra raktas \u012f ger\u0105 nakties mieg\u0105. \u017dinome, koks svarbus \u0161is pasirinkimas, tod\u0117l pristatome put\u0173 poliuretano \u010diu\u017ein\u012f su u\u017evalkalu. D\u0117l itin elasting\u0173 HR put\u0173 naudojimo \u010diu\u017einys laikui b\u0117gant nesideformuos, o tai labai svarbu miego komfortui. Be to, \u201eLauren\u201c put\u0173 poliuretano \u010diu\u017einys turi stor\u0105 T2542 put\u0173 sluoksn\u012f, kuris dar labiau padidina miego komfort\u0105. \u201eLauren\u201c \u010diu\u017einys su nuimamu u\u017evalkalu garantuoja sald\u017eius sapnus.<\/p>","protected":false},"excerpt":{"rendered":"<p>Gerai parinktas \u010diu\u017einys yra raktas \u012f ger\u0105 mieg\u0105. \u017dinome, koks svarbus \u0161is pasirinkimas, tod\u0117l pristatome put\u0173 poliuretano \u010diu\u017ein\u012f su u\u017evalkalu. D\u0117l itin elastingo HR putplas\u010dio \u010diu\u017einys laikui b\u0117gant nesideformuos, o tai labai svarbu miego komfortui. Be to, \u201eLauren\u201c put\u0173 poliuretano \u010diu\u017einys pasi\u017eymi storu [\u2026]<\/p>","protected":false},"featured_media":22109,"comment_status":"open","ping_status":"open","template":"","meta":[],"product_brand":[],"product_cat":[2012,1099],"product_tag":[],"class_list":{"0":"post-22108","1":"product","2":"type-product","3":"status-publish","4":"has-post-thumbnail","6":"product_cat-eltap","7":"product_cat-mattresses","9":"first","10":"instock","11":"purchasable","12":"product-type-simple"},"_links":{"self":[{"href":"https:\/\/baldumarket.lt\/lt\/wp-json\/wp\/v2\/product\/22108","targetHints":{"allow":["GET"]}}],"collection":[{"href":"https:\/\/baldumarket.lt\/lt\/wp-json\/wp\/v2\/product"}],"about":[{"href":"https:\/\/baldumarket.lt\/lt\/wp-json\/wp\/v2\/types\/product"}],"replies":[{"embeddable":true,"href":"https:\/\/baldumarket.lt\/lt\/wp-json\/wp\/v2\/comments?post=22108"}],"wp:featuredmedia":[{"embeddable":true,"href":"https:\/\/baldumarket.lt\/lt\/wp-json\/wp\/v2\/media\/22109"}],"wp:attachment":[{"href":"https:\/\/baldumarket.lt\/lt\/wp-json\/wp\/v2\/media?parent=22108"}],"wp:term":[{"taxonomy":"product_brand","embeddable":true,"href":"https:\/\/baldumarket.lt\/lt\/wp-json\/wp\/v2\/product_brand?post=22108"},{"taxonomy":"product_cat","embeddable":true,"href":"https:\/\/baldumarket.lt\/lt\/wp-json\/wp\/v2\/product_cat?post=22108"},{"taxonomy":"product_tag","embeddable":true,"href":"https:\/\/baldumarket.lt\/lt\/wp-json\/wp\/v2\/product_tag?post=22108"}],"curies":[{"name":"wp","href":"https:\/\/api.w.org\/{rel}","templated":true}]}}