{"id":221064,"date":"2025-12-27T22:35:52","date_gmt":"2025-12-27T19:35:52","guid":{"rendered":"https:\/\/baldumarket.lt\/?post_type=product&#038;p=221064"},"modified":"2026-02-03T23:12:20","modified_gmt":"2026-02-03T20:12:20","slug":"lozka-tapicerowane-stella-standard-180x200-cm","status":"publish","type":"product","link":"https:\/\/baldumarket.lt\/lt\/product\/lozka-tapicerowane-stella-standard-180x200-cm\/","title":{"rendered":"Stella standartin\u0117s mink\u0161tos lovos 180\u00d7200 cm"},"content":{"rendered":"<p>Standartin\u0117 mink\u0161ta lova \u201eStella\u201c, kurios miegamojo plotas yra 180 \u00d7 200 cm, pasi\u017eymi erdviu, mink\u0161tu galv\u016bgaliu, kuris kvie\u010dia stabtel\u0117ti ir atsipalaiduoti. Jis suteikia puiki\u0105 nugaros atram\u0105 skaitant m\u0117gstam\u0105 knyg\u0105 ar \u017ei\u016brint vakaro serial\u0105. Auk\u0161tas galv\u016bgalis pasi\u017eymi simetri\u0161komis si\u016bl\u0117mis, kurios pabr\u0117\u017eia modern\u0173 baldo charakter\u012f ir suteikia lengvumo. Komplekt\u0105 galima i\u0161pl\u0117sti prakti\u0161kais elementais, tokiais kaip medinis \u010diu\u017einio pagrindas su dujin\u0117mis amortizatoriais, medinis \u010diu\u017einio pagrindas be pak\u0117limo mechanizm\u0173 ir erdvi bei funkcionali patalyn\u0117s d\u0117\u017e\u0117. Taip pat galite pasirinkti medini\u0173 kojeli\u0173 tip\u0105 ir spalv\u0105. Apmu\u0161al\u0173 audini\u0173 pavyzd\u017eius, spalv\u0173 pavyzd\u017eius ir papildomas komplekto i\u0161pl\u0117timo galimybes rasite produkt\u0173 k\u016br\u0117jo svetain\u0117je. Lovai reikia minimalaus surinkimo, be to, pridedamos ai\u0161kios instrukcijos.<\/p>","protected":false},"excerpt":{"rendered":"<p>Standartin\u0117 mink\u0161ta lova \u201eStella\u201c, kurios miegamojo plotas yra 180 \u00d7 200 cm, pasi\u017eymi erdviu, mink\u0161tu galv\u016bgaliu, kuris kvie\u010dia stabtel\u0117ti ir atsipalaiduoti. Jis suteikia puiki\u0105 nugaros atram\u0105 skaitant m\u0117gstam\u0105 knyg\u0105 ar \u017ei\u016brint vakaro serial\u0105. Auk\u0161tas galv\u016bgalis pasi\u017eymi simetri\u0161komis si\u016bl\u0117mis, kurios pabr\u0117\u017eia modern\u0173 baldo charakter\u012f ir suteikia jaukumo [\u2026]<\/p>","protected":false},"featured_media":221085,"comment_status":"open","ping_status":"closed","template":"","meta":[],"product_brand":[],"product_cat":[505,1972,7906],"product_tag":[],"class_list":{"0":"post-221064","1":"product","2":"type-product","3":"status-publish","4":"has-post-thumbnail","6":"product_cat-bedroom-beds","7":"product_cat-beds-180x200","8":"product_cat-comforteo","10":"first","11":"instock","12":"shipping-taxable","13":"product-type-grouped"},"_links":{"self":[{"href":"https:\/\/baldumarket.lt\/lt\/wp-json\/wp\/v2\/product\/221064","targetHints":{"allow":["GET"]}}],"collection":[{"href":"https:\/\/baldumarket.lt\/lt\/wp-json\/wp\/v2\/product"}],"about":[{"href":"https:\/\/baldumarket.lt\/lt\/wp-json\/wp\/v2\/types\/product"}],"replies":[{"embeddable":true,"href":"https:\/\/baldumarket.lt\/lt\/wp-json\/wp\/v2\/comments?post=221064"}],"wp:featuredmedia":[{"embeddable":true,"href":"https:\/\/baldumarket.lt\/lt\/wp-json\/wp\/v2\/media\/221085"}],"wp:attachment":[{"href":"https:\/\/baldumarket.lt\/lt\/wp-json\/wp\/v2\/media?parent=221064"}],"wp:term":[{"taxonomy":"product_brand","embeddable":true,"href":"https:\/\/baldumarket.lt\/lt\/wp-json\/wp\/v2\/product_brand?post=221064"},{"taxonomy":"product_cat","embeddable":true,"href":"https:\/\/baldumarket.lt\/lt\/wp-json\/wp\/v2\/product_cat?post=221064"},{"taxonomy":"product_tag","embeddable":true,"href":"https:\/\/baldumarket.lt\/lt\/wp-json\/wp\/v2\/product_tag?post=221064"}],"curies":[{"name":"wp","href":"https:\/\/api.w.org\/{rel}","templated":true}]}}