{"id":221036,"date":"2025-12-27T22:34:24","date_gmt":"2025-12-27T19:34:24","guid":{"rendered":"https:\/\/baldumarket.lt\/?post_type=product&#038;p=221036"},"modified":"2026-02-03T23:12:21","modified_gmt":"2026-02-03T20:12:21","slug":"lozka-tapicerowane-sylvi-standard-140x200-cm-gr1","status":"publish","type":"product","link":"https:\/\/baldumarket.lt\/lt\/product\/lozka-tapicerowane-sylvi-standard-140x200-cm-gr1\/","title":{"rendered":"Mink\u0161tos lovos Sylvi standartin\u0117s 140\u00d7200 cm Gr1"},"content":{"rendered":"<p>\u201eSylvi by Comforteo\u201c lovos galv\u016bgalis pasi\u017eymi paprastomis, horizontaliomis si\u016bl\u0117mis, suteikian\u010diomis jai universalumo. Komplektas der\u0117s prie beveik bet kokio interjero stiliaus. Lov\u0105 galima i\u0161pl\u0117sti papildomais elementais, tokiais kaip patalyn\u0117s skyrius, \u010diu\u017einio pak\u0117liklis ir r\u0117mas. Komplekte n\u0117ra \u010diu\u017einio ir jis pristatomas i\u0161ardytas. Baldus galima rinktis i\u0161 \u012fvairi\u0173 audini\u0173 ir koj\u0173 spalv\u0173. Audini\u0173 ir spalv\u0173 pavyzd\u017eius galite rasti produkt\u0173 k\u016br\u0117jo svetain\u0117je.<\/p>","protected":false},"excerpt":{"rendered":"<p>Plotis: 158 cm<br \/>\nIlgis: 223 cm<br \/>\n\u016agis: 106 cm<br \/>\nMiegamasis plotas: 140 \u00d7 200 cm<br \/>\n\u0160oninis auk\u0161tis: 34 cm<\/p>","protected":false},"featured_media":221073,"comment_status":"open","ping_status":"closed","template":"","meta":[],"product_brand":[],"product_cat":[9133],"product_tag":[],"class_list":{"0":"post-221036","1":"product","2":"type-product","3":"status-publish","4":"has-post-thumbnail","6":"product_cat-grouped","8":"first","9":"instock","10":"shipping-taxable","11":"purchasable","12":"product-type-variable","13":"wvs-archive-product-wrapper"},"_links":{"self":[{"href":"https:\/\/baldumarket.lt\/lt\/wp-json\/wp\/v2\/product\/221036","targetHints":{"allow":["GET"]}}],"collection":[{"href":"https:\/\/baldumarket.lt\/lt\/wp-json\/wp\/v2\/product"}],"about":[{"href":"https:\/\/baldumarket.lt\/lt\/wp-json\/wp\/v2\/types\/product"}],"replies":[{"embeddable":true,"href":"https:\/\/baldumarket.lt\/lt\/wp-json\/wp\/v2\/comments?post=221036"}],"wp:featuredmedia":[{"embeddable":true,"href":"https:\/\/baldumarket.lt\/lt\/wp-json\/wp\/v2\/media\/221073"}],"wp:attachment":[{"href":"https:\/\/baldumarket.lt\/lt\/wp-json\/wp\/v2\/media?parent=221036"}],"wp:term":[{"taxonomy":"product_brand","embeddable":true,"href":"https:\/\/baldumarket.lt\/lt\/wp-json\/wp\/v2\/product_brand?post=221036"},{"taxonomy":"product_cat","embeddable":true,"href":"https:\/\/baldumarket.lt\/lt\/wp-json\/wp\/v2\/product_cat?post=221036"},{"taxonomy":"product_tag","embeddable":true,"href":"https:\/\/baldumarket.lt\/lt\/wp-json\/wp\/v2\/product_tag?post=221036"}],"curies":[{"name":"wp","href":"https:\/\/api.w.org\/{rel}","templated":true}]}}