{"id":221011,"date":"2025-12-27T22:33:06","date_gmt":"2025-12-27T19:33:06","guid":{"rendered":"https:\/\/baldumarket.lt\/?post_type=product&#038;p=221011"},"modified":"2026-02-03T23:12:22","modified_gmt":"2026-02-03T20:12:22","slug":"lozka-tapicerowane-sylvi-standard-160x200-cm-gr1","status":"publish","type":"product","link":"https:\/\/baldumarket.lt\/lt\/product\/lozka-tapicerowane-sylvi-standard-160x200-cm-gr1\/","title":{"rendered":"Mink\u0161tos lovos Sylvi standartin\u0117s 160\u00d7200 cm Gr1"},"content":{"rendered":"<p>\u201eSylvi by Comforteo\u201c lova, kurios miegamojo plotas yra 160 \u00d7 200 cm, pasi\u017eymi paprastomis, horizontaliomis si\u016bl\u0117mis ant mink\u0161to galv\u016bgalio, suteikian\u010dios baldui universalumo. Komplektas papildys beveik bet kok\u012f interjero stili\u0173, suteikdamas jam presti\u017einio elegancijos akcent\u0105. Lov\u0105 galima i\u0161pl\u0117sti papildomais elementais, tokiais kaip patalyn\u0117s d\u0117\u017e\u0117, \u010diu\u017einio pak\u0117liklis ir r\u0117mas. Standartin\u0117je komplektacijoje \u010diu\u017einys ne\u012feina ir pristatomas i\u0161ardytas. Baldus galima \u012fsigyti su \u012fvairiais apmu\u0161al\u0173 audiniais. Galima rinktis medines kojeles ir j\u0173 spalvas.<\/p>","protected":false},"excerpt":{"rendered":"<p>Plotis: 178 cm<br \/>\nIlgis: 223 cm<br \/>\n\u016agis: 106 cm<br \/>\nMiegamoji erdv\u0117: 160 \u00d7 200 cm<br \/>\n\u0160oninis auk\u0161tis: 34 cm<\/p>","protected":false},"featured_media":221045,"comment_status":"open","ping_status":"closed","template":"","meta":[],"product_brand":[],"product_cat":[9133],"product_tag":[],"class_list":{"0":"post-221011","1":"product","2":"type-product","3":"status-publish","4":"has-post-thumbnail","6":"product_cat-grouped","8":"first","9":"instock","10":"shipping-taxable","11":"purchasable","12":"product-type-variable","13":"wvs-archive-product-wrapper"},"_links":{"self":[{"href":"https:\/\/baldumarket.lt\/lt\/wp-json\/wp\/v2\/product\/221011","targetHints":{"allow":["GET"]}}],"collection":[{"href":"https:\/\/baldumarket.lt\/lt\/wp-json\/wp\/v2\/product"}],"about":[{"href":"https:\/\/baldumarket.lt\/lt\/wp-json\/wp\/v2\/types\/product"}],"replies":[{"embeddable":true,"href":"https:\/\/baldumarket.lt\/lt\/wp-json\/wp\/v2\/comments?post=221011"}],"wp:featuredmedia":[{"embeddable":true,"href":"https:\/\/baldumarket.lt\/lt\/wp-json\/wp\/v2\/media\/221045"}],"wp:attachment":[{"href":"https:\/\/baldumarket.lt\/lt\/wp-json\/wp\/v2\/media?parent=221011"}],"wp:term":[{"taxonomy":"product_brand","embeddable":true,"href":"https:\/\/baldumarket.lt\/lt\/wp-json\/wp\/v2\/product_brand?post=221011"},{"taxonomy":"product_cat","embeddable":true,"href":"https:\/\/baldumarket.lt\/lt\/wp-json\/wp\/v2\/product_cat?post=221011"},{"taxonomy":"product_tag","embeddable":true,"href":"https:\/\/baldumarket.lt\/lt\/wp-json\/wp\/v2\/product_tag?post=221011"}],"curies":[{"name":"wp","href":"https:\/\/api.w.org\/{rel}","templated":true}]}}