{"id":221010,"date":"2025-12-27T22:33:03","date_gmt":"2025-12-27T19:33:03","guid":{"rendered":"https:\/\/baldumarket.lt\/?post_type=product&#038;p=221010"},"modified":"2026-02-03T23:12:22","modified_gmt":"2026-02-03T20:12:22","slug":"lozka-tapicerowane-sylvi-standard-180x200-cm","status":"publish","type":"product","link":"https:\/\/baldumarket.lt\/lt\/product\/lozka-tapicerowane-sylvi-standard-180x200-cm\/","title":{"rendered":"Standartin\u0117s mink\u0161tos \u201eSylvi\u201c lovos 180\u00d7200 cm"},"content":{"rendered":"<p>Moderni ir erdvi \u201eSylvi by Comforteo\u201c lova, kurios miegamojo plotas yra 180 x 200 cm, pasi\u017eymi paprastomis, lygiagre\u010diomis, horizontaliomis si\u016bl\u0117mis ant mink\u0161to galv\u016bgalio, suteikian\u010dios jai i\u0161ties universal\u0173 charakter\u012f. Jos sant\u016brus dizainas papildys beveik bet kok\u012f interjero stili\u0173, suteikdamas jai presti\u017einio elegancijos akcent\u0105. Lov\u0105 galima i\u0161pl\u0117sti papildomais elementais, tokiais kaip patalyn\u0117s d\u0117\u017e\u0117, \u010diu\u017einio pak\u0117liklis ir r\u0117mas. Standartiniame komplekte \u010diu\u017einys ne\u012feina ir pristatomas i\u0161ardytas. Baldai gali b\u016bti apmu\u0161ti \u012fvairiomis med\u017eiagomis. Taip pat galima \u012fsigyti \u012fvairi\u0173 tip\u0173 ir spalv\u0173 medini\u0173 kojeli\u0173.<\/p>","protected":false},"excerpt":{"rendered":"<p>Moderni ir erdvi \u201eSylvi by Comforteo\u201c lova, kurios miegamojo plotas yra 180 x 200 cm, pasi\u017eymi paprastomis, lygiagre\u010diomis, horizontaliomis si\u016bl\u0117mis ant mink\u0161to galv\u016bgalio, suteikian\u010dios jai i\u0161ties universal\u0173 charakter\u012f. Jos sant\u016brus dizainas papildys beveik bet kok\u012f interjero stili\u0173, suteikdamas presti\u017ein\u0117s elegancijos akcent\u0105. Lov\u0105 galima i\u0161pl\u0117sti papildomais elementais [\u2026]<\/p>","protected":false},"featured_media":221029,"comment_status":"open","ping_status":"closed","template":"","meta":[],"product_brand":[],"product_cat":[505,1972,7906],"product_tag":[],"class_list":{"0":"post-221010","1":"product","2":"type-product","3":"status-publish","4":"has-post-thumbnail","6":"product_cat-bedroom-beds","7":"product_cat-beds-180x200","8":"product_cat-comforteo","10":"first","11":"instock","12":"shipping-taxable","13":"product-type-grouped"},"_links":{"self":[{"href":"https:\/\/baldumarket.lt\/lt\/wp-json\/wp\/v2\/product\/221010","targetHints":{"allow":["GET"]}}],"collection":[{"href":"https:\/\/baldumarket.lt\/lt\/wp-json\/wp\/v2\/product"}],"about":[{"href":"https:\/\/baldumarket.lt\/lt\/wp-json\/wp\/v2\/types\/product"}],"replies":[{"embeddable":true,"href":"https:\/\/baldumarket.lt\/lt\/wp-json\/wp\/v2\/comments?post=221010"}],"wp:featuredmedia":[{"embeddable":true,"href":"https:\/\/baldumarket.lt\/lt\/wp-json\/wp\/v2\/media\/221029"}],"wp:attachment":[{"href":"https:\/\/baldumarket.lt\/lt\/wp-json\/wp\/v2\/media?parent=221010"}],"wp:term":[{"taxonomy":"product_brand","embeddable":true,"href":"https:\/\/baldumarket.lt\/lt\/wp-json\/wp\/v2\/product_brand?post=221010"},{"taxonomy":"product_cat","embeddable":true,"href":"https:\/\/baldumarket.lt\/lt\/wp-json\/wp\/v2\/product_cat?post=221010"},{"taxonomy":"product_tag","embeddable":true,"href":"https:\/\/baldumarket.lt\/lt\/wp-json\/wp\/v2\/product_tag?post=221010"}],"curies":[{"name":"wp","href":"https:\/\/api.w.org\/{rel}","templated":true}]}}