{"id":220992,"date":"2025-12-27T22:31:52","date_gmt":"2025-12-27T19:31:52","guid":{"rendered":"https:\/\/baldumarket.lt\/?post_type=product&#038;p=220992"},"modified":"2026-02-03T23:12:23","modified_gmt":"2026-02-03T20:12:23","slug":"lozka-tapicerowane-trivio-standard-140x200-cm","status":"publish","type":"product","link":"https:\/\/baldumarket.lt\/lt\/product\/lozka-tapicerowane-trivio-standard-140x200-cm\/","title":{"rendered":"\u201eTrivio\u201c mink\u0161tos lovos, standartin\u0117s, 140\u00d7200 cm"},"content":{"rendered":"<p>\u0160is baldas pasi\u017eymi \u201c\u0161velnia forma\u201d, kuri\u0105 i\u0161rei\u0161kia ramios ir originalios galv\u016bgalio ir \u0161on\u0173 si\u016bl\u0117s. D\u0117l eleganti\u0161ko charakterio \u201eTrivio\u201c geriausiai atrodys su tamsesniais apmu\u0161al\u0173 audiniais. Lov\u0105 galima suasmeninti pasirenkant koj\u0173 tip\u0105 ir spalv\u0105, audinio tip\u0105 ir ra\u0161t\u0105, taip pat pridedant patalyn\u0117s d\u0117\u017e\u0119 ir \u010diu\u017einio pagrind\u0105. Papildomas pirkimo galimybes bei audini\u0173 ir spalv\u0173 pavyzd\u017eius rasite produkt\u0173 k\u016br\u0117jo skiltyje.<\/p>","protected":false},"excerpt":{"rendered":"<p>\u0160is baldas pasi\u017eymi \u201c\u0161velnia forma\u201d, kuri\u0105 i\u0161rei\u0161kia ramios ir originalios lovos galv\u016bgalio ir \u0161on\u0173 si\u016bl\u0117s. D\u0117l eleganti\u0161ko charakterio \u201eTrivio\u201c geriausiai atrodys su tamsesniais apmu\u0161al\u0173 audiniais. Lov\u0105 galima suasmeninti pasirenkant koj\u0173 tip\u0105 ir spalv\u0105, audinio tip\u0105 ir ra\u0161t\u0105 bei [\u2026]<\/p>","protected":false},"featured_media":221019,"comment_status":"open","ping_status":"closed","template":"","meta":[],"product_brand":[],"product_cat":[505,1970,7906],"product_tag":[],"class_list":{"0":"post-220992","1":"product","2":"type-product","3":"status-publish","4":"has-post-thumbnail","6":"product_cat-bedroom-beds","7":"product_cat-beds-140x200","8":"product_cat-comforteo","10":"first","11":"instock","12":"shipping-taxable","13":"product-type-grouped"},"_links":{"self":[{"href":"https:\/\/baldumarket.lt\/lt\/wp-json\/wp\/v2\/product\/220992","targetHints":{"allow":["GET"]}}],"collection":[{"href":"https:\/\/baldumarket.lt\/lt\/wp-json\/wp\/v2\/product"}],"about":[{"href":"https:\/\/baldumarket.lt\/lt\/wp-json\/wp\/v2\/types\/product"}],"replies":[{"embeddable":true,"href":"https:\/\/baldumarket.lt\/lt\/wp-json\/wp\/v2\/comments?post=220992"}],"wp:featuredmedia":[{"embeddable":true,"href":"https:\/\/baldumarket.lt\/lt\/wp-json\/wp\/v2\/media\/221019"}],"wp:attachment":[{"href":"https:\/\/baldumarket.lt\/lt\/wp-json\/wp\/v2\/media?parent=220992"}],"wp:term":[{"taxonomy":"product_brand","embeddable":true,"href":"https:\/\/baldumarket.lt\/lt\/wp-json\/wp\/v2\/product_brand?post=220992"},{"taxonomy":"product_cat","embeddable":true,"href":"https:\/\/baldumarket.lt\/lt\/wp-json\/wp\/v2\/product_cat?post=220992"},{"taxonomy":"product_tag","embeddable":true,"href":"https:\/\/baldumarket.lt\/lt\/wp-json\/wp\/v2\/product_tag?post=220992"}],"curies":[{"name":"wp","href":"https:\/\/api.w.org\/{rel}","templated":true}]}}