{"id":22097,"date":"2025-11-14T14:03:53","date_gmt":"2025-11-14T11:03:53","guid":{"rendered":"https:\/\/baldumarket.lt\/product\/materac-piankowy-lino-140x200-aloevera\/"},"modified":"2026-03-24T18:22:39","modified_gmt":"2026-03-24T15:22:39","slug":"materac-piankowy-lino-140x200-aloevera","status":"publish","type":"product","link":"https:\/\/baldumarket.lt\/lt\/product\/materac-piankowy-lino-140x200-aloevera\/","title":{"rendered":"Linoleumo put\u0173 \u010diu\u017einys 140\u00d7200 Aloevera"},"content":{"rendered":"<p>Tre\u010ddal\u012f savo gyvenimo praleid\u017eiame lovoje, tod\u0117l \u017einome, kaip svarbu pasirinkti tobul\u0105 \u010diu\u017ein\u012f pagal savo poreikius. \u201eLino\u201c putplas\u010dio \u010diu\u017einys su alavijo u\u017evalkalu yra puikus pasirinkimas putplas\u010dio \u010diu\u017eini\u0173 m\u0117g\u0117jams. Storo T2542 putplas\u010dio naudojimas nuimamame alavijo u\u017evalkale yra gero nakties miego receptas.<\/p>","protected":false},"excerpt":{"rendered":"<p>Tre\u010ddal\u012f savo gyvenimo praleid\u017eiame lovoje, tod\u0117l \u017einome, kaip svarbu pasirinkti tobul\u0105 \u010diu\u017ein\u012f pagal savo poreikius. \u201eLino\u201c putplas\u010dio \u010diu\u017einys su alavijo u\u017evalkalu yra puikus pasirinkimas putplas\u010dio \u010diu\u017eini\u0173 m\u0117g\u0117jams. Storo T2542 putplas\u010dio, apgaubto nuimamu alavijo u\u017evalkalu, naudojimas yra [\u2026]<\/p>","protected":false},"featured_media":22083,"comment_status":"open","ping_status":"open","template":"","meta":[],"product_brand":[],"product_cat":[2012,1099,1977],"product_tag":[],"class_list":{"0":"post-22097","1":"product","2":"type-product","3":"status-publish","4":"has-post-thumbnail","6":"product_cat-eltap","7":"product_cat-mattresses","8":"product_cat-mattresses-140x200","10":"first","11":"instock","12":"purchasable","13":"product-type-simple"},"_links":{"self":[{"href":"https:\/\/baldumarket.lt\/lt\/wp-json\/wp\/v2\/product\/22097","targetHints":{"allow":["GET"]}}],"collection":[{"href":"https:\/\/baldumarket.lt\/lt\/wp-json\/wp\/v2\/product"}],"about":[{"href":"https:\/\/baldumarket.lt\/lt\/wp-json\/wp\/v2\/types\/product"}],"replies":[{"embeddable":true,"href":"https:\/\/baldumarket.lt\/lt\/wp-json\/wp\/v2\/comments?post=22097"}],"wp:featuredmedia":[{"embeddable":true,"href":"https:\/\/baldumarket.lt\/lt\/wp-json\/wp\/v2\/media\/22083"}],"wp:attachment":[{"href":"https:\/\/baldumarket.lt\/lt\/wp-json\/wp\/v2\/media?parent=22097"}],"wp:term":[{"taxonomy":"product_brand","embeddable":true,"href":"https:\/\/baldumarket.lt\/lt\/wp-json\/wp\/v2\/product_brand?post=22097"},{"taxonomy":"product_cat","embeddable":true,"href":"https:\/\/baldumarket.lt\/lt\/wp-json\/wp\/v2\/product_cat?post=22097"},{"taxonomy":"product_tag","embeddable":true,"href":"https:\/\/baldumarket.lt\/lt\/wp-json\/wp\/v2\/product_tag?post=22097"}],"curies":[{"name":"wp","href":"https:\/\/api.w.org\/{rel}","templated":true}]}}