{"id":220957,"date":"2025-12-27T22:30:02","date_gmt":"2025-12-27T19:30:02","guid":{"rendered":"https:\/\/baldumarket.lt\/?post_type=product&#038;p=220957"},"modified":"2026-02-03T23:12:25","modified_gmt":"2026-02-03T20:12:25","slug":"lozka-tapicerowane-trivio-standard-180x200-cm","status":"publish","type":"product","link":"https:\/\/baldumarket.lt\/lt\/product\/lozka-tapicerowane-trivio-standard-180x200-cm\/","title":{"rendered":"\u201eTrivio\u201c mink\u0161tos lovos, standartin\u0117s, 180\u00d7200 cm"},"content":{"rendered":"<p>Didel\u0117 ir patogi standartin\u0117 \u201cTrivio\u201d mink\u0161ta lova, kurios miegamojo plotas yra 180 x 200 cm, pasi\u017eymi \u201e\u0161velnia forma\u201c, kuri\u0105 i\u0161rei\u0161kia ramios ir originalios galv\u016bgalio ir \u0161on\u0173 si\u016bl\u0117s. D\u0117l eleganti\u0161ko charakterio lova geriausiai atrodys su tamsesniais apmu\u0161alais. Baldus galite suasmeninti pasirinkdami medini\u0173 kojeli\u0173 tip\u0105 ir spalv\u0105, audinio tip\u0105 ir ra\u0161t\u0105, taip pat prid\u0117dami patalyn\u0117s d\u0117\u017e\u0119 ir \u010diu\u017einio pagrind\u0105. Papildomas pirkimo galimybes bei audini\u0173 ir spalv\u0173 pavyzd\u017eius galite rasti produkt\u0173 k\u016br\u0117jo svetain\u0117je. Lova pristatoma i\u0161ardyta su ai\u0161kiomis instrukcijomis.<\/p>","protected":false},"excerpt":{"rendered":"<p>Didel\u0117 ir patogi standartin\u0117 \u201cTrivio\u201d mink\u0161ta lova, kurios miegamojo plotas yra 180 x 200 cm, pasi\u017eymi \u201e\u0161velnia forma\u201c, kuri\u0105 i\u0161rei\u0161kia ramios ir originalios galv\u016bgalio ir \u0161on\u0173 si\u016bl\u0117s. D\u0117l eleganti\u0161ko charakterio lova geriausiai atrodys su tamsesniais apmu\u0161alais. Baldus galite suasmeninti [\u2026]<\/p>","protected":false},"featured_media":220977,"comment_status":"open","ping_status":"closed","template":"","meta":[],"product_brand":[],"product_cat":[505,1972,7906],"product_tag":[],"class_list":{"0":"post-220957","1":"product","2":"type-product","3":"status-publish","4":"has-post-thumbnail","6":"product_cat-bedroom-beds","7":"product_cat-beds-180x200","8":"product_cat-comforteo","10":"first","11":"instock","12":"shipping-taxable","13":"product-type-grouped"},"_links":{"self":[{"href":"https:\/\/baldumarket.lt\/lt\/wp-json\/wp\/v2\/product\/220957","targetHints":{"allow":["GET"]}}],"collection":[{"href":"https:\/\/baldumarket.lt\/lt\/wp-json\/wp\/v2\/product"}],"about":[{"href":"https:\/\/baldumarket.lt\/lt\/wp-json\/wp\/v2\/types\/product"}],"replies":[{"embeddable":true,"href":"https:\/\/baldumarket.lt\/lt\/wp-json\/wp\/v2\/comments?post=220957"}],"wp:featuredmedia":[{"embeddable":true,"href":"https:\/\/baldumarket.lt\/lt\/wp-json\/wp\/v2\/media\/220977"}],"wp:attachment":[{"href":"https:\/\/baldumarket.lt\/lt\/wp-json\/wp\/v2\/media?parent=220957"}],"wp:term":[{"taxonomy":"product_brand","embeddable":true,"href":"https:\/\/baldumarket.lt\/lt\/wp-json\/wp\/v2\/product_brand?post=220957"},{"taxonomy":"product_cat","embeddable":true,"href":"https:\/\/baldumarket.lt\/lt\/wp-json\/wp\/v2\/product_cat?post=220957"},{"taxonomy":"product_tag","embeddable":true,"href":"https:\/\/baldumarket.lt\/lt\/wp-json\/wp\/v2\/product_tag?post=220957"}],"curies":[{"name":"wp","href":"https:\/\/api.w.org\/{rel}","templated":true}]}}