{"id":22093,"date":"2025-11-14T14:03:18","date_gmt":"2025-11-14T11:03:18","guid":{"rendered":"https:\/\/baldumarket.lt\/product\/materac-piankowy-lino-120x200-hipoalergiczny-pokrowiec\/"},"modified":"2026-03-24T18:22:47","modified_gmt":"2026-03-24T15:22:47","slug":"materac-piankowy-lino-120x200-hipoalergiczny-pokrowiec","status":"publish","type":"product","link":"https:\/\/baldumarket.lt\/lt\/product\/materac-piankowy-lino-120x200-hipoalergiczny-pokrowiec\/","title":{"rendered":"Linoleumo put\u0173 \u010diu\u017einys 120\u00d7200 hipoalerginis u\u017evalkalas"},"content":{"rendered":"<p>Tre\u010ddal\u012f savo gyvenimo praleid\u017eiame lovoje, tod\u0117l \u017einome, kaip svarbu pasirinkti tobul\u0105 \u010diu\u017ein\u012f pagal savo poreikius. \u201eLino\u201c put\u0173 \u010diu\u017einys yra puikus pasirinkimas put\u0173 \u010diu\u017eini\u0173 entuziastams. Storo T2542 putplas\u010dio naudojimas su nuimamu u\u017evalkalu yra gero nakties miego receptas.<\/p>","protected":false},"excerpt":{"rendered":"<p>Tre\u010ddal\u012f savo gyvenimo praleid\u017eiame lovoje, tod\u0117l \u017einome, kaip svarbu pasirinkti tobul\u0105 \u010diu\u017ein\u012f pagal savo poreikius. \u201eLino\u201c put\u0173 \u010diu\u017einys yra puikus pasirinkimas put\u0173 \u010diu\u017eini\u0173 entuziastams. Storo T2542 putplas\u010dio naudojimas su nuimamu u\u017evalkalu yra gero nakties miego receptas.<\/p>","protected":false},"featured_media":22077,"comment_status":"open","ping_status":"open","template":"","meta":[],"product_brand":[],"product_cat":[2012,1099,1976],"product_tag":[],"class_list":{"0":"post-22093","1":"product","2":"type-product","3":"status-publish","4":"has-post-thumbnail","6":"product_cat-eltap","7":"product_cat-mattresses","8":"product_cat-mattresses-120x200","10":"first","11":"instock","12":"purchasable","13":"product-type-simple"},"_links":{"self":[{"href":"https:\/\/baldumarket.lt\/lt\/wp-json\/wp\/v2\/product\/22093","targetHints":{"allow":["GET"]}}],"collection":[{"href":"https:\/\/baldumarket.lt\/lt\/wp-json\/wp\/v2\/product"}],"about":[{"href":"https:\/\/baldumarket.lt\/lt\/wp-json\/wp\/v2\/types\/product"}],"replies":[{"embeddable":true,"href":"https:\/\/baldumarket.lt\/lt\/wp-json\/wp\/v2\/comments?post=22093"}],"wp:featuredmedia":[{"embeddable":true,"href":"https:\/\/baldumarket.lt\/lt\/wp-json\/wp\/v2\/media\/22077"}],"wp:attachment":[{"href":"https:\/\/baldumarket.lt\/lt\/wp-json\/wp\/v2\/media?parent=22093"}],"wp:term":[{"taxonomy":"product_brand","embeddable":true,"href":"https:\/\/baldumarket.lt\/lt\/wp-json\/wp\/v2\/product_brand?post=22093"},{"taxonomy":"product_cat","embeddable":true,"href":"https:\/\/baldumarket.lt\/lt\/wp-json\/wp\/v2\/product_cat?post=22093"},{"taxonomy":"product_tag","embeddable":true,"href":"https:\/\/baldumarket.lt\/lt\/wp-json\/wp\/v2\/product_tag?post=22093"}],"curies":[{"name":"wp","href":"https:\/\/api.w.org\/{rel}","templated":true}]}}