{"id":220924,"date":"2025-12-27T22:28:10","date_gmt":"2025-12-27T19:28:10","guid":{"rendered":"https:\/\/baldumarket.lt\/?post_type=product&#038;p=220924"},"modified":"2026-02-03T23:12:26","modified_gmt":"2026-02-03T20:12:26","slug":"lozka-tapicerowane-vanessa-standard-140x200-cm-gr1","status":"publish","type":"product","link":"https:\/\/baldumarket.lt\/lt\/product\/lozka-tapicerowane-vanessa-standard-140x200-cm-gr1\/","title":{"rendered":"Mink\u0161tos lovos Vanessa standartin\u0117s 140&#215;200 cm Gr1"},"content":{"rendered":"<p>Eleganti\u0161kas \u201eVanessa by Comforteo\u201c lovos galv\u016bgalis, kurio miegamojo plotas yra 140 \u00d7 200 cm, yra dekoruotas vertikaliomis si\u016bl\u0117mis, suteikian\u010diomis baldui ir kambariui, kuriame jis yra, i\u0161skirtinio charakterio. Subtilus \u0161onini\u0173 si\u016bli\u0173 i\u0161d\u0117stymas kontrastuoja su i\u0161skirtiniu, auk\u0161tu galv\u016bgaliu. Gana universalus \u0161io baldo dizainas leid\u017eia j\u012f papildyti beveik bet kok\u012f interjero stili\u0173. Komplekt\u0105 galima i\u0161pl\u0117sti papildomais gaminio k\u016br\u0117jo elementais, tokiais kaip \u010diu\u017einio pagrindas, \u010diu\u017einio pagrindas su dujin\u0117mis spyruokl\u0117mis ir patalyn\u0117s skyrius. Bald\u0105 galima \u012fsigyti su \u012fvairiais apmu\u0161al\u0173 audiniais. Taip pat galimos medin\u0117s kojel\u0117s ir j\u0173 spalv\u0173 variantai.<\/p>","protected":false},"excerpt":{"rendered":"<p>Plotis: 158 cm<br \/>\nIlgis: 223 cm<br \/>\n\u016agis: 106 cm<br \/>\nMiegamasis plotas: 140 \u00d7 200 cm<br \/>\n\u0160oninis auk\u0161tis: 34 cm<\/p>","protected":false},"featured_media":220966,"comment_status":"open","ping_status":"closed","template":"","meta":[],"product_brand":[],"product_cat":[9133],"product_tag":[],"class_list":{"0":"post-220924","1":"product","2":"type-product","3":"status-publish","4":"has-post-thumbnail","6":"product_cat-grouped","8":"first","9":"instock","10":"shipping-taxable","11":"purchasable","12":"product-type-variable","13":"wvs-archive-product-wrapper"},"_links":{"self":[{"href":"https:\/\/baldumarket.lt\/lt\/wp-json\/wp\/v2\/product\/220924","targetHints":{"allow":["GET"]}}],"collection":[{"href":"https:\/\/baldumarket.lt\/lt\/wp-json\/wp\/v2\/product"}],"about":[{"href":"https:\/\/baldumarket.lt\/lt\/wp-json\/wp\/v2\/types\/product"}],"replies":[{"embeddable":true,"href":"https:\/\/baldumarket.lt\/lt\/wp-json\/wp\/v2\/comments?post=220924"}],"wp:featuredmedia":[{"embeddable":true,"href":"https:\/\/baldumarket.lt\/lt\/wp-json\/wp\/v2\/media\/220966"}],"wp:attachment":[{"href":"https:\/\/baldumarket.lt\/lt\/wp-json\/wp\/v2\/media?parent=220924"}],"wp:term":[{"taxonomy":"product_brand","embeddable":true,"href":"https:\/\/baldumarket.lt\/lt\/wp-json\/wp\/v2\/product_brand?post=220924"},{"taxonomy":"product_cat","embeddable":true,"href":"https:\/\/baldumarket.lt\/lt\/wp-json\/wp\/v2\/product_cat?post=220924"},{"taxonomy":"product_tag","embeddable":true,"href":"https:\/\/baldumarket.lt\/lt\/wp-json\/wp\/v2\/product_tag?post=220924"}],"curies":[{"name":"wp","href":"https:\/\/api.w.org\/{rel}","templated":true}]}}