{"id":220919,"date":"2025-12-27T22:27:36","date_gmt":"2025-12-27T19:27:36","guid":{"rendered":"https:\/\/baldumarket.lt\/?post_type=product&#038;p=220919"},"modified":"2026-02-03T23:12:26","modified_gmt":"2026-02-03T20:12:26","slug":"lozka-tapicerowane-vanessa-standard-160x200-cm-gr4","status":"publish","type":"product","link":"https:\/\/baldumarket.lt\/lt\/product\/lozka-tapicerowane-vanessa-standard-160x200-cm-gr4\/","title":{"rendered":"Mink\u0161tos lovos Vanessa standartin\u0117s 160&#215;200 cm Gr4"},"content":{"rendered":"<p>Apmu\u0161ta \u201eVanessa by Comforteo\u201c lova, kurios miegamojo plotas yra 140 \u00d7 200 cm, pasi\u017eymi vertikaliomis si\u016bl\u0117mis dekoruotu galv\u016bgaliu, suteikian\u010diu baldui ir kambariui, kuriame ji yra, i\u0161skirtin\u012f charakter\u012f. Subtil\u016bs si\u016bl\u0117s \u0161onuose ir koj\u016bgalyje atkartoja apmu\u0161t\u0105 galv\u016bgal\u012f. Gana universalus \u0161io baldo dizainas leid\u017eia j\u012f papildyti beveik bet kok\u012f interjero stili\u0173. Komplekt\u0105 galima i\u0161pl\u0117sti papildomais gaminio k\u016br\u0117jo elementais, tokiais kaip \u010diu\u017einio pagrindas, \u010diu\u017einio pagrindas su dujin\u0117mis spyruokl\u0117mis ir patalyn\u0117s skyrius. Baldas si\u016blomas su \u012fvairiais apmu\u0161al\u0173 audiniais ir reikalauja minimalaus surinkimo. Galima rinktis medines kojeles ir j\u0173 spalvas.<\/p>","protected":false},"excerpt":{"rendered":"<p>Plotis: 178 cm<br \/>\nIlgis: 223 cm<br \/>\n\u016agis: 106 cm<br \/>\nMiegamoji erdv\u0117: 160 \u00d7 200 cm<br \/>\n\u0160oninis auk\u0161tis: 34 cm<\/p>","protected":false},"featured_media":220942,"comment_status":"open","ping_status":"closed","template":"","meta":[],"product_brand":[],"product_cat":[9133],"product_tag":[],"class_list":{"0":"post-220919","1":"product","2":"type-product","3":"status-publish","4":"has-post-thumbnail","6":"product_cat-grouped","8":"first","9":"instock","10":"shipping-taxable","11":"purchasable","12":"product-type-variable","13":"wvs-archive-product-wrapper"},"_links":{"self":[{"href":"https:\/\/baldumarket.lt\/lt\/wp-json\/wp\/v2\/product\/220919","targetHints":{"allow":["GET"]}}],"collection":[{"href":"https:\/\/baldumarket.lt\/lt\/wp-json\/wp\/v2\/product"}],"about":[{"href":"https:\/\/baldumarket.lt\/lt\/wp-json\/wp\/v2\/types\/product"}],"replies":[{"embeddable":true,"href":"https:\/\/baldumarket.lt\/lt\/wp-json\/wp\/v2\/comments?post=220919"}],"wp:featuredmedia":[{"embeddable":true,"href":"https:\/\/baldumarket.lt\/lt\/wp-json\/wp\/v2\/media\/220942"}],"wp:attachment":[{"href":"https:\/\/baldumarket.lt\/lt\/wp-json\/wp\/v2\/media?parent=220919"}],"wp:term":[{"taxonomy":"product_brand","embeddable":true,"href":"https:\/\/baldumarket.lt\/lt\/wp-json\/wp\/v2\/product_brand?post=220919"},{"taxonomy":"product_cat","embeddable":true,"href":"https:\/\/baldumarket.lt\/lt\/wp-json\/wp\/v2\/product_cat?post=220919"},{"taxonomy":"product_tag","embeddable":true,"href":"https:\/\/baldumarket.lt\/lt\/wp-json\/wp\/v2\/product_tag?post=220919"}],"curies":[{"name":"wp","href":"https:\/\/api.w.org\/{rel}","templated":true}]}}