{"id":220903,"date":"2025-12-27T22:26:53","date_gmt":"2025-12-27T19:26:53","guid":{"rendered":"https:\/\/baldumarket.lt\/?post_type=product&#038;p=220903"},"modified":"2026-02-03T23:12:27","modified_gmt":"2026-02-03T20:12:27","slug":"lozka-tapicerowane-vanessa-standard-180x200-cm-gr5","status":"publish","type":"product","link":"https:\/\/baldumarket.lt\/lt\/product\/lozka-tapicerowane-vanessa-standard-180x200-cm-gr5\/","title":{"rendered":"Mink\u0161tos lovos Vanessa standartin\u0117s 180&#215;200 cm Gr5"},"content":{"rendered":"<p>Apmu\u0161ta \u201eVanessa by Comforteo\u201c lova, kurios miegamojo plotas yra 180 \u00d7 200 cm, pasi\u017eymi vertikaliomis si\u016bl\u0117mis dekoruotu galv\u016bgaliu, suteikian\u010diu baldui ir kambariui, kuriame ji yra, i\u0161skirtin\u012f ir savit\u0105 charakter\u012f. Subtil\u016bs si\u016bl\u0117s \u0161onuose ir koj\u016bgalyje atkartoja apmu\u0161t\u0105 galv\u016bgal\u012f. Baldas pasi\u017eymi labai eleganti\u0161ku ir gana universaliu dizainu, tod\u0117l j\u012f galima papildyti beveik bet kokiu interjero stiliumi. Komplekt\u0105 galima i\u0161pl\u0117sti papildomais gaminio k\u016br\u0117jo elementais, tokiais kaip \u010diu\u017einio pagrindas, \u010diu\u017einio pagrindas su dujin\u0117mis spyruokl\u0117mis ir patalyn\u0117s skyrius. Baldas si\u016blomas su \u012fvairiais apmu\u0161al\u0173 audiniais ir reikalauja minimalaus surinkimo. Taip pat galimos medin\u0117s kojel\u0117s ir j\u0173 spalvos.<\/p>","protected":false},"excerpt":{"rendered":"<p>Plotis: 198 cm<br \/>\nIlgis: 223 cm<br \/>\n\u016agis: 106 cm<br \/>\nMiegamoji erdv\u0117: 180 \u00d7 200 cm<br \/>\n\u0160oninis auk\u0161tis: 34 cm<\/p>","protected":false},"featured_media":220932,"comment_status":"open","ping_status":"closed","template":"","meta":[],"product_brand":[],"product_cat":[9133],"product_tag":[],"class_list":{"0":"post-220903","1":"product","2":"type-product","3":"status-publish","4":"has-post-thumbnail","6":"product_cat-grouped","8":"first","9":"instock","10":"shipping-taxable","11":"purchasable","12":"product-type-variable","13":"wvs-archive-product-wrapper"},"_links":{"self":[{"href":"https:\/\/baldumarket.lt\/lt\/wp-json\/wp\/v2\/product\/220903","targetHints":{"allow":["GET"]}}],"collection":[{"href":"https:\/\/baldumarket.lt\/lt\/wp-json\/wp\/v2\/product"}],"about":[{"href":"https:\/\/baldumarket.lt\/lt\/wp-json\/wp\/v2\/types\/product"}],"replies":[{"embeddable":true,"href":"https:\/\/baldumarket.lt\/lt\/wp-json\/wp\/v2\/comments?post=220903"}],"wp:featuredmedia":[{"embeddable":true,"href":"https:\/\/baldumarket.lt\/lt\/wp-json\/wp\/v2\/media\/220932"}],"wp:attachment":[{"href":"https:\/\/baldumarket.lt\/lt\/wp-json\/wp\/v2\/media?parent=220903"}],"wp:term":[{"taxonomy":"product_brand","embeddable":true,"href":"https:\/\/baldumarket.lt\/lt\/wp-json\/wp\/v2\/product_brand?post=220903"},{"taxonomy":"product_cat","embeddable":true,"href":"https:\/\/baldumarket.lt\/lt\/wp-json\/wp\/v2\/product_cat?post=220903"},{"taxonomy":"product_tag","embeddable":true,"href":"https:\/\/baldumarket.lt\/lt\/wp-json\/wp\/v2\/product_tag?post=220903"}],"curies":[{"name":"wp","href":"https:\/\/api.w.org\/{rel}","templated":true}]}}