{"id":220887,"date":"2025-12-27T22:26:20","date_gmt":"2025-12-27T19:26:20","guid":{"rendered":"https:\/\/baldumarket.lt\/?post_type=product&#038;p=220887"},"modified":"2026-02-03T23:12:28","modified_gmt":"2026-02-03T20:12:28","slug":"lozka-tapicerowane-winter-140x200-cm","status":"publish","type":"product","link":"https:\/\/baldumarket.lt\/lt\/product\/lozka-tapicerowane-winter-140x200-cm\/","title":{"rendered":"Mink\u0161tos lovos \u201eWinter\u201c 140&#215;200 cm"},"content":{"rendered":"<p>\u017diemos lova, kurios miegamojo plotas yra 140 \u00d7 200 cm, pabr\u0117\u017eia savo industrin\u012f charakter\u012f metalin\u0117mis b\u0117gel\u0117mis kaip kojel\u0117mis. Auk\u0161tas, mink\u0161tas galv\u016bgalis, kontrastuojantis su v\u0117siu metalu, papuo\u0161tas presti\u017einiu juodu apvadu. \u0160is baldas puikiai der\u0117s prie beveik bet kokio \u0161iuolaikinio interjero stiliaus. Komplekte n\u0117ra \u010diu\u017einio, patalyn\u0117s laikymo vietos ar pak\u0117limo stovo su r\u0117mu. Papildomus priedus, tokius kaip audinio pavyzdys, galite \u012fsigyti \u201eProduct Creator\u201c svetain\u0117je. Baldui surinkti reikia minimalaus surinkimo, o mink\u0161to galv\u016bgalio kra\u0161tai visada b\u016bna juodi apvadai.<\/p>","protected":false},"excerpt":{"rendered":"<p>The Winter bed, with a sleeping area of \u200b\u200b140&#215;200 cm, emphasizes its industrial character with metal runners as legs. The tall, soft headboard, contrasting with the cool metal, is adorned with prestigious black piping. This piece of furniture will fit seamlessly into almost any contemporary interior design style. The set does not include a mattress, [&hellip;]<\/p>","protected":false},"featured_media":220907,"comment_status":"open","ping_status":"closed","template":"","meta":[],"product_brand":[],"product_cat":[505,1970,7906],"product_tag":[],"class_list":{"0":"post-220887","1":"product","2":"type-product","3":"status-publish","4":"has-post-thumbnail","6":"product_cat-bedroom-beds","7":"product_cat-beds-140x200","8":"product_cat-comforteo","10":"first","11":"instock","12":"shipping-taxable","13":"product-type-grouped"},"_links":{"self":[{"href":"https:\/\/baldumarket.lt\/lt\/wp-json\/wp\/v2\/product\/220887","targetHints":{"allow":["GET"]}}],"collection":[{"href":"https:\/\/baldumarket.lt\/lt\/wp-json\/wp\/v2\/product"}],"about":[{"href":"https:\/\/baldumarket.lt\/lt\/wp-json\/wp\/v2\/types\/product"}],"replies":[{"embeddable":true,"href":"https:\/\/baldumarket.lt\/lt\/wp-json\/wp\/v2\/comments?post=220887"}],"wp:featuredmedia":[{"embeddable":true,"href":"https:\/\/baldumarket.lt\/lt\/wp-json\/wp\/v2\/media\/220907"}],"wp:attachment":[{"href":"https:\/\/baldumarket.lt\/lt\/wp-json\/wp\/v2\/media?parent=220887"}],"wp:term":[{"taxonomy":"product_brand","embeddable":true,"href":"https:\/\/baldumarket.lt\/lt\/wp-json\/wp\/v2\/product_brand?post=220887"},{"taxonomy":"product_cat","embeddable":true,"href":"https:\/\/baldumarket.lt\/lt\/wp-json\/wp\/v2\/product_cat?post=220887"},{"taxonomy":"product_tag","embeddable":true,"href":"https:\/\/baldumarket.lt\/lt\/wp-json\/wp\/v2\/product_tag?post=220887"}],"curies":[{"name":"wp","href":"https:\/\/api.w.org\/{rel}","templated":true}]}}