{"id":220851,"date":"2025-12-27T22:24:26","date_gmt":"2025-12-27T19:24:26","guid":{"rendered":"https:\/\/baldumarket.lt\/?post_type=product&#038;p=220851"},"modified":"2026-02-03T23:12:30","modified_gmt":"2026-02-03T20:12:30","slug":"lozka-tapicerowane-winter-180x200-cm","status":"publish","type":"product","link":"https:\/\/baldumarket.lt\/lt\/product\/lozka-tapicerowane-winter-180x200-cm\/","title":{"rendered":"Mink\u0161tos lovos \u201eWinter\u201c 180&#215;200 cm"},"content":{"rendered":"<p>Didel\u0117 ir patogi moderni \u017eiemos lova, kurios miegamoji dalis yra 180 \u00d7 200 cm, pabr\u0117\u017eia savo industrin\u012f charakter\u012f dailiomis metalin\u0117mis takeli\u0173 kojel\u0117mis. Auk\u0161tas, mink\u0161tas galv\u016bgalis, kontrastuojantis su v\u0117siu metaliniu takelio atspalviu, papuo\u0161tas presti\u017einiu juodu apvadu palei kra\u0161tus. Auk\u0161tas galv\u016bgalis taip pat suteikia puiki\u0105 nugaros atram\u0105 skaitant knyg\u0105 ar \u017ei\u016brint m\u0117gstam\u0105 serial\u0105. \u0160is baldas puikiai der\u0117s prie beveik bet kokio \u0161iuolaikinio interjero stiliaus. Komplekte n\u0117ra \u010diu\u017einio, patalyn\u0117s laikymo vietos ar pak\u0117limo stovo su r\u0117mu. Papildomi priedai, taip pat audini\u0173 pavyzd\u017eiai, yra \u012ftraukti \u012f gaminio k\u016br\u0117jo rinkin\u012f. Baldams reikia minimalaus surinkimo ir jie gali b\u016bti pagaminti i\u0161 \u012fvairi\u0173 apmu\u0161al\u0173.<\/p>","protected":false},"excerpt":{"rendered":"<p>The large and comfortable modern Winter Bed, with a sleeping area of \u200b\u200b180&#215;200 cm, emphasizes its industrial character with beautiful metal runners as legs. The tall, soft headboard, contrasting with the cool metal of the runner, is adorned with prestigious black piping running along its edges. The high headboard also provides excellent back support while [&hellip;]<\/p>","protected":false},"featured_media":220868,"comment_status":"open","ping_status":"closed","template":"","meta":[],"product_brand":[],"product_cat":[505,1972,7906],"product_tag":[],"class_list":{"0":"post-220851","1":"product","2":"type-product","3":"status-publish","4":"has-post-thumbnail","6":"product_cat-bedroom-beds","7":"product_cat-beds-180x200","8":"product_cat-comforteo","10":"first","11":"instock","12":"shipping-taxable","13":"product-type-grouped"},"_links":{"self":[{"href":"https:\/\/baldumarket.lt\/lt\/wp-json\/wp\/v2\/product\/220851","targetHints":{"allow":["GET"]}}],"collection":[{"href":"https:\/\/baldumarket.lt\/lt\/wp-json\/wp\/v2\/product"}],"about":[{"href":"https:\/\/baldumarket.lt\/lt\/wp-json\/wp\/v2\/types\/product"}],"replies":[{"embeddable":true,"href":"https:\/\/baldumarket.lt\/lt\/wp-json\/wp\/v2\/comments?post=220851"}],"wp:featuredmedia":[{"embeddable":true,"href":"https:\/\/baldumarket.lt\/lt\/wp-json\/wp\/v2\/media\/220868"}],"wp:attachment":[{"href":"https:\/\/baldumarket.lt\/lt\/wp-json\/wp\/v2\/media?parent=220851"}],"wp:term":[{"taxonomy":"product_brand","embeddable":true,"href":"https:\/\/baldumarket.lt\/lt\/wp-json\/wp\/v2\/product_brand?post=220851"},{"taxonomy":"product_cat","embeddable":true,"href":"https:\/\/baldumarket.lt\/lt\/wp-json\/wp\/v2\/product_cat?post=220851"},{"taxonomy":"product_tag","embeddable":true,"href":"https:\/\/baldumarket.lt\/lt\/wp-json\/wp\/v2\/product_tag?post=220851"}],"curies":[{"name":"wp","href":"https:\/\/api.w.org\/{rel}","templated":true}]}}