{"id":220820,"date":"2025-12-27T22:22:16","date_gmt":"2025-12-27T19:22:16","guid":{"rendered":"https:\/\/baldumarket.lt\/?post_type=product&#038;p=220820"},"modified":"2026-02-03T23:12:31","modified_gmt":"2026-02-03T20:12:31","slug":"lozko-kontynentalne-alexander-160x200-cm-tapicerowane-materac-multipocketowy-i-pocketowy-gr3","status":"publish","type":"product","link":"https:\/\/baldumarket.lt\/lt\/product\/lozko-kontynentalne-alexander-160x200-cm-tapicerowane-materac-multipocketowy-i-pocketowy-gr3\/","title":{"rendered":"Aleksandro kontinentin\u0117 lova, 160\u00d7200 cm, apmu\u0161ta, su daugiaki\u0161en\u0117mis ir ki\u0161en\u0117mis Gr3 \u010diu\u017einys"},"content":{"rendered":"<p>\u201eAlexander\u201c lova, kurios miegamasis plotas yra 160 \u00d7 200 cm, yra viena patogiausi\u0173 savo klas\u0117je. Komfort\u0105 u\u017etikrina du vienas vir\u0161 kito sud\u0117ti \u010diu\u017einiai \u2013 daugiaki\u0161enis, septyni\u0173 zon\u0173 vir\u0161utinis \u010diu\u017einys ir ki\u0161eninis apatinis \u010diu\u017einys. Ventiliacin\u0117 juosta u\u017etikrina tinkam\u0105 \u010diu\u017einio v\u0117dinim\u0105, taip sustiprindama jo antialergines savybes. \u010ciu\u017einio u\u017evalkalo \u0161onai pagaminti i\u0161 to paties apmu\u0161al\u0173 audinio kaip ir lovos r\u0117mas, o tai labai svarbu baldo estetikai. Baldas traukia d\u0117mes\u012f gausiai dekoruotomis si\u016bl\u0117mis ir dygsniais ant galv\u016bgalio bei gra\u017eiomis metalin\u0117mis kojel\u0117mis. Lova gali b\u016bti su \u201eFresh\u201c audiniais. Apmu\u0161al\u0173 pavyzd\u017ei\u0173 galite rasti \u201eProduct Creator\u201c svetain\u0117je.<\/p>","protected":false},"excerpt":{"rendered":"<p>Plotis: 170 cm<br \/>\nIlgis: 210 cm<br \/>\n\u016agis: 135 cm<br \/>\nMiegamoji erdv\u0117: 160 \u00d7 200 cm<br \/>\nPatalyn\u0117: Ne<\/p>","protected":false},"featured_media":220860,"comment_status":"open","ping_status":"closed","template":"","meta":[],"product_brand":[],"product_cat":[9133],"product_tag":[],"class_list":{"0":"post-220820","1":"product","2":"type-product","3":"status-publish","4":"has-post-thumbnail","6":"product_cat-grouped","8":"first","9":"instock","10":"shipping-taxable","11":"purchasable","12":"product-type-variable","13":"wvs-archive-product-wrapper"},"_links":{"self":[{"href":"https:\/\/baldumarket.lt\/lt\/wp-json\/wp\/v2\/product\/220820","targetHints":{"allow":["GET"]}}],"collection":[{"href":"https:\/\/baldumarket.lt\/lt\/wp-json\/wp\/v2\/product"}],"about":[{"href":"https:\/\/baldumarket.lt\/lt\/wp-json\/wp\/v2\/types\/product"}],"replies":[{"embeddable":true,"href":"https:\/\/baldumarket.lt\/lt\/wp-json\/wp\/v2\/comments?post=220820"}],"wp:featuredmedia":[{"embeddable":true,"href":"https:\/\/baldumarket.lt\/lt\/wp-json\/wp\/v2\/media\/220860"}],"wp:attachment":[{"href":"https:\/\/baldumarket.lt\/lt\/wp-json\/wp\/v2\/media?parent=220820"}],"wp:term":[{"taxonomy":"product_brand","embeddable":true,"href":"https:\/\/baldumarket.lt\/lt\/wp-json\/wp\/v2\/product_brand?post=220820"},{"taxonomy":"product_cat","embeddable":true,"href":"https:\/\/baldumarket.lt\/lt\/wp-json\/wp\/v2\/product_cat?post=220820"},{"taxonomy":"product_tag","embeddable":true,"href":"https:\/\/baldumarket.lt\/lt\/wp-json\/wp\/v2\/product_tag?post=220820"}],"curies":[{"name":"wp","href":"https:\/\/api.w.org\/{rel}","templated":true}]}}