{"id":220815,"date":"2025-12-27T22:22:09","date_gmt":"2025-12-27T19:22:09","guid":{"rendered":"https:\/\/baldumarket.lt\/?post_type=product&#038;p=220815"},"modified":"2026-02-03T23:12:31","modified_gmt":"2026-02-03T20:12:31","slug":"lozko-kontynentalne-alexander-180x200-cm-tapicerowane-materac-multipocketowy-i-pocketowy","status":"publish","type":"product","link":"https:\/\/baldumarket.lt\/lt\/product\/lozko-kontynentalne-alexander-180x200-cm-tapicerowane-materac-multipocketowy-i-pocketowy\/","title":{"rendered":"Aleksandro kontinentin\u0117 lova, 180&#215;200 cm, apmu\u0161ta, su daugiaki\u0161en\u0117mis ir ki\u0161eniniu \u010diu\u017einiu"},"content":{"rendered":"<p>Kontinentin\u0117 lova \u201eAlexander\u201c, kurios miegamoji erdv\u0117 yra 180 x 200 cm, neabejotinai yra pasi\u016blymas tiems, kurie siekia auk\u0161to komforto lygio. Komfort\u0105 u\u017etikrina du vienas ant kito sud\u0117ti \u010diu\u017einiai: daugiasluoksnis, septyni\u0173 zon\u0173 vir\u0161utinis \u010diu\u017einys ir ki\u0161eninis apatinis \u010diu\u017einys. Ventiliacin\u0117 juosta v\u0117dina \u010diu\u017ein\u012f, taip sustiprindama jo antialergines savybes. \u010ciu\u017einio u\u017evalkalo \u0161onai pagaminti i\u0161 to paties audinio kaip ir lovos apmu\u0161alai, o tai labai svarbu baldo estetikai. Baldas patraukia d\u0117mes\u012f gausiai dekoruotais si\u016blais ir dygsniuotu galv\u016bgaliu bei gra\u017eiomis metalin\u0117mis kojel\u0117mis. Lova gali b\u016bti pagaminta i\u0161 \u201eFresh\u201c audini\u0173. Apdailos med\u017eiag\u0173 pavyzdys pateiktas gaminio k\u016br\u0117jo puslapyje. Baldas neturi patalyn\u0117s laikymo skyriaus.<\/p>","protected":false},"excerpt":{"rendered":"<p>The Alexander continental bed, with a sleeping area of \u200b\u200b180 x 200 cm, is undoubtedly a proposal for those seeking a high standard of comfort. Comfort is ensured by two mattresses, stacked one above the other: a multi-pocket, seven-zone upper mattress and a pocket lower mattress. A ventilation tape aerates the mattress, thus supporting its [&hellip;]<\/p>","protected":false},"featured_media":220834,"comment_status":"open","ping_status":"closed","template":"","meta":[],"product_brand":[],"product_cat":[505,1972,7906,514],"product_tag":[],"class_list":{"0":"post-220815","1":"product","2":"type-product","3":"status-publish","4":"has-post-thumbnail","6":"product_cat-bedroom-beds","7":"product_cat-beds-180x200","8":"product_cat-comforteo","9":"product_cat-continental-beds","11":"first","12":"instock","13":"shipping-taxable","14":"product-type-grouped"},"_links":{"self":[{"href":"https:\/\/baldumarket.lt\/lt\/wp-json\/wp\/v2\/product\/220815","targetHints":{"allow":["GET"]}}],"collection":[{"href":"https:\/\/baldumarket.lt\/lt\/wp-json\/wp\/v2\/product"}],"about":[{"href":"https:\/\/baldumarket.lt\/lt\/wp-json\/wp\/v2\/types\/product"}],"replies":[{"embeddable":true,"href":"https:\/\/baldumarket.lt\/lt\/wp-json\/wp\/v2\/comments?post=220815"}],"wp:featuredmedia":[{"embeddable":true,"href":"https:\/\/baldumarket.lt\/lt\/wp-json\/wp\/v2\/media\/220834"}],"wp:attachment":[{"href":"https:\/\/baldumarket.lt\/lt\/wp-json\/wp\/v2\/media?parent=220815"}],"wp:term":[{"taxonomy":"product_brand","embeddable":true,"href":"https:\/\/baldumarket.lt\/lt\/wp-json\/wp\/v2\/product_brand?post=220815"},{"taxonomy":"product_cat","embeddable":true,"href":"https:\/\/baldumarket.lt\/lt\/wp-json\/wp\/v2\/product_cat?post=220815"},{"taxonomy":"product_tag","embeddable":true,"href":"https:\/\/baldumarket.lt\/lt\/wp-json\/wp\/v2\/product_tag?post=220815"}],"curies":[{"name":"wp","href":"https:\/\/api.w.org\/{rel}","templated":true}]}}