{"id":220777,"date":"2025-12-27T22:19:30","date_gmt":"2025-12-27T19:19:30","guid":{"rendered":"https:\/\/baldumarket.lt\/?post_type=product&#038;p=220777"},"modified":"2026-02-03T23:12:33","modified_gmt":"2026-02-03T20:12:33","slug":"lozko-kontynentalne-astoria-180x200-cm-tapicerowane-materac-pocketowy-i-bonelowy-gr5","status":"publish","type":"product","link":"https:\/\/baldumarket.lt\/lt\/product\/lozko-kontynentalne-astoria-180x200-cm-tapicerowane-materac-pocketowy-i-bonelowy-gr5\/","title":{"rendered":"\u201eAstoria\u201c kontinentin\u0117 lova, 180 x 200 cm, apmu\u0161ta, su ki\u0161eniniu ir \u201eBonnell\u201c spyruokliniu \u010diu\u017einiu Gr5"},"content":{"rendered":"<p>Eleganti\u0161ka \u201eAstoria\u201c kontinentin\u0117 lova, kurios miegamojo plotas yra 180 \u00d7 200 cm, pasi\u017eymi gausiai dygsniuotu, mink\u0161tu galv\u016bgaliu ir dygsniuotu \u010diu\u017einio u\u017evalkalu. \u0160onai aptraukti apmu\u0161al\u0173 audiniu. Lova pasi\u017eymi daugiasluoksne konstrukcija, u\u017etikrinan\u010dia auk\u0161\u010diausi\u0105 komforto lyg\u012f:<\/p>","protected":false},"excerpt":{"rendered":"<p>Plotis: 192 cm<br \/>\nIlgis: 210 cm<br \/>\nAuk\u0161tis: 130 cm<br \/>\nMiegamoji erdv\u0117: 180 \u00d7 200 cm<br \/>\nMiegojimo auk\u0161tis: 63 cm<\/p>","protected":false},"featured_media":220798,"comment_status":"open","ping_status":"closed","template":"","meta":[],"product_brand":[],"product_cat":[9133],"product_tag":[],"class_list":{"0":"post-220777","1":"product","2":"type-product","3":"status-publish","4":"has-post-thumbnail","6":"product_cat-grouped","8":"first","9":"instock","10":"shipping-taxable","11":"purchasable","12":"product-type-variable","13":"wvs-archive-product-wrapper"},"_links":{"self":[{"href":"https:\/\/baldumarket.lt\/lt\/wp-json\/wp\/v2\/product\/220777","targetHints":{"allow":["GET"]}}],"collection":[{"href":"https:\/\/baldumarket.lt\/lt\/wp-json\/wp\/v2\/product"}],"about":[{"href":"https:\/\/baldumarket.lt\/lt\/wp-json\/wp\/v2\/types\/product"}],"replies":[{"embeddable":true,"href":"https:\/\/baldumarket.lt\/lt\/wp-json\/wp\/v2\/comments?post=220777"}],"wp:featuredmedia":[{"embeddable":true,"href":"https:\/\/baldumarket.lt\/lt\/wp-json\/wp\/v2\/media\/220798"}],"wp:attachment":[{"href":"https:\/\/baldumarket.lt\/lt\/wp-json\/wp\/v2\/media?parent=220777"}],"wp:term":[{"taxonomy":"product_brand","embeddable":true,"href":"https:\/\/baldumarket.lt\/lt\/wp-json\/wp\/v2\/product_brand?post=220777"},{"taxonomy":"product_cat","embeddable":true,"href":"https:\/\/baldumarket.lt\/lt\/wp-json\/wp\/v2\/product_cat?post=220777"},{"taxonomy":"product_tag","embeddable":true,"href":"https:\/\/baldumarket.lt\/lt\/wp-json\/wp\/v2\/product_tag?post=220777"}],"curies":[{"name":"wp","href":"https:\/\/api.w.org\/{rel}","templated":true}]}}