{"id":220748,"date":"2025-12-27T22:18:02","date_gmt":"2025-12-27T19:18:02","guid":{"rendered":"https:\/\/baldumarket.lt\/?post_type=product&#038;p=220748"},"modified":"2026-02-03T23:12:34","modified_gmt":"2026-02-03T20:12:34","slug":"lozko-kontynentalne-imperia-140x200-cm-tapicerowane-materac-pocketowy-topper-gr3","status":"publish","type":"product","link":"https:\/\/baldumarket.lt\/lt\/product\/lozko-kontynentalne-imperia-140x200-cm-tapicerowane-materac-pocketowy-topper-gr3\/","title":{"rendered":"Imperia kontinentin\u0117 lova, 140\u00d7200 cm, apmu\u0161ta, ki\u0161enini\u0173 spyruokli\u0173 \u010diu\u017einys, Gr3 vir\u0161utinis sluoksnis"},"content":{"rendered":"<p>\u201eImperia\u201c kontinentin\u0117 lova, kurios miegamojo plotas yra 140 \u00d7 200 cm, apr\u016bpinta septyni\u0173 zon\u0173 ki\u0161enini\u0173 spyruokli\u0173 \u010diu\u017einiu. Apatin\u0117je lovos dalyje yra spyruoklin\u0117s spyruokl\u0117s. Vir\u0161utin\u0117je dalyje yra dygsniuotas \u201eAreo\u201c u\u017evalkalas. D\u0117l daugiapakop\u0117s konstrukcijos lova u\u017etikrina i\u0161skirtin\u012f komfort\u0105. Lovos galv\u016bgalis ir koj\u016bgalis yra gausiai dygsniuoti. J\u0105 galima \u012fsigyti i\u0161 plataus audini\u0173 asortimento, kur\u012f rasite \u201eProduct Creator\u201c svetain\u0117je.<\/p>","protected":false},"excerpt":{"rendered":"<p>Plotis: 140 cm<br \/>\nIlgis: 212 cm<br \/>\n\u016agis: 118 cm<br \/>\nMiegamasis plotas: 140 \u00d7 200 cm<br \/>\nMiegamosios dalies auk\u0161tis: 60 cm<\/p>","protected":false},"featured_media":220788,"comment_status":"open","ping_status":"closed","template":"","meta":[],"product_brand":[],"product_cat":[9133],"product_tag":[],"class_list":{"0":"post-220748","1":"product","2":"type-product","3":"status-publish","4":"has-post-thumbnail","6":"product_cat-grouped","8":"first","9":"instock","10":"shipping-taxable","11":"purchasable","12":"product-type-variable","13":"wvs-archive-product-wrapper"},"_links":{"self":[{"href":"https:\/\/baldumarket.lt\/lt\/wp-json\/wp\/v2\/product\/220748","targetHints":{"allow":["GET"]}}],"collection":[{"href":"https:\/\/baldumarket.lt\/lt\/wp-json\/wp\/v2\/product"}],"about":[{"href":"https:\/\/baldumarket.lt\/lt\/wp-json\/wp\/v2\/types\/product"}],"replies":[{"embeddable":true,"href":"https:\/\/baldumarket.lt\/lt\/wp-json\/wp\/v2\/comments?post=220748"}],"wp:featuredmedia":[{"embeddable":true,"href":"https:\/\/baldumarket.lt\/lt\/wp-json\/wp\/v2\/media\/220788"}],"wp:attachment":[{"href":"https:\/\/baldumarket.lt\/lt\/wp-json\/wp\/v2\/media?parent=220748"}],"wp:term":[{"taxonomy":"product_brand","embeddable":true,"href":"https:\/\/baldumarket.lt\/lt\/wp-json\/wp\/v2\/product_brand?post=220748"},{"taxonomy":"product_cat","embeddable":true,"href":"https:\/\/baldumarket.lt\/lt\/wp-json\/wp\/v2\/product_cat?post=220748"},{"taxonomy":"product_tag","embeddable":true,"href":"https:\/\/baldumarket.lt\/lt\/wp-json\/wp\/v2\/product_tag?post=220748"}],"curies":[{"name":"wp","href":"https:\/\/api.w.org\/{rel}","templated":true}]}}