{"id":220733,"date":"2025-12-27T22:17:43","date_gmt":"2025-12-27T19:17:43","guid":{"rendered":"https:\/\/baldumarket.lt\/?post_type=product&#038;p=220733"},"modified":"2026-02-03T23:12:35","modified_gmt":"2026-02-03T20:12:35","slug":"lozko-kontynentalne-imperia-160x200-cm-tapicerowane-materac-pocketowy-topper-gr1","status":"publish","type":"product","link":"https:\/\/baldumarket.lt\/lt\/product\/lozko-kontynentalne-imperia-160x200-cm-tapicerowane-materac-pocketowy-topper-gr1\/","title":{"rendered":"Imperia kontinentin\u0117 lova, 160&#215;200 cm, apmu\u0161ta, ki\u0161enini\u0173 spyruokli\u0173 \u010diu\u017einys, Gr1 vir\u0161utinis sluoksnis"},"content":{"rendered":"<p>\u201eImperia\u201c mink\u0161ta kontinentin\u0117 lova, kurios miegamojo plotas yra 160 \u00d7 200 cm, \u017eavi gausiai aptrauktu galv\u016bgaliu ir koj\u016bgaliu. Ji turi 6 cm storio \u010diu\u017ein\u012f ir septyni\u0173 zon\u0173 ki\u0161enini\u0173 spyruokli\u0173 \u010diu\u017ein\u012f. Apatin\u0117je lovos dalyje yra d\u0117\u017e\u0117s su \u201eBonnell\u201c spyruokl\u0117mis. Daugiasluoksn\u0117 konstrukcija u\u017etikrina labai ger\u0105 poilsio lyg\u012f. Lova si\u016bloma su pla\u010diu audini\u0173 pasirinkimu. Audini\u0173 pavyzd\u017eius galite rasti \u201eProduct Creator\u201c svetain\u0117je.<\/p>","protected":false},"excerpt":{"rendered":"<p>Plotis: 160 cm<br \/>\nIlgis: 212 cm<br \/>\n\u016agis: 118 cm<br \/>\nMiegamoji erdv\u0117: 160 \u00d7 200 cm<br \/>\nMiegamosios dalies auk\u0161tis: 60 cm<\/p>","protected":false},"featured_media":220762,"comment_status":"open","ping_status":"closed","template":"","meta":[],"product_brand":[],"product_cat":[9133],"product_tag":[],"class_list":{"0":"post-220733","1":"product","2":"type-product","3":"status-publish","4":"has-post-thumbnail","6":"product_cat-grouped","8":"first","9":"instock","10":"shipping-taxable","11":"purchasable","12":"product-type-variable","13":"wvs-archive-product-wrapper"},"_links":{"self":[{"href":"https:\/\/baldumarket.lt\/lt\/wp-json\/wp\/v2\/product\/220733","targetHints":{"allow":["GET"]}}],"collection":[{"href":"https:\/\/baldumarket.lt\/lt\/wp-json\/wp\/v2\/product"}],"about":[{"href":"https:\/\/baldumarket.lt\/lt\/wp-json\/wp\/v2\/types\/product"}],"replies":[{"embeddable":true,"href":"https:\/\/baldumarket.lt\/lt\/wp-json\/wp\/v2\/comments?post=220733"}],"wp:featuredmedia":[{"embeddable":true,"href":"https:\/\/baldumarket.lt\/lt\/wp-json\/wp\/v2\/media\/220762"}],"wp:attachment":[{"href":"https:\/\/baldumarket.lt\/lt\/wp-json\/wp\/v2\/media?parent=220733"}],"wp:term":[{"taxonomy":"product_brand","embeddable":true,"href":"https:\/\/baldumarket.lt\/lt\/wp-json\/wp\/v2\/product_brand?post=220733"},{"taxonomy":"product_cat","embeddable":true,"href":"https:\/\/baldumarket.lt\/lt\/wp-json\/wp\/v2\/product_cat?post=220733"},{"taxonomy":"product_tag","embeddable":true,"href":"https:\/\/baldumarket.lt\/lt\/wp-json\/wp\/v2\/product_tag?post=220733"}],"curies":[{"name":"wp","href":"https:\/\/api.w.org\/{rel}","templated":true}]}}