{"id":220722,"date":"2025-12-27T22:17:29","date_gmt":"2025-12-27T19:17:29","guid":{"rendered":"https:\/\/baldumarket.lt\/?post_type=product&#038;p=220722"},"modified":"2026-02-03T23:12:36","modified_gmt":"2026-02-03T20:12:36","slug":"lozko-kontynentalne-imperia-180x200-cm-tapicerowane-materac-pocketowy-topper-gr1","status":"publish","type":"product","link":"https:\/\/baldumarket.lt\/lt\/product\/lozko-kontynentalne-imperia-180x200-cm-tapicerowane-materac-pocketowy-topper-gr1\/","title":{"rendered":"Imperia kontinentin\u0117 lova, 180&#215;200 cm, apmu\u0161ta, ki\u0161enini\u0173 spyruokli\u0173 \u010diu\u017einys, Gr1 vir\u0161utinis sluoksnis"},"content":{"rendered":"<p>Didel\u0117 ir patogi \u201eImperia\u201c lova, kurios miegamojo plotas yra 180 \u00d7 200 cm, yra viena patogiausi\u0173 savo klas\u0117je. Ji apr\u016bpinta septyni\u0173 zon\u0173 ki\u0161enini\u0173 spyruokli\u0173 \u010diu\u017einiu ir 6 cm storio putplas\u010dio \u010diu\u017einiu. Apatin\u0117je lovos dalyje yra d\u0117\u017e\u0117s su papildomomis \u201eBonnell\u201c spyruokl\u0117mis. \u0160is dizainas u\u017etikrina patog\u0173 poils\u012f. Baldai si\u016blomi su pla\u010diu audini\u0173 asortimentu, kur\u012f si\u016blo \u201eProduct Creator\u201c. Lova pasi\u017eymi gausiai dekoruotu galv\u016bgaliu ir koj\u016bgaliu.<\/p>","protected":false},"excerpt":{"rendered":"<p>Plotis: 180 cm<br \/>\nIlgis: 212 cm<br \/>\n\u016agis: 118 cm<br \/>\nMiegamoji erdv\u0117: 180 \u00d7 200 cm<br \/>\nMiegojimo auk\u0161tis: 60 cm<\/p>","protected":false},"featured_media":220752,"comment_status":"open","ping_status":"closed","template":"","meta":[],"product_brand":[],"product_cat":[9133],"product_tag":[],"class_list":{"0":"post-220722","1":"product","2":"type-product","3":"status-publish","4":"has-post-thumbnail","6":"product_cat-grouped","8":"first","9":"instock","10":"shipping-taxable","11":"purchasable","12":"product-type-variable","13":"wvs-archive-product-wrapper"},"_links":{"self":[{"href":"https:\/\/baldumarket.lt\/lt\/wp-json\/wp\/v2\/product\/220722","targetHints":{"allow":["GET"]}}],"collection":[{"href":"https:\/\/baldumarket.lt\/lt\/wp-json\/wp\/v2\/product"}],"about":[{"href":"https:\/\/baldumarket.lt\/lt\/wp-json\/wp\/v2\/types\/product"}],"replies":[{"embeddable":true,"href":"https:\/\/baldumarket.lt\/lt\/wp-json\/wp\/v2\/comments?post=220722"}],"wp:featuredmedia":[{"embeddable":true,"href":"https:\/\/baldumarket.lt\/lt\/wp-json\/wp\/v2\/media\/220752"}],"wp:attachment":[{"href":"https:\/\/baldumarket.lt\/lt\/wp-json\/wp\/v2\/media?parent=220722"}],"wp:term":[{"taxonomy":"product_brand","embeddable":true,"href":"https:\/\/baldumarket.lt\/lt\/wp-json\/wp\/v2\/product_brand?post=220722"},{"taxonomy":"product_cat","embeddable":true,"href":"https:\/\/baldumarket.lt\/lt\/wp-json\/wp\/v2\/product_cat?post=220722"},{"taxonomy":"product_tag","embeddable":true,"href":"https:\/\/baldumarket.lt\/lt\/wp-json\/wp\/v2\/product_tag?post=220722"}],"curies":[{"name":"wp","href":"https:\/\/api.w.org\/{rel}","templated":true}]}}