{"id":22036,"date":"2025-11-14T14:00:16","date_gmt":"2025-11-14T11:00:16","guid":{"rendered":"https:\/\/baldumarket.lt\/product\/materac-multipocket-amore-140x200-medicott-silver\/"},"modified":"2026-03-24T18:23:04","modified_gmt":"2026-03-24T15:23:04","slug":"materac-multipocket-amore-140x200-medicott-silver","status":"publish","type":"product","link":"https:\/\/baldumarket.lt\/lt\/product\/materac-multipocket-amore-140x200-medicott-silver\/","title":{"rendered":"\u010ciu\u017einys \u201eMultipocket Amore\u201c 140\u00d7200, \u201eMedicott Silver\u201c"},"content":{"rendered":"<p>Gerai parinktas \u010diu\u017einys yra raktas \u012f ger\u0105 nakties mieg\u0105. \u017dinome, koks svarbus \u0161is pasirinkimas, tod\u0117l suk\u016br\u0117me \u201eAmore\u201c daugiaki\u0161en\u012f \u010diu\u017ein\u012f su sidabro spalvos u\u017evalkalu. Daugiaki\u0161en\u0117 spyruokl\u0117 neleid\u017eia \u010diu\u017einiui banguotis ar vibruoti. Be to, kokoso pluo\u0161to plok\u0161t\u0117 u\u017etikrina patvarum\u0105 ir stabilum\u0105, o didelio elastingumo HR putos ir latekso putos \u2013 patog\u0173 mieg\u0105, o nuimamas sidabro spalvos u\u017evalkalas u\u017ebaigia visum\u0105.<\/p>","protected":false},"excerpt":{"rendered":"<p>Gerai parinktas \u010diu\u017einys yra raktas \u012f ger\u0105 nakties mieg\u0105. \u017dinome, koks svarbus \u0161is pasirinkimas, tod\u0117l suk\u016br\u0117me \u201eAmore\u201c daugiaki\u0161en\u012f \u010diu\u017ein\u012f su sidabro spalvos u\u017evalkalu. Daugiaki\u0161en\u0117 spyruokl\u0117 neleid\u017eia \u010diu\u017einiui banguotis ar vibruoti. Be to, kokoso pluo\u0161to plok\u0161t\u0117 u\u017etikrina patvarum\u0105 ir stabilum\u0105, o didelio elastingumo HR putos ir [\u2026]<\/p>","protected":false},"featured_media":22025,"comment_status":"open","ping_status":"open","template":"","meta":[],"product_brand":[],"product_cat":[2012,1099,1977],"product_tag":[],"class_list":{"0":"post-22036","1":"product","2":"type-product","3":"status-publish","4":"has-post-thumbnail","6":"product_cat-eltap","7":"product_cat-mattresses","8":"product_cat-mattresses-140x200","10":"first","11":"instock","12":"purchasable","13":"product-type-simple"},"_links":{"self":[{"href":"https:\/\/baldumarket.lt\/lt\/wp-json\/wp\/v2\/product\/22036","targetHints":{"allow":["GET"]}}],"collection":[{"href":"https:\/\/baldumarket.lt\/lt\/wp-json\/wp\/v2\/product"}],"about":[{"href":"https:\/\/baldumarket.lt\/lt\/wp-json\/wp\/v2\/types\/product"}],"replies":[{"embeddable":true,"href":"https:\/\/baldumarket.lt\/lt\/wp-json\/wp\/v2\/comments?post=22036"}],"wp:featuredmedia":[{"embeddable":true,"href":"https:\/\/baldumarket.lt\/lt\/wp-json\/wp\/v2\/media\/22025"}],"wp:attachment":[{"href":"https:\/\/baldumarket.lt\/lt\/wp-json\/wp\/v2\/media?parent=22036"}],"wp:term":[{"taxonomy":"product_brand","embeddable":true,"href":"https:\/\/baldumarket.lt\/lt\/wp-json\/wp\/v2\/product_brand?post=22036"},{"taxonomy":"product_cat","embeddable":true,"href":"https:\/\/baldumarket.lt\/lt\/wp-json\/wp\/v2\/product_cat?post=22036"},{"taxonomy":"product_tag","embeddable":true,"href":"https:\/\/baldumarket.lt\/lt\/wp-json\/wp\/v2\/product_tag?post=22036"}],"curies":[{"name":"wp","href":"https:\/\/api.w.org\/{rel}","templated":true}]}}