{"id":22035,"date":"2025-11-14T14:00:09","date_gmt":"2025-11-14T11:00:09","guid":{"rendered":"https:\/\/baldumarket.lt\/product\/materac-multipocket-amore-140x200-aloevera\/"},"modified":"2026-03-24T18:23:04","modified_gmt":"2026-03-24T15:23:04","slug":"materac-multipocket-amore-140x200-aloevera","status":"publish","type":"product","link":"https:\/\/baldumarket.lt\/lt\/product\/materac-multipocket-amore-140x200-aloevera\/","title":{"rendered":"\u010ciu\u017einys \u201eAloevera Multipocket Amore\u201c 140\u00d7200"},"content":{"rendered":"<p>Gerai parinktas \u010diu\u017einys yra raktas \u012f ger\u0105 nakties mieg\u0105. \u017dinome, koks svarbus \u0161is pasirinkimas, tod\u0117l suk\u016br\u0117me \u201eAmore\u201c daugiaki\u0161en\u012f \u010diu\u017ein\u012f su alavijo u\u017evalkalu. Daugiaki\u0161en\u0117 spyruokl\u0117 u\u017etikrina, kad \u010diu\u017einio pavir\u0161ius nerauk\u0161l\u0117t\u0173si ir nevibruot\u0173. Be to, kokoso pluo\u0161to plok\u0161t\u0117 u\u017etikrina patvarum\u0105 ir stabilum\u0105, o didelio elastingumo porolonas ir latekso putos \u2013 patog\u0173 poils\u012f. Nuimamas alavijo u\u017evalkalas u\u017ebaigia \u010diu\u017ein\u012f.<\/p>","protected":false},"excerpt":{"rendered":"<p>Gerai parinktas \u010diu\u017einys yra raktas \u012f ger\u0105 nakties mieg\u0105. \u017dinome, koks svarbus \u0161is pasirinkimas, tod\u0117l suk\u016br\u0117me \u201eAmore\u201c daugiaki\u0161en\u012f \u010diu\u017ein\u012f su alavijo u\u017evalkalu. Daugiaki\u0161en\u0117 spyruokl\u0117 u\u017etikrina, kad \u010diu\u017einio pavir\u0161ius nerauk\u0161l\u0117t\u0173si ir nevibruot\u0173. Be to, kokoso pluo\u0161to plok\u0161t\u0117 u\u017etikrina patvarum\u0105 ir stabilum\u0105, o didelio elastingumo putos [\u2026]<\/p>","protected":false},"featured_media":22021,"comment_status":"open","ping_status":"open","template":"","meta":[],"product_brand":[],"product_cat":[2012,1099,1977],"product_tag":[],"class_list":{"0":"post-22035","1":"product","2":"type-product","3":"status-publish","4":"has-post-thumbnail","6":"product_cat-eltap","7":"product_cat-mattresses","8":"product_cat-mattresses-140x200","10":"first","11":"instock","12":"purchasable","13":"product-type-simple"},"_links":{"self":[{"href":"https:\/\/baldumarket.lt\/lt\/wp-json\/wp\/v2\/product\/22035","targetHints":{"allow":["GET"]}}],"collection":[{"href":"https:\/\/baldumarket.lt\/lt\/wp-json\/wp\/v2\/product"}],"about":[{"href":"https:\/\/baldumarket.lt\/lt\/wp-json\/wp\/v2\/types\/product"}],"replies":[{"embeddable":true,"href":"https:\/\/baldumarket.lt\/lt\/wp-json\/wp\/v2\/comments?post=22035"}],"wp:featuredmedia":[{"embeddable":true,"href":"https:\/\/baldumarket.lt\/lt\/wp-json\/wp\/v2\/media\/22021"}],"wp:attachment":[{"href":"https:\/\/baldumarket.lt\/lt\/wp-json\/wp\/v2\/media?parent=22035"}],"wp:term":[{"taxonomy":"product_brand","embeddable":true,"href":"https:\/\/baldumarket.lt\/lt\/wp-json\/wp\/v2\/product_brand?post=22035"},{"taxonomy":"product_cat","embeddable":true,"href":"https:\/\/baldumarket.lt\/lt\/wp-json\/wp\/v2\/product_cat?post=22035"},{"taxonomy":"product_tag","embeddable":true,"href":"https:\/\/baldumarket.lt\/lt\/wp-json\/wp\/v2\/product_tag?post=22035"}],"curies":[{"name":"wp","href":"https:\/\/api.w.org\/{rel}","templated":true}]}}