{"id":220190,"date":"2026-02-11T17:06:11","date_gmt":"2026-02-11T14:06:11","guid":{"rendered":"https:\/\/baldumarket.lt\/product\/materac-active-120x200-cm-dwustronny-piankowy-zdejmowany-pokrowiec-h2-comforteo\/"},"modified":"2026-02-11T17:06:12","modified_gmt":"2026-02-11T14:06:12","slug":"materac-active-120x200-cm-dwustronny-piankowy-zdejmowany-pokrowiec-h2-comforteo","status":"publish","type":"product","link":"https:\/\/baldumarket.lt\/lt\/product\/materac-active-120x200-cm-dwustronny-piankowy-zdejmowany-pokrowiec-h2-comforteo\/","title":{"rendered":"Aktyvus \u010diu\u017einys, 120\u00d7200 cm, dvipusis, put\u0173 poliuretanas, nuimamas u\u017evalkalas, H2, Comforteo"},"content":{"rendered":"<p>Jei ie\u0161kote patogaus, patvaraus ir sveikat\u0105 gerinan\u010dio \u010diu\u017einio savo vaikui, \u201eActive 120\u00d7200 cm\u201c modelis yra puikus pasirinkimas. Sukurtas galvojant apie vaikus ir paauglius, jis apjungia modernias technologijas, komfort\u0105 ir ortopedin\u0119 param\u0105 besivystan\u010diam stuburui.<\/p>","protected":false},"excerpt":{"rendered":"<p>Plotis: 120 cm<br \/>\nIlgis: 200 cm<br \/>\nAuk\u0161tis: 16 cm<br \/>\nMiegamasis plotas: 120 \u00d7 200 cm<br \/>\n\u010ciu\u017einio tipas: Putplastis<\/p>","protected":false},"featured_media":220191,"comment_status":"open","ping_status":"open","template":"","meta":[],"product_brand":[],"product_cat":[7906,1099,1976],"product_tag":[],"class_list":{"0":"post-220190","1":"product","2":"type-product","3":"status-publish","4":"has-post-thumbnail","6":"product_cat-comforteo","7":"product_cat-mattresses","8":"product_cat-mattresses-120x200","10":"first","11":"instock","12":"purchasable","13":"product-type-simple"},"_links":{"self":[{"href":"https:\/\/baldumarket.lt\/lt\/wp-json\/wp\/v2\/product\/220190","targetHints":{"allow":["GET"]}}],"collection":[{"href":"https:\/\/baldumarket.lt\/lt\/wp-json\/wp\/v2\/product"}],"about":[{"href":"https:\/\/baldumarket.lt\/lt\/wp-json\/wp\/v2\/types\/product"}],"replies":[{"embeddable":true,"href":"https:\/\/baldumarket.lt\/lt\/wp-json\/wp\/v2\/comments?post=220190"}],"wp:featuredmedia":[{"embeddable":true,"href":"https:\/\/baldumarket.lt\/lt\/wp-json\/wp\/v2\/media\/220191"}],"wp:attachment":[{"href":"https:\/\/baldumarket.lt\/lt\/wp-json\/wp\/v2\/media?parent=220190"}],"wp:term":[{"taxonomy":"product_brand","embeddable":true,"href":"https:\/\/baldumarket.lt\/lt\/wp-json\/wp\/v2\/product_brand?post=220190"},{"taxonomy":"product_cat","embeddable":true,"href":"https:\/\/baldumarket.lt\/lt\/wp-json\/wp\/v2\/product_cat?post=220190"},{"taxonomy":"product_tag","embeddable":true,"href":"https:\/\/baldumarket.lt\/lt\/wp-json\/wp\/v2\/product_tag?post=220190"}],"curies":[{"name":"wp","href":"https:\/\/api.w.org\/{rel}","templated":true}]}}