{"id":220182,"date":"2026-02-11T17:06:10","date_gmt":"2026-02-11T14:06:10","guid":{"rendered":"https:\/\/baldumarket.lt\/product\/materac-active-140x200-cm-dwustronny-piankowy-zdejmowany-pokrowiec-h2-comforteo\/"},"modified":"2026-02-11T17:06:11","modified_gmt":"2026-02-11T14:06:11","slug":"materac-active-140x200-cm-dwustronny-piankowy-zdejmowany-pokrowiec-h2-comforteo","status":"publish","type":"product","link":"https:\/\/baldumarket.lt\/lt\/product\/materac-active-140x200-cm-dwustronny-piankowy-zdejmowany-pokrowiec-h2-comforteo\/","title":{"rendered":"Aktyvus \u010diu\u017einys, 140\u00d7200 cm, dvipusis, put\u0173 poliuretanas, nuimamas u\u017evalkalas, H2, Comforteo"},"content":{"rendered":"<p>Ie\u0161kote patogaus ir funkcionalaus \u010diu\u017einio ma\u017eam miegamajam ar paauglio kambariui? \u201eActive\u201c 140\u00d7200 cm \u010diu\u017einys yra puikus sprendimas tiems, kurie ie\u0161ko kompromiso tarp erdv\u0117s ir miego komforto. \u0160is modelis puikiai tinka ma\u017eiems miegamiesiems, studijos tipo apartamentams, sve\u010di\u0173 kambariams ir net vaik\u0173 bei paaugli\u0173 kambariams.<\/p>","protected":false},"excerpt":{"rendered":"<p>Plotis: 140 cm<br \/>\nIlgis: 200 cm<br \/>\nAuk\u0161tis: 16 cm<br \/>\nMiegamasis plotas: 140 \u00d7 200 cm<br \/>\n\u010ciu\u017einio tipas: Putplastis<\/p>","protected":false},"featured_media":220183,"comment_status":"open","ping_status":"open","template":"","meta":[],"product_brand":[],"product_cat":[7906,1099,1977],"product_tag":[],"class_list":{"0":"post-220182","1":"product","2":"type-product","3":"status-publish","4":"has-post-thumbnail","6":"product_cat-comforteo","7":"product_cat-mattresses","8":"product_cat-mattresses-140x200","10":"first","11":"instock","12":"purchasable","13":"product-type-simple"},"_links":{"self":[{"href":"https:\/\/baldumarket.lt\/lt\/wp-json\/wp\/v2\/product\/220182","targetHints":{"allow":["GET"]}}],"collection":[{"href":"https:\/\/baldumarket.lt\/lt\/wp-json\/wp\/v2\/product"}],"about":[{"href":"https:\/\/baldumarket.lt\/lt\/wp-json\/wp\/v2\/types\/product"}],"replies":[{"embeddable":true,"href":"https:\/\/baldumarket.lt\/lt\/wp-json\/wp\/v2\/comments?post=220182"}],"wp:featuredmedia":[{"embeddable":true,"href":"https:\/\/baldumarket.lt\/lt\/wp-json\/wp\/v2\/media\/220183"}],"wp:attachment":[{"href":"https:\/\/baldumarket.lt\/lt\/wp-json\/wp\/v2\/media?parent=220182"}],"wp:term":[{"taxonomy":"product_brand","embeddable":true,"href":"https:\/\/baldumarket.lt\/lt\/wp-json\/wp\/v2\/product_brand?post=220182"},{"taxonomy":"product_cat","embeddable":true,"href":"https:\/\/baldumarket.lt\/lt\/wp-json\/wp\/v2\/product_cat?post=220182"},{"taxonomy":"product_tag","embeddable":true,"href":"https:\/\/baldumarket.lt\/lt\/wp-json\/wp\/v2\/product_tag?post=220182"}],"curies":[{"name":"wp","href":"https:\/\/api.w.org\/{rel}","templated":true}]}}