{"id":220174,"date":"2026-02-11T17:06:08","date_gmt":"2026-02-11T14:06:08","guid":{"rendered":"https:\/\/baldumarket.lt\/product\/materac-active-80x200-cm-dwustronny-piankowy-zdejmowany-pokrowiec-h2-comforteo\/"},"modified":"2026-02-11T17:06:09","modified_gmt":"2026-02-11T14:06:09","slug":"materac-active-80x200-cm-dwustronny-piankowy-zdejmowany-pokrowiec-h2-comforteo","status":"publish","type":"product","link":"https:\/\/baldumarket.lt\/lt\/product\/materac-active-80x200-cm-dwustronny-piankowy-zdejmowany-pokrowiec-h2-comforteo\/","title":{"rendered":"Aktyvus \u010diu\u017einys, 80&#215;200 cm, dvipusis, put\u0173 poliuretanas, nuimamas u\u017evalkalas, H2, Comforteo"},"content":{"rendered":"<p>Ie\u0161kote tobulo sprendimo savo vaiko kambariui? \u201eActive\u201c vaiki\u0161kas \u010diu\u017einys, kurio kietumas yra H2, apjungia modernias technologijas, komfort\u0105 ir r\u016bpinim\u0105si augan\u010dio k\u016bno sveikata. Tai puikus pasirinkimas t\u0117vams, ie\u0161kantiems \u010diu\u017einio savo mokyklinio am\u017eiaus ar paauglio vaikui, kuris u\u017etikrint\u0173 ne tik komfort\u0105, bet ir tinkam\u0105 ortopedin\u0119 atram\u0105.<\/p>","protected":false},"excerpt":{"rendered":"<p>Plotis: 80 cm<br \/>\nIlgis: 200 cm<br \/>\nAuk\u0161tis: 16 cm<br \/>\nMiegamoji erdv\u0117: 80 \u00d7 200 cm<br \/>\n\u010ciu\u017einio tipas: Putplastis<\/p>","protected":false},"featured_media":220175,"comment_status":"open","ping_status":"open","template":"","meta":[],"product_brand":[],"product_cat":[7906,1099],"product_tag":[],"class_list":{"0":"post-220174","1":"product","2":"type-product","3":"status-publish","4":"has-post-thumbnail","6":"product_cat-comforteo","7":"product_cat-mattresses","9":"first","10":"instock","11":"purchasable","12":"product-type-simple"},"_links":{"self":[{"href":"https:\/\/baldumarket.lt\/lt\/wp-json\/wp\/v2\/product\/220174","targetHints":{"allow":["GET"]}}],"collection":[{"href":"https:\/\/baldumarket.lt\/lt\/wp-json\/wp\/v2\/product"}],"about":[{"href":"https:\/\/baldumarket.lt\/lt\/wp-json\/wp\/v2\/types\/product"}],"replies":[{"embeddable":true,"href":"https:\/\/baldumarket.lt\/lt\/wp-json\/wp\/v2\/comments?post=220174"}],"wp:featuredmedia":[{"embeddable":true,"href":"https:\/\/baldumarket.lt\/lt\/wp-json\/wp\/v2\/media\/220175"}],"wp:attachment":[{"href":"https:\/\/baldumarket.lt\/lt\/wp-json\/wp\/v2\/media?parent=220174"}],"wp:term":[{"taxonomy":"product_brand","embeddable":true,"href":"https:\/\/baldumarket.lt\/lt\/wp-json\/wp\/v2\/product_brand?post=220174"},{"taxonomy":"product_cat","embeddable":true,"href":"https:\/\/baldumarket.lt\/lt\/wp-json\/wp\/v2\/product_cat?post=220174"},{"taxonomy":"product_tag","embeddable":true,"href":"https:\/\/baldumarket.lt\/lt\/wp-json\/wp\/v2\/product_tag?post=220174"}],"curies":[{"name":"wp","href":"https:\/\/api.w.org\/{rel}","templated":true}]}}