{"id":220166,"date":"2026-02-11T17:06:07","date_gmt":"2026-02-11T14:06:07","guid":{"rendered":"https:\/\/baldumarket.lt\/product\/materac-active-90x200-cm-dwustronny-piankowy-zdejmowany-pokrowiec-h2-comforteo\/"},"modified":"2026-02-11T17:06:08","modified_gmt":"2026-02-11T14:06:08","slug":"materac-active-90x200-cm-dwustronny-piankowy-zdejmowany-pokrowiec-h2-comforteo","status":"publish","type":"product","link":"https:\/\/baldumarket.lt\/lt\/product\/materac-active-90x200-cm-dwustronny-piankowy-zdejmowany-pokrowiec-h2-comforteo\/","title":{"rendered":"Aktyvus \u010diu\u017einys, 90\u00d7200 cm, dvipusis, put\u0173 poliuretanas, nuimamas u\u017evalkalas, H2, Comforteo"},"content":{"rendered":"<p>Jei ie\u0161kote tobulo \u010diu\u017einio savo vaiko kambariui, turime jums puik\u0173 variant\u0105: \u201eActive\u201c vaiki\u0161k\u0105 \u010diu\u017ein\u012f, kuriame derinamos modernios technologijos, komfortas ir nauda sveikatai. \u201eActive\u201c \u010diu\u017einys yra puikus pasirinkimas t\u0117vams, ie\u0161kantiems \u010diu\u017einio savo mokyklinio am\u017eiaus ar paauglio vaikui, u\u017etikrinan\u010dio ne tik komfort\u0105, bet ir tinkam\u0105 ortopedin\u0119 atram\u0105.<\/p>","protected":false},"excerpt":{"rendered":"<p>Plotis: 90 cm<br \/>\nIlgis: 200 cm<br \/>\nAuk\u0161tis: 16 cm<br \/>\nMiegamoji erdv\u0117: 90 \u00d7 200 cm<br \/>\n\u010ciu\u017einio tipas: Putplastis<\/p>","protected":false},"featured_media":220167,"comment_status":"open","ping_status":"open","template":"","meta":[],"product_brand":[],"product_cat":[7906,1099,1975],"product_tag":[],"class_list":{"0":"post-220166","1":"product","2":"type-product","3":"status-publish","4":"has-post-thumbnail","6":"product_cat-comforteo","7":"product_cat-mattresses","8":"product_cat-mattresses-90x200","10":"first","11":"instock","12":"purchasable","13":"product-type-simple"},"_links":{"self":[{"href":"https:\/\/baldumarket.lt\/lt\/wp-json\/wp\/v2\/product\/220166","targetHints":{"allow":["GET"]}}],"collection":[{"href":"https:\/\/baldumarket.lt\/lt\/wp-json\/wp\/v2\/product"}],"about":[{"href":"https:\/\/baldumarket.lt\/lt\/wp-json\/wp\/v2\/types\/product"}],"replies":[{"embeddable":true,"href":"https:\/\/baldumarket.lt\/lt\/wp-json\/wp\/v2\/comments?post=220166"}],"wp:featuredmedia":[{"embeddable":true,"href":"https:\/\/baldumarket.lt\/lt\/wp-json\/wp\/v2\/media\/220167"}],"wp:attachment":[{"href":"https:\/\/baldumarket.lt\/lt\/wp-json\/wp\/v2\/media?parent=220166"}],"wp:term":[{"taxonomy":"product_brand","embeddable":true,"href":"https:\/\/baldumarket.lt\/lt\/wp-json\/wp\/v2\/product_brand?post=220166"},{"taxonomy":"product_cat","embeddable":true,"href":"https:\/\/baldumarket.lt\/lt\/wp-json\/wp\/v2\/product_cat?post=220166"},{"taxonomy":"product_tag","embeddable":true,"href":"https:\/\/baldumarket.lt\/lt\/wp-json\/wp\/v2\/product_tag?post=220166"}],"curies":[{"name":"wp","href":"https:\/\/api.w.org\/{rel}","templated":true}]}}