{"id":220158,"date":"2026-02-11T17:06:05","date_gmt":"2026-02-11T14:06:05","guid":{"rendered":"https:\/\/baldumarket.lt\/product\/materac-best-100x200-cm-dwustronny-multipocket-sprezynowy-zdejmowany-pokrowiec-h4-comforteo\/"},"modified":"2026-02-11T17:06:06","modified_gmt":"2026-02-11T14:06:06","slug":"materac-best-100x200-cm-dwustronny-multipocket-sprezynowy-zdejmowany-pokrowiec-h4-comforteo","status":"publish","type":"product","link":"https:\/\/baldumarket.lt\/lt\/product\/materac-best-100x200-cm-dwustronny-multipocket-sprezynowy-zdejmowany-pokrowiec-h4-comforteo\/","title":{"rendered":"Geriausias \u010diu\u017einys, 100&#215;200 cm, dvipusis, su daugybe ki\u0161eni\u0173, spyruoklinis, nuimamas u\u017evalkalas, H4, Comforteo"},"content":{"rendered":"<p>Ie\u0161kote kieto \u010diu\u017einio (H4), kurio matmenys \u2013 100 \u00d7 200 cm, kuris u\u017etikrint\u0173 tvirt\u0105 atram\u0105, ilgaam\u017ei\u0161kum\u0105 ir didel\u012f miego komfort\u0105? \u201eBest\u201c 100 \u00d7 200 cm \u010diu\u017einys yra puikus pasirinkimas tiems, kurie renkasi stabil\u0173 pagrind\u0105 ir r\u016bpinasi savo stuburu. Jis puikiai tinka vienvie\u010diams miegamiesiems, jaunimo kambariams arba kaip \u010diu\u017einys i\u0161rankiems sve\u010diams. Daugiaki\u0161enini\u0173 spyruokli\u0173, HR put\u0173 ir SILK u\u017evalkalo su \u0161ilku ir 3D tinkleliu naudojimas garantuoja puiki\u0105 miego kokyb\u0119 ir higien\u0105.<\/p>","protected":false},"excerpt":{"rendered":"<p>Plotis: 100 cm<br \/>\nIlgis: 200 cm<br \/>\nAuk\u0161tis: 20 cm<br \/>\nMiegamasis plotas: 100 \u00d7 200 cm<br \/>\n\u010ciu\u017einio tipas: Daugiaki\u0161enis su HR putomis<\/p>","protected":false},"featured_media":220159,"comment_status":"open","ping_status":"open","template":"","meta":[],"product_brand":[],"product_cat":[7906,1099],"product_tag":[],"class_list":{"0":"post-220158","1":"product","2":"type-product","3":"status-publish","4":"has-post-thumbnail","6":"product_cat-comforteo","7":"product_cat-mattresses","9":"first","10":"instock","11":"purchasable","12":"product-type-simple"},"_links":{"self":[{"href":"https:\/\/baldumarket.lt\/lt\/wp-json\/wp\/v2\/product\/220158","targetHints":{"allow":["GET"]}}],"collection":[{"href":"https:\/\/baldumarket.lt\/lt\/wp-json\/wp\/v2\/product"}],"about":[{"href":"https:\/\/baldumarket.lt\/lt\/wp-json\/wp\/v2\/types\/product"}],"replies":[{"embeddable":true,"href":"https:\/\/baldumarket.lt\/lt\/wp-json\/wp\/v2\/comments?post=220158"}],"wp:featuredmedia":[{"embeddable":true,"href":"https:\/\/baldumarket.lt\/lt\/wp-json\/wp\/v2\/media\/220159"}],"wp:attachment":[{"href":"https:\/\/baldumarket.lt\/lt\/wp-json\/wp\/v2\/media?parent=220158"}],"wp:term":[{"taxonomy":"product_brand","embeddable":true,"href":"https:\/\/baldumarket.lt\/lt\/wp-json\/wp\/v2\/product_brand?post=220158"},{"taxonomy":"product_cat","embeddable":true,"href":"https:\/\/baldumarket.lt\/lt\/wp-json\/wp\/v2\/product_cat?post=220158"},{"taxonomy":"product_tag","embeddable":true,"href":"https:\/\/baldumarket.lt\/lt\/wp-json\/wp\/v2\/product_tag?post=220158"}],"curies":[{"name":"wp","href":"https:\/\/api.w.org\/{rel}","templated":true}]}}