{"id":220150,"date":"2026-02-11T17:06:03","date_gmt":"2026-02-11T14:06:03","guid":{"rendered":"https:\/\/baldumarket.lt\/product\/materac-best-120x200-cm-dwustronny-multipocket-sprezynowy-zdejmowany-pokrowiec-h4-comforteo\/"},"modified":"2026-02-11T17:06:05","modified_gmt":"2026-02-11T14:06:05","slug":"materac-best-120x200-cm-dwustronny-multipocket-sprezynowy-zdejmowany-pokrowiec-h4-comforteo","status":"publish","type":"product","link":"https:\/\/baldumarket.lt\/lt\/product\/materac-best-120x200-cm-dwustronny-multipocket-sprezynowy-zdejmowany-pokrowiec-h4-comforteo\/","title":{"rendered":"Geriausias \u010diu\u017einys, 120&#215;200 cm, dvipusis, su daugybe ki\u0161eni\u0173, spyruoklinis, nuimamas u\u017evalkalas, H4, Comforteo"},"content":{"rendered":"<p>Reikia tvirto, kieto \u010diu\u017einio, kuris u\u017etikrint\u0173 tvirt\u0105 atram\u0105 ir patog\u0173 mieg\u0105 ilgus metus? \u201eBest\u201c 120 \u00d7 200 cm \u010diu\u017einys, kurio kietumo \u012fvertinimas yra H4, yra puikus pasirinkimas tiems, kurie vertina stabil\u0173, ortopedin\u012f pagrind\u0105. Jis idealiai tinka viengul\u0117ms lovoms, taip pat platesn\u0117ms viengul\u0117ms ar jaunimo lovoms. D\u0117l daugiaki\u0161enini\u0173 spyruokli\u0173 technologijos, HR put\u0173 ir SILK u\u017evalkalo su \u0161ilku bei 3D v\u0117dinimo sistemos derinio jis u\u017etikrina auk\u0161t\u0105 komfort\u0105, ilgaam\u017ei\u0161kum\u0105 ir miego higien\u0105.<\/p>","protected":false},"excerpt":{"rendered":"<p>Plotis: 120 cm<br \/>\nIlgis: 200 cm<br \/>\nAuk\u0161tis: 20 cm<br \/>\nMiegamasis plotas: 120 \u00d7 200 cm<br \/>\n\u010ciu\u017einio tipas: Daugiaki\u0161enis su HR putomis<\/p>","protected":false},"featured_media":220151,"comment_status":"open","ping_status":"open","template":"","meta":[],"product_brand":[],"product_cat":[7906,1099,1976],"product_tag":[],"class_list":{"0":"post-220150","1":"product","2":"type-product","3":"status-publish","4":"has-post-thumbnail","6":"product_cat-comforteo","7":"product_cat-mattresses","8":"product_cat-mattresses-120x200","10":"first","11":"instock","12":"purchasable","13":"product-type-simple"},"_links":{"self":[{"href":"https:\/\/baldumarket.lt\/lt\/wp-json\/wp\/v2\/product\/220150","targetHints":{"allow":["GET"]}}],"collection":[{"href":"https:\/\/baldumarket.lt\/lt\/wp-json\/wp\/v2\/product"}],"about":[{"href":"https:\/\/baldumarket.lt\/lt\/wp-json\/wp\/v2\/types\/product"}],"replies":[{"embeddable":true,"href":"https:\/\/baldumarket.lt\/lt\/wp-json\/wp\/v2\/comments?post=220150"}],"wp:featuredmedia":[{"embeddable":true,"href":"https:\/\/baldumarket.lt\/lt\/wp-json\/wp\/v2\/media\/220151"}],"wp:attachment":[{"href":"https:\/\/baldumarket.lt\/lt\/wp-json\/wp\/v2\/media?parent=220150"}],"wp:term":[{"taxonomy":"product_brand","embeddable":true,"href":"https:\/\/baldumarket.lt\/lt\/wp-json\/wp\/v2\/product_brand?post=220150"},{"taxonomy":"product_cat","embeddable":true,"href":"https:\/\/baldumarket.lt\/lt\/wp-json\/wp\/v2\/product_cat?post=220150"},{"taxonomy":"product_tag","embeddable":true,"href":"https:\/\/baldumarket.lt\/lt\/wp-json\/wp\/v2\/product_tag?post=220150"}],"curies":[{"name":"wp","href":"https:\/\/api.w.org\/{rel}","templated":true}]}}