{"id":220126,"date":"2026-02-11T17:05:59","date_gmt":"2026-02-11T14:05:59","guid":{"rendered":"https:\/\/baldumarket.lt\/product\/materac-best-180x200-cm-dwustronny-multipocket-sprezynowy-zdejmowany-pokrowiec-h4-comforteo\/"},"modified":"2026-02-11T17:06:01","modified_gmt":"2026-02-11T14:06:01","slug":"materac-best-180x200-cm-dwustronny-multipocket-sprezynowy-zdejmowany-pokrowiec-h4-comforteo","status":"publish","type":"product","link":"https:\/\/baldumarket.lt\/lt\/product\/materac-best-180x200-cm-dwustronny-multipocket-sprezynowy-zdejmowany-pokrowiec-h4-comforteo\/","title":{"rendered":"Geriausias \u010diu\u017einys, 180\u00d7200 cm, dvipusis, su daugybe ki\u0161eni\u0173, spyruoklinis, nuimamas u\u017evalkalas, H4, Comforteo"},"content":{"rendered":"<p>Jei ie\u0161kote erdvaus, tvirto ir ne\u012ftik\u0117tinai patogaus \u010diu\u017einio savo miegamajam, \u201eBest H4\u201c daugiaki\u0161enis \u010diu\u017einys, kurio matmenys 180 \u00d7 200 cm, yra puikus sprendimas. Jo dizainas, pagr\u012fstas tankia ki\u0161enini\u0173 spyruokli\u0173 sistema (iki 500 spyruokli\u0173\/m\u00b2), labai elastingu HR putplas\u010diu ir SILK u\u017evalkalu su \u0161ilku ir 3D tinkleliu, u\u017etikrina i\u0161skirtin\u012f komfort\u0105, stabili\u0105 atram\u0105 ir auk\u0161\u010diausi\u0105 higienos lyg\u012f.<\/p>","protected":false},"excerpt":{"rendered":"<p>Plotis: 180 cm<br \/>\nIlgis: 200 cm<br \/>\nAuk\u0161tis: 20 cm<br \/>\nMiegamoji erdv\u0117: 180 \u00d7 200 cm<br \/>\n\u010ciu\u017einio tipas: Daugiaki\u0161enis su HR putomis<\/p>","protected":false},"featured_media":220127,"comment_status":"open","ping_status":"open","template":"","meta":[],"product_brand":[],"product_cat":[7906,1099,1979],"product_tag":[],"class_list":{"0":"post-220126","1":"product","2":"type-product","3":"status-publish","4":"has-post-thumbnail","6":"product_cat-comforteo","7":"product_cat-mattresses","8":"product_cat-mattresses-180x200","10":"first","11":"instock","12":"purchasable","13":"product-type-simple"},"_links":{"self":[{"href":"https:\/\/baldumarket.lt\/lt\/wp-json\/wp\/v2\/product\/220126","targetHints":{"allow":["GET"]}}],"collection":[{"href":"https:\/\/baldumarket.lt\/lt\/wp-json\/wp\/v2\/product"}],"about":[{"href":"https:\/\/baldumarket.lt\/lt\/wp-json\/wp\/v2\/types\/product"}],"replies":[{"embeddable":true,"href":"https:\/\/baldumarket.lt\/lt\/wp-json\/wp\/v2\/comments?post=220126"}],"wp:featuredmedia":[{"embeddable":true,"href":"https:\/\/baldumarket.lt\/lt\/wp-json\/wp\/v2\/media\/220127"}],"wp:attachment":[{"href":"https:\/\/baldumarket.lt\/lt\/wp-json\/wp\/v2\/media?parent=220126"}],"wp:term":[{"taxonomy":"product_brand","embeddable":true,"href":"https:\/\/baldumarket.lt\/lt\/wp-json\/wp\/v2\/product_brand?post=220126"},{"taxonomy":"product_cat","embeddable":true,"href":"https:\/\/baldumarket.lt\/lt\/wp-json\/wp\/v2\/product_cat?post=220126"},{"taxonomy":"product_tag","embeddable":true,"href":"https:\/\/baldumarket.lt\/lt\/wp-json\/wp\/v2\/product_tag?post=220126"}],"curies":[{"name":"wp","href":"https:\/\/api.w.org\/{rel}","templated":true}]}}