{"id":220110,"date":"2026-02-11T17:05:56","date_gmt":"2026-02-11T14:05:56","guid":{"rendered":"https:\/\/baldumarket.lt\/product\/materac-best-80x200-cm-dwustronny-multipocket-sprezynowy-zdejmowany-pokrowiec-h4-comforteo\/"},"modified":"2026-02-11T17:05:58","modified_gmt":"2026-02-11T14:05:58","slug":"materac-best-80x200-cm-dwustronny-multipocket-sprezynowy-zdejmowany-pokrowiec-h4-comforteo","status":"publish","type":"product","link":"https:\/\/baldumarket.lt\/lt\/product\/materac-best-80x200-cm-dwustronny-multipocket-sprezynowy-zdejmowany-pokrowiec-h4-comforteo\/","title":{"rendered":"Geriausias \u010diu\u017einys, 80\u00d7200 cm, dvipusis, su daugybe ki\u0161eni\u0173, spyruoklinis, nuimamas u\u017evalkalas, H4, Comforteo"},"content":{"rendered":"<p>Ie\u0161kote kieto (H4), patvaraus ir lankstaus viengul\u0117s \u010diu\u017einio, kuris palaikyt\u0173 j\u016bs\u0173 stubur\u0105 ir pagerint\u0173 miego kokyb\u0119? \u201eBest\u201c 80 \u00d7 200 cm \u010diu\u017einys yra idealus pasirinkimas ma\u017eiems miegamiesiems, jaunimo kambariams arba kaip sve\u010di\u0173 \u010diu\u017einys. Jame derinama pa\u017eangi ki\u0161enini\u0173 spyruokli\u0173 technologija, didelio elastingumo HR putos ir nat\u016bralaus \u0161ilko u\u017evalkalas, u\u017etikrinantis higien\u0105 ir komfort\u0105 i\u0161tisus metus.<\/p>","protected":false},"excerpt":{"rendered":"<p>Plotis: 80 cm<br \/>\nIlgis: 200 cm<br \/>\nAuk\u0161tis: 20 cm<br \/>\nMiegamoji erdv\u0117: 80 \u00d7 200 cm<br \/>\n\u010ciu\u017einio tipas: Daugiaki\u0161enis su HR putomis<\/p>","protected":false},"featured_media":220111,"comment_status":"open","ping_status":"open","template":"","meta":[],"product_brand":[],"product_cat":[7906,1099],"product_tag":[],"class_list":{"0":"post-220110","1":"product","2":"type-product","3":"status-publish","4":"has-post-thumbnail","6":"product_cat-comforteo","7":"product_cat-mattresses","9":"first","10":"instock","11":"purchasable","12":"product-type-simple"},"_links":{"self":[{"href":"https:\/\/baldumarket.lt\/lt\/wp-json\/wp\/v2\/product\/220110","targetHints":{"allow":["GET"]}}],"collection":[{"href":"https:\/\/baldumarket.lt\/lt\/wp-json\/wp\/v2\/product"}],"about":[{"href":"https:\/\/baldumarket.lt\/lt\/wp-json\/wp\/v2\/types\/product"}],"replies":[{"embeddable":true,"href":"https:\/\/baldumarket.lt\/lt\/wp-json\/wp\/v2\/comments?post=220110"}],"wp:featuredmedia":[{"embeddable":true,"href":"https:\/\/baldumarket.lt\/lt\/wp-json\/wp\/v2\/media\/220111"}],"wp:attachment":[{"href":"https:\/\/baldumarket.lt\/lt\/wp-json\/wp\/v2\/media?parent=220110"}],"wp:term":[{"taxonomy":"product_brand","embeddable":true,"href":"https:\/\/baldumarket.lt\/lt\/wp-json\/wp\/v2\/product_brand?post=220110"},{"taxonomy":"product_cat","embeddable":true,"href":"https:\/\/baldumarket.lt\/lt\/wp-json\/wp\/v2\/product_cat?post=220110"},{"taxonomy":"product_tag","embeddable":true,"href":"https:\/\/baldumarket.lt\/lt\/wp-json\/wp\/v2\/product_tag?post=220110"}],"curies":[{"name":"wp","href":"https:\/\/api.w.org\/{rel}","templated":true}]}}