{"id":220102,"date":"2026-02-11T17:05:55","date_gmt":"2026-02-11T14:05:55","guid":{"rendered":"https:\/\/baldumarket.lt\/product\/materac-best-90x200-cm-dwustronny-multipocket-sprezynowy-zdejmowany-pokrowiec-h4-comforteo\/"},"modified":"2026-02-11T17:05:56","modified_gmt":"2026-02-11T14:05:56","slug":"materac-best-90x200-cm-dwustronny-multipocket-sprezynowy-zdejmowany-pokrowiec-h4-comforteo","status":"publish","type":"product","link":"https:\/\/baldumarket.lt\/lt\/product\/materac-best-90x200-cm-dwustronny-multipocket-sprezynowy-zdejmowany-pokrowiec-h4-comforteo\/","title":{"rendered":"Geriausias \u010diu\u017einys, 90\u00d7200 cm, dvipusis, su daugybe ki\u0161eni\u0173, spyruoklinis, nuimamas u\u017evalkalas, H4, Comforteo"},"content":{"rendered":"<p>Ie\u0161kote kieto H4 \u010diu\u017einio, kuris u\u017etikrint\u0173 komfort\u0105, tinkam\u0105 stuburo atram\u0105 ir auk\u0161tus miego higienos standartus? \u2019Best\u201c 90 \u00d7 200 cm \u010diu\u017einys skirtas vienvie\u010diams miegantiems asmenims \u2013 puikiai tinka paaugli\u0173 kambariams, ma\u017eiems miegamiesiems arba kaip \u010diu\u017einys sve\u010di\u0173 lovoje. Jame derinama pa\u017eangi daugiaki\u0161enini\u0173 spyruokli\u0173 technologija, lanks\u010dios HR putos ir eleganti\u0161kas SILK u\u017evalkalas su prid\u0117tu \u0161ilku.<\/p>","protected":false},"excerpt":{"rendered":"<p>Plotis: 90 cm<br \/>\nIlgis: 200 cm<br \/>\nAuk\u0161tis: 20 cm<br \/>\nMiegamoji erdv\u0117: 90 \u00d7 200 cm<br \/>\n\u010ciu\u017einio tipas: Daugiaki\u0161enis su HR putomis<\/p>","protected":false},"featured_media":220103,"comment_status":"open","ping_status":"open","template":"","meta":[],"product_brand":[],"product_cat":[7906,1099,1975],"product_tag":[],"class_list":{"0":"post-220102","1":"product","2":"type-product","3":"status-publish","4":"has-post-thumbnail","6":"product_cat-comforteo","7":"product_cat-mattresses","8":"product_cat-mattresses-90x200","10":"first","11":"instock","12":"purchasable","13":"product-type-simple"},"_links":{"self":[{"href":"https:\/\/baldumarket.lt\/lt\/wp-json\/wp\/v2\/product\/220102","targetHints":{"allow":["GET"]}}],"collection":[{"href":"https:\/\/baldumarket.lt\/lt\/wp-json\/wp\/v2\/product"}],"about":[{"href":"https:\/\/baldumarket.lt\/lt\/wp-json\/wp\/v2\/types\/product"}],"replies":[{"embeddable":true,"href":"https:\/\/baldumarket.lt\/lt\/wp-json\/wp\/v2\/comments?post=220102"}],"wp:featuredmedia":[{"embeddable":true,"href":"https:\/\/baldumarket.lt\/lt\/wp-json\/wp\/v2\/media\/220103"}],"wp:attachment":[{"href":"https:\/\/baldumarket.lt\/lt\/wp-json\/wp\/v2\/media?parent=220102"}],"wp:term":[{"taxonomy":"product_brand","embeddable":true,"href":"https:\/\/baldumarket.lt\/lt\/wp-json\/wp\/v2\/product_brand?post=220102"},{"taxonomy":"product_cat","embeddable":true,"href":"https:\/\/baldumarket.lt\/lt\/wp-json\/wp\/v2\/product_cat?post=220102"},{"taxonomy":"product_tag","embeddable":true,"href":"https:\/\/baldumarket.lt\/lt\/wp-json\/wp\/v2\/product_tag?post=220102"}],"curies":[{"name":"wp","href":"https:\/\/api.w.org\/{rel}","templated":true}]}}