{"id":220094,"date":"2026-02-11T17:05:50","date_gmt":"2026-02-11T14:05:50","guid":{"rendered":"https:\/\/baldumarket.lt\/product\/materac-better-100x200-cm-dwustronny-multipocket-sprezynowy-pianka-super-soft-zdejmowany-pokrowiec-h4-comforteo\/"},"modified":"2026-02-11T17:05:52","modified_gmt":"2026-02-11T14:05:52","slug":"materac-better-100x200-cm-dwustronny-multipocket-sprezynowy-pianka-super-soft-zdejmowany-pokrowiec-h4-comforteo","status":"publish","type":"product","link":"https:\/\/baldumarket.lt\/lt\/product\/materac-better-100x200-cm-dwustronny-multipocket-sprezynowy-pianka-super-soft-zdejmowany-pokrowiec-h4-comforteo\/","title":{"rendered":"\u010ciu\u017einys \u201eBetter\u201c, 100 x 200 cm, dvipusis, su daugiaki\u0161en\u0117mis spyruokl\u0117mis, itin mink\u0161tas putplastis, nuimamas u\u017evalkalas, H4, \u201eComforteo\u201c"},"content":{"rendered":"<p>\u010ciu\u017einys \u201eBetter 100\u00d7200 cm\u201c \u2013 tai auk\u0161tos kokyb\u0117s viengulis \u010diu\u017einys, skirtas aktyviam gyvenimo b\u016bdui, sportininkams ir alergi\u0161kiems \u017emon\u0117ms. D\u0117l moderni\u0173 med\u017eiag\u0173 ir technologij\u0173 naudojimo jis skatina organizmo regeneracij\u0105, garantuoja sveik\u0105 mieg\u0105 ir u\u017etikrina maksimali\u0105 higien\u0105.<\/p>","protected":false},"excerpt":{"rendered":"<p>Plotis: 100 cm<br \/>\nIlgis: 200 cm<br \/>\nAuk\u0161tis: 22 cm<br \/>\nMiegamasis plotas: 100 \u00d7 200 cm<br \/>\n\u010ciu\u017einio tipas: Daugiaki\u0161enis su itin mink\u0161tu putplas\u010diu<\/p>","protected":false},"featured_media":220095,"comment_status":"open","ping_status":"open","template":"","meta":[],"product_brand":[],"product_cat":[7906,1099],"product_tag":[],"class_list":{"0":"post-220094","1":"product","2":"type-product","3":"status-publish","4":"has-post-thumbnail","6":"product_cat-comforteo","7":"product_cat-mattresses","9":"first","10":"instock","11":"purchasable","12":"product-type-simple"},"_links":{"self":[{"href":"https:\/\/baldumarket.lt\/lt\/wp-json\/wp\/v2\/product\/220094","targetHints":{"allow":["GET"]}}],"collection":[{"href":"https:\/\/baldumarket.lt\/lt\/wp-json\/wp\/v2\/product"}],"about":[{"href":"https:\/\/baldumarket.lt\/lt\/wp-json\/wp\/v2\/types\/product"}],"replies":[{"embeddable":true,"href":"https:\/\/baldumarket.lt\/lt\/wp-json\/wp\/v2\/comments?post=220094"}],"wp:featuredmedia":[{"embeddable":true,"href":"https:\/\/baldumarket.lt\/lt\/wp-json\/wp\/v2\/media\/220095"}],"wp:attachment":[{"href":"https:\/\/baldumarket.lt\/lt\/wp-json\/wp\/v2\/media?parent=220094"}],"wp:term":[{"taxonomy":"product_brand","embeddable":true,"href":"https:\/\/baldumarket.lt\/lt\/wp-json\/wp\/v2\/product_brand?post=220094"},{"taxonomy":"product_cat","embeddable":true,"href":"https:\/\/baldumarket.lt\/lt\/wp-json\/wp\/v2\/product_cat?post=220094"},{"taxonomy":"product_tag","embeddable":true,"href":"https:\/\/baldumarket.lt\/lt\/wp-json\/wp\/v2\/product_tag?post=220094"}],"curies":[{"name":"wp","href":"https:\/\/api.w.org\/{rel}","templated":true}]}}