{"id":220086,"date":"2026-02-11T17:05:52","date_gmt":"2026-02-11T14:05:52","guid":{"rendered":"https:\/\/baldumarket.lt\/product\/materac-better-120x200-cm-dwustronny-multipocket-sprezynowy-pianka-super-soft-zdejmowany-pokrowiec-h4-comforteo\/"},"modified":"2026-02-11T17:05:53","modified_gmt":"2026-02-11T14:05:53","slug":"materac-better-120x200-cm-dwustronny-multipocket-sprezynowy-pianka-super-soft-zdejmowany-pokrowiec-h4-comforteo","status":"publish","type":"product","link":"https:\/\/baldumarket.lt\/lt\/product\/materac-better-120x200-cm-dwustronny-multipocket-sprezynowy-pianka-super-soft-zdejmowany-pokrowiec-h4-comforteo\/","title":{"rendered":"\u010ciu\u017einys \u201eBetter\u201c, 120 x 200 cm, dvipusis, su daugiaki\u0161en\u0117mis spyruokl\u0117mis, itin mink\u0161tas putplastis, nuimamas u\u017evalkalas, H4, \u201eComforteo\u201c"},"content":{"rendered":"<p>U\u017etikrinkite kokybi\u0161k\u0105 mieg\u0105 ir efektyvi\u0105 k\u016bno regeneracij\u0105 su \u201eBetter 120\u00d7200 cm\u201c \u010diu\u017einiu \u2013 sukurtu tiems, kurie gyvena intensyv\u0173, aktyv\u0173 gyvenimo b\u016bd\u0105. Nesvarbu, ar sportuojate sporto sal\u0117je, b\u0117giojate, va\u017ein\u0117jate dvira\u010diu, ar tiesiog vertinate sveik\u0105 gyvenimo b\u016bd\u0105 \u2013 \u0161is modelis u\u017etikrins ram\u0173 mieg\u0105, kuris \u017eenkliai pagreitins raumen\u0173 ir nerv\u0173 sistemos regeneracij\u0105.<\/p>","protected":false},"excerpt":{"rendered":"<p>Plotis: 120 cm<br \/>\nIlgis: 200 cm<br \/>\nAuk\u0161tis: 22 cm<br \/>\nMiegamasis plotas: 120 \u00d7 200 cm<br \/>\n\u010ciu\u017einio tipas: Daugiaki\u0161enis su itin mink\u0161tu putplas\u010diu<\/p>","protected":false},"featured_media":220087,"comment_status":"open","ping_status":"open","template":"","meta":[],"product_brand":[],"product_cat":[7906,1099,1976],"product_tag":[],"class_list":{"0":"post-220086","1":"product","2":"type-product","3":"status-publish","4":"has-post-thumbnail","6":"product_cat-comforteo","7":"product_cat-mattresses","8":"product_cat-mattresses-120x200","10":"first","11":"instock","12":"purchasable","13":"product-type-simple"},"_links":{"self":[{"href":"https:\/\/baldumarket.lt\/lt\/wp-json\/wp\/v2\/product\/220086","targetHints":{"allow":["GET"]}}],"collection":[{"href":"https:\/\/baldumarket.lt\/lt\/wp-json\/wp\/v2\/product"}],"about":[{"href":"https:\/\/baldumarket.lt\/lt\/wp-json\/wp\/v2\/types\/product"}],"replies":[{"embeddable":true,"href":"https:\/\/baldumarket.lt\/lt\/wp-json\/wp\/v2\/comments?post=220086"}],"wp:featuredmedia":[{"embeddable":true,"href":"https:\/\/baldumarket.lt\/lt\/wp-json\/wp\/v2\/media\/220087"}],"wp:attachment":[{"href":"https:\/\/baldumarket.lt\/lt\/wp-json\/wp\/v2\/media?parent=220086"}],"wp:term":[{"taxonomy":"product_brand","embeddable":true,"href":"https:\/\/baldumarket.lt\/lt\/wp-json\/wp\/v2\/product_brand?post=220086"},{"taxonomy":"product_cat","embeddable":true,"href":"https:\/\/baldumarket.lt\/lt\/wp-json\/wp\/v2\/product_cat?post=220086"},{"taxonomy":"product_tag","embeddable":true,"href":"https:\/\/baldumarket.lt\/lt\/wp-json\/wp\/v2\/product_tag?post=220086"}],"curies":[{"name":"wp","href":"https:\/\/api.w.org\/{rel}","templated":true}]}}