{"id":220070,"date":"2026-02-11T17:05:49","date_gmt":"2026-02-11T14:05:49","guid":{"rendered":"https:\/\/baldumarket.lt\/product\/materac-better-160x200-cm-dwustronny-multipocket-sprezynowy-pianka-super-soft-zdejmowany-pokrowiec-h4-comforteo\/"},"modified":"2026-02-11T17:05:50","modified_gmt":"2026-02-11T14:05:50","slug":"materac-better-160x200-cm-dwustronny-multipocket-sprezynowy-pianka-super-soft-zdejmowany-pokrowiec-h4-comforteo","status":"publish","type":"product","link":"https:\/\/baldumarket.lt\/lt\/product\/materac-better-160x200-cm-dwustronny-multipocket-sprezynowy-pianka-super-soft-zdejmowany-pokrowiec-h4-comforteo\/","title":{"rendered":"\u010ciu\u017einys \u201eBetter\u201c, 160 x 200 cm, dvipusis, su daugiaki\u0161en\u0117mis spyruokl\u0117mis, itin mink\u0161tas putplastis, nuimamas u\u017evalkalas, H4, \u201eComforteo\u201c"},"content":{"rendered":"<p>\u201eBetter 160\u00d7200 cm\u201c \u010diu\u017einys \u2013 puikus pasirinkimas aktyviam gyvenimo b\u016bdui, sportininkams ir visiems, ie\u0161kantiems patogaus \u010diu\u017einio, u\u017etikrinan\u010dio atkuriam\u0105j\u012f ir sveik\u0105 mieg\u0105. \u0160is modernus daugiaki\u0161eninis spyruoklinis \u010diu\u017einys sujungia novatori\u0161kas technologijas su auk\u0161tos kokyb\u0117s med\u017eiagomis, garantuodamas ideal\u0173 atram\u0105 ir mink\u0161tum\u0105.<\/p>","protected":false},"excerpt":{"rendered":"<p>Plotis: 160 cm<br \/>\nIlgis: 200 cm<br \/>\nAuk\u0161tis: 22 cm<br \/>\nMiegamoji erdv\u0117: 160 \u00d7 200 cm<br \/>\n\u010ciu\u017einio tipas: Daugiaki\u0161enis su itin mink\u0161tu putplas\u010diu<\/p>","protected":false},"featured_media":220071,"comment_status":"open","ping_status":"open","template":"","meta":[],"product_brand":[],"product_cat":[7906,1099,1978],"product_tag":[],"class_list":{"0":"post-220070","1":"product","2":"type-product","3":"status-publish","4":"has-post-thumbnail","6":"product_cat-comforteo","7":"product_cat-mattresses","8":"product_cat-mattresses-160x200","10":"first","11":"instock","12":"purchasable","13":"product-type-simple"},"_links":{"self":[{"href":"https:\/\/baldumarket.lt\/lt\/wp-json\/wp\/v2\/product\/220070","targetHints":{"allow":["GET"]}}],"collection":[{"href":"https:\/\/baldumarket.lt\/lt\/wp-json\/wp\/v2\/product"}],"about":[{"href":"https:\/\/baldumarket.lt\/lt\/wp-json\/wp\/v2\/types\/product"}],"replies":[{"embeddable":true,"href":"https:\/\/baldumarket.lt\/lt\/wp-json\/wp\/v2\/comments?post=220070"}],"wp:featuredmedia":[{"embeddable":true,"href":"https:\/\/baldumarket.lt\/lt\/wp-json\/wp\/v2\/media\/220071"}],"wp:attachment":[{"href":"https:\/\/baldumarket.lt\/lt\/wp-json\/wp\/v2\/media?parent=220070"}],"wp:term":[{"taxonomy":"product_brand","embeddable":true,"href":"https:\/\/baldumarket.lt\/lt\/wp-json\/wp\/v2\/product_brand?post=220070"},{"taxonomy":"product_cat","embeddable":true,"href":"https:\/\/baldumarket.lt\/lt\/wp-json\/wp\/v2\/product_cat?post=220070"},{"taxonomy":"product_tag","embeddable":true,"href":"https:\/\/baldumarket.lt\/lt\/wp-json\/wp\/v2\/product_tag?post=220070"}],"curies":[{"name":"wp","href":"https:\/\/api.w.org\/{rel}","templated":true}]}}