{"id":220054,"date":"2026-02-11T17:05:46","date_gmt":"2026-02-11T14:05:46","guid":{"rendered":"https:\/\/baldumarket.lt\/product\/materac-better-200x200-cm-dwustronny-multipocket-sprezynowy-pianka-super-soft-zdejmowany-pokrowiec-h4-comforteo\/"},"modified":"2026-02-11T17:05:47","modified_gmt":"2026-02-11T14:05:47","slug":"materac-better-200x200-cm-dwustronny-multipocket-sprezynowy-pianka-super-soft-zdejmowany-pokrowiec-h4-comforteo","status":"publish","type":"product","link":"https:\/\/baldumarket.lt\/lt\/product\/materac-better-200x200-cm-dwustronny-multipocket-sprezynowy-pianka-super-soft-zdejmowany-pokrowiec-h4-comforteo\/","title":{"rendered":"\u010ciu\u017einys \u201eBetter\u201c, 200 x 200 cm, dvipusis, su daugiaki\u0161en\u0117mis spyruokl\u0117mis, itin mink\u0161tas putplastis, nuimamas u\u017evalkalas, H4, \u201eComforteo\u201c"},"content":{"rendered":"<p>The Better 200&#215;200 cm mattress is the perfect choice for those who need a large surface area for comfortable and healthy sleep. This comfortable multipocket spring mattress provides not only optimal support but also exceptional space for uninterrupted relaxation, making it perfect for both couples&#8217; bedrooms and comfort-conscious singles.<\/p>\n","protected":false},"excerpt":{"rendered":"<p>Width: 200 cm<br \/>\nLength: 200 cm<br \/>\nHeight: 22 cm<br \/>\nSleeping area: 200&#215;200 cm<br \/>\nMattress type: Multi-pocket with Super Soft foam<\/p>\n","protected":false},"featured_media":220055,"comment_status":"open","ping_status":"open","template":"","meta":[],"product_brand":[],"product_cat":[7906,1099,9144],"product_tag":[],"class_list":{"0":"post-220054","1":"product","2":"type-product","3":"status-publish","4":"has-post-thumbnail","6":"product_cat-comforteo","7":"product_cat-mattresses","8":"product_cat-mattresses-200x200","10":"first","11":"instock","12":"purchasable","13":"product-type-simple"},"_links":{"self":[{"href":"https:\/\/baldumarket.lt\/lt\/wp-json\/wp\/v2\/product\/220054","targetHints":{"allow":["GET"]}}],"collection":[{"href":"https:\/\/baldumarket.lt\/lt\/wp-json\/wp\/v2\/product"}],"about":[{"href":"https:\/\/baldumarket.lt\/lt\/wp-json\/wp\/v2\/types\/product"}],"replies":[{"embeddable":true,"href":"https:\/\/baldumarket.lt\/lt\/wp-json\/wp\/v2\/comments?post=220054"}],"wp:featuredmedia":[{"embeddable":true,"href":"https:\/\/baldumarket.lt\/lt\/wp-json\/wp\/v2\/media\/220055"}],"wp:attachment":[{"href":"https:\/\/baldumarket.lt\/lt\/wp-json\/wp\/v2\/media?parent=220054"}],"wp:term":[{"taxonomy":"product_brand","embeddable":true,"href":"https:\/\/baldumarket.lt\/lt\/wp-json\/wp\/v2\/product_brand?post=220054"},{"taxonomy":"product_cat","embeddable":true,"href":"https:\/\/baldumarket.lt\/lt\/wp-json\/wp\/v2\/product_cat?post=220054"},{"taxonomy":"product_tag","embeddable":true,"href":"https:\/\/baldumarket.lt\/lt\/wp-json\/wp\/v2\/product_tag?post=220054"}],"curies":[{"name":"wp","href":"https:\/\/api.w.org\/{rel}","templated":true}]}}