{"id":220046,"date":"2026-02-11T17:05:44","date_gmt":"2026-02-11T14:05:44","guid":{"rendered":"https:\/\/baldumarket.lt\/product\/materac-better-80x200-cm-dwustronny-multipocket-sprezynowy-pianka-super-soft-zdejmowany-pokrowiec-h4-comforteo\/"},"modified":"2026-02-11T17:05:46","modified_gmt":"2026-02-11T14:05:46","slug":"materac-better-80x200-cm-dwustronny-multipocket-sprezynowy-pianka-super-soft-zdejmowany-pokrowiec-h4-comforteo","status":"publish","type":"product","link":"https:\/\/baldumarket.lt\/lt\/product\/materac-better-80x200-cm-dwustronny-multipocket-sprezynowy-pianka-super-soft-zdejmowany-pokrowiec-h4-comforteo\/","title":{"rendered":"\u010ciu\u017einys \u201eBetter\u201c, 80&#215;200 cm, dvipusis, su daugiaki\u0161en\u0117mis spyruokl\u0117mis, itin mink\u0161tas putplastis, nuimamas u\u017evalkalas, H4, \u201eComforteo\u201c"},"content":{"rendered":"<p>\u201eBetter 80\u00d7200 cm\u201c \u010diu\u017einys \u2013 tai modernus sprendimas, skirtas aktyviam gyvenimo b\u016bdui ir tiems, kurie vertina sveik\u0105 ir higieni\u0161k\u0105 mieg\u0105. \u0160is auk\u0161\u010diausios kokyb\u0117s vienvietis ki\u0161enini\u0173 spyruokli\u0173 \u010diu\u017einys sujungia pa\u017eangi\u0105 daugiaki\u0161eni\u0173 technologij\u0105, auk\u0161tos kokyb\u0117s putas ir novatori\u0161k\u0105 PUROTEX+\u2122 u\u017evalkal\u0105 su probiotikais. Kiekvienas elementas sukurtas atsi\u017evelgiant \u012f raumen\u0173 atsistatym\u0105, stuburo atram\u0105 ir apsaug\u0105 nuo alergen\u0173.<\/p>","protected":false},"excerpt":{"rendered":"<p>Plotis: 80 cm<br \/>\nIlgis: 200 cm<br \/>\nAuk\u0161tis: 22 cm<br \/>\nMiegamoji erdv\u0117: 80 \u00d7 200 cm<br \/>\n\u010ciu\u017einio tipas: Daugiaki\u0161enis su itin mink\u0161tu putplas\u010diu<\/p>","protected":false},"featured_media":220047,"comment_status":"open","ping_status":"open","template":"","meta":[],"product_brand":[],"product_cat":[7906,1099],"product_tag":[],"class_list":{"0":"post-220046","1":"product","2":"type-product","3":"status-publish","4":"has-post-thumbnail","6":"product_cat-comforteo","7":"product_cat-mattresses","9":"first","10":"instock","11":"purchasable","12":"product-type-simple"},"_links":{"self":[{"href":"https:\/\/baldumarket.lt\/lt\/wp-json\/wp\/v2\/product\/220046","targetHints":{"allow":["GET"]}}],"collection":[{"href":"https:\/\/baldumarket.lt\/lt\/wp-json\/wp\/v2\/product"}],"about":[{"href":"https:\/\/baldumarket.lt\/lt\/wp-json\/wp\/v2\/types\/product"}],"replies":[{"embeddable":true,"href":"https:\/\/baldumarket.lt\/lt\/wp-json\/wp\/v2\/comments?post=220046"}],"wp:featuredmedia":[{"embeddable":true,"href":"https:\/\/baldumarket.lt\/lt\/wp-json\/wp\/v2\/media\/220047"}],"wp:attachment":[{"href":"https:\/\/baldumarket.lt\/lt\/wp-json\/wp\/v2\/media?parent=220046"}],"wp:term":[{"taxonomy":"product_brand","embeddable":true,"href":"https:\/\/baldumarket.lt\/lt\/wp-json\/wp\/v2\/product_brand?post=220046"},{"taxonomy":"product_cat","embeddable":true,"href":"https:\/\/baldumarket.lt\/lt\/wp-json\/wp\/v2\/product_cat?post=220046"},{"taxonomy":"product_tag","embeddable":true,"href":"https:\/\/baldumarket.lt\/lt\/wp-json\/wp\/v2\/product_tag?post=220046"}],"curies":[{"name":"wp","href":"https:\/\/api.w.org\/{rel}","templated":true}]}}