{"id":22003,"date":"2025-11-14T13:57:05","date_gmt":"2025-11-14T10:57:05","guid":{"rendered":"https:\/\/baldumarket.lt\/product\/materac-multipocket-acapulco-140x200-aloevera\/"},"modified":"2026-03-24T18:23:29","modified_gmt":"2026-03-24T15:23:29","slug":"materac-multipocket-acapulco-140x200-aloevera","status":"publish","type":"product","link":"https:\/\/baldumarket.lt\/lt\/product\/materac-multipocket-acapulco-140x200-aloevera\/","title":{"rendered":"\u010ciu\u017einys \u201eAcapulco Multipocket\u201c, 140\u00d7200, su alavijo ekstraktu"},"content":{"rendered":"<p>ACAPULCO \u010diu\u017einys pagamintas i\u0161 auk\u0161\u010diausios kokyb\u0117s med\u017eiag\u0173, idealiai tinka tiems, kurie vertina puiki\u0105 miego kokyb\u0119. D\u0117l daugiaki\u0161en\u0117s spyruokl\u0117s, kuri\u0105 viena pus\u0117 supa didelio elastingumo HR putos, o kita \u2013 latekso putos, jis yra patogus ir patvarus. Veltinio tarpin\u0117s suteikia papildom\u0105 apsaug\u0105, neleid\u017eiant putoms deformuotis. Daugiaki\u0161enis \u010diu\u017einys u\u017edengtas nuimamu alavijo u\u017evalkalu.<\/p>","protected":false},"excerpt":{"rendered":"<p>\u201eACAPULCO\u201c \u010diu\u017einys pagamintas i\u0161 auk\u0161\u010diausios kokyb\u0117s med\u017eiag\u0173, idealiai tinkan\u010di\u0173 tiems, kurie vertina puiki\u0105 miego kokyb\u0119. D\u0117l daugiaki\u0161enini\u0173 spyruokli\u0173, kurias viena pus\u0117 supa didelio elastingumo HR putos, o kita \u2013 latekso putos, jis yra patogus ir patvarus. Veltinio tarpin\u0117s suteikia papildom\u0105 apsaug\u0105, neleid\u017eiant putoms deformuotis. [\u2026]<\/p>","protected":false},"featured_media":21988,"comment_status":"open","ping_status":"open","template":"","meta":[],"product_brand":[],"product_cat":[2012,1099,1977],"product_tag":[],"class_list":{"0":"post-22003","1":"product","2":"type-product","3":"status-publish","4":"has-post-thumbnail","6":"product_cat-eltap","7":"product_cat-mattresses","8":"product_cat-mattresses-140x200","10":"first","11":"instock","12":"purchasable","13":"product-type-simple"},"_links":{"self":[{"href":"https:\/\/baldumarket.lt\/lt\/wp-json\/wp\/v2\/product\/22003","targetHints":{"allow":["GET"]}}],"collection":[{"href":"https:\/\/baldumarket.lt\/lt\/wp-json\/wp\/v2\/product"}],"about":[{"href":"https:\/\/baldumarket.lt\/lt\/wp-json\/wp\/v2\/types\/product"}],"replies":[{"embeddable":true,"href":"https:\/\/baldumarket.lt\/lt\/wp-json\/wp\/v2\/comments?post=22003"}],"wp:featuredmedia":[{"embeddable":true,"href":"https:\/\/baldumarket.lt\/lt\/wp-json\/wp\/v2\/media\/21988"}],"wp:attachment":[{"href":"https:\/\/baldumarket.lt\/lt\/wp-json\/wp\/v2\/media?parent=22003"}],"wp:term":[{"taxonomy":"product_brand","embeddable":true,"href":"https:\/\/baldumarket.lt\/lt\/wp-json\/wp\/v2\/product_brand?post=22003"},{"taxonomy":"product_cat","embeddable":true,"href":"https:\/\/baldumarket.lt\/lt\/wp-json\/wp\/v2\/product_cat?post=22003"},{"taxonomy":"product_tag","embeddable":true,"href":"https:\/\/baldumarket.lt\/lt\/wp-json\/wp\/v2\/product_tag?post=22003"}],"curies":[{"name":"wp","href":"https:\/\/api.w.org\/{rel}","templated":true}]}}