{"id":220022,"date":"2026-02-11T17:05:40","date_gmt":"2026-02-11T14:05:40","guid":{"rendered":"https:\/\/baldumarket.lt\/product\/materac-deep-120x200-cm-dwustronny-kieszeniowy-lateks-pianka-hr-zdejmowany-pokrowiec-h3-h4-comforteo\/"},"modified":"2026-02-11T17:05:41","modified_gmt":"2026-02-11T14:05:41","slug":"materac-deep-120x200-cm-dwustronny-kieszeniowy-lateks-pianka-hr-zdejmowany-pokrowiec-h3-h4-comforteo","status":"publish","type":"product","link":"https:\/\/baldumarket.lt\/lt\/product\/materac-deep-120x200-cm-dwustronny-kieszeniowy-lateks-pianka-hr-zdejmowany-pokrowiec-h3-h4-comforteo\/","title":{"rendered":"Gilus \u010diu\u017einys, 120\u00d7200 cm, dvipusis, ki\u0161enin\u0117s spyruokl\u0117s, lateksas, HR putos, nuimamas u\u017evalkalas, H3\/H4, Comforteo"},"content":{"rendered":"<p>Reikia patogaus ir patvaraus \u010diu\u017einio, kuris u\u017etikrint\u0173 sveik\u0105 ir atkuriant\u012f mieg\u0105? \u201eDeep\u201c \u010diu\u017einys, 120 \u00d7 200 cm, yra puikus sprendimas tiems, kurie ie\u0161ko ergonomi\u0161kos atramos, puikios miego higienos ir funkcionalumo viename gaminyje. \u0160is modelis sujungia modernias technologijas su kasdieniu komfortu, nepriklausomai nuo naudotojo am\u017eiaus.<\/p>","protected":false},"excerpt":{"rendered":"<p>Plotis: 120 cm<br \/>\nIlgis: 200 cm<br \/>\nAuk\u0161tis: 20 cm<br \/>\nMiegamasis plotas: 120 \u00d7 200 cm<br \/>\n\u010ciu\u017einio tipas: Ki\u0161enin\u0117s spyruokl\u0117s su lateksu ir HR putomis<\/p>","protected":false},"featured_media":220023,"comment_status":"open","ping_status":"open","template":"","meta":[],"product_brand":[],"product_cat":[7906,1099,1976],"product_tag":[],"class_list":{"0":"post-220022","1":"product","2":"type-product","3":"status-publish","4":"has-post-thumbnail","6":"product_cat-comforteo","7":"product_cat-mattresses","8":"product_cat-mattresses-120x200","10":"first","11":"instock","12":"purchasable","13":"product-type-simple"},"_links":{"self":[{"href":"https:\/\/baldumarket.lt\/lt\/wp-json\/wp\/v2\/product\/220022","targetHints":{"allow":["GET"]}}],"collection":[{"href":"https:\/\/baldumarket.lt\/lt\/wp-json\/wp\/v2\/product"}],"about":[{"href":"https:\/\/baldumarket.lt\/lt\/wp-json\/wp\/v2\/types\/product"}],"replies":[{"embeddable":true,"href":"https:\/\/baldumarket.lt\/lt\/wp-json\/wp\/v2\/comments?post=220022"}],"wp:featuredmedia":[{"embeddable":true,"href":"https:\/\/baldumarket.lt\/lt\/wp-json\/wp\/v2\/media\/220023"}],"wp:attachment":[{"href":"https:\/\/baldumarket.lt\/lt\/wp-json\/wp\/v2\/media?parent=220022"}],"wp:term":[{"taxonomy":"product_brand","embeddable":true,"href":"https:\/\/baldumarket.lt\/lt\/wp-json\/wp\/v2\/product_brand?post=220022"},{"taxonomy":"product_cat","embeddable":true,"href":"https:\/\/baldumarket.lt\/lt\/wp-json\/wp\/v2\/product_cat?post=220022"},{"taxonomy":"product_tag","embeddable":true,"href":"https:\/\/baldumarket.lt\/lt\/wp-json\/wp\/v2\/product_tag?post=220022"}],"curies":[{"name":"wp","href":"https:\/\/api.w.org\/{rel}","templated":true}]}}