{"id":220014,"date":"2026-02-11T17:05:38","date_gmt":"2026-02-11T14:05:38","guid":{"rendered":"https:\/\/baldumarket.lt\/product\/materac-deep-140x200-cm-dwustronny-kieszeniowy-lateks-pianka-hr-zdejmowany-pokrowiec-h3-h4-comforteo\/"},"modified":"2026-02-11T17:05:39","modified_gmt":"2026-02-11T14:05:39","slug":"materac-deep-140x200-cm-dwustronny-kieszeniowy-lateks-pianka-hr-zdejmowany-pokrowiec-h3-h4-comforteo","status":"publish","type":"product","link":"https:\/\/baldumarket.lt\/lt\/product\/materac-deep-140x200-cm-dwustronny-kieszeniowy-lateks-pianka-hr-zdejmowany-pokrowiec-h3-h4-comforteo\/","title":{"rendered":"Gilus \u010diu\u017einys, 140&#215;200 cm, dvipusis, ki\u0161enin\u0117s spyruokl\u0117s, lateksas, HR putos, nuimamas u\u017evalkalas, H3\/H4, Comforteo"},"content":{"rendered":"<p>Ie\u0161kote patogaus \u010diu\u017einio, kuris u\u017etikrint\u0173 komforti\u0161k\u0105 mieg\u0105 dviem \u017emon\u0117ms neu\u017eimant per daug vietos miegamajame? \u201eDeep\u201c 140 \u00d7 200 cm \u010diu\u017einys yra puikus sprendimas poroms ir tiems, kurie vertina papildom\u0105 miegojimo erdv\u0119 viengul\u0117se lovose. \u0160is modelis sujungia modernias technologijas, auk\u0161t\u0105 gamybos kokyb\u0119 ir funkcionalum\u0105, tod\u0117l tinka net ir ma\u017eoms erdv\u0117ms.<\/p>","protected":false},"excerpt":{"rendered":"<p>Plotis: 140 cm<br \/>\nIlgis: 200 cm<br \/>\nAuk\u0161tis: 20 cm<br \/>\nMiegamasis plotas: 140 \u00d7 200 cm<br \/>\n\u010ciu\u017einio tipas: Ki\u0161enin\u0117s spyruokl\u0117s su lateksu ir HR putomis<\/p>","protected":false},"featured_media":220015,"comment_status":"open","ping_status":"open","template":"","meta":[],"product_brand":[],"product_cat":[7906,1099,1977],"product_tag":[],"class_list":{"0":"post-220014","1":"product","2":"type-product","3":"status-publish","4":"has-post-thumbnail","6":"product_cat-comforteo","7":"product_cat-mattresses","8":"product_cat-mattresses-140x200","10":"first","11":"instock","12":"purchasable","13":"product-type-simple"},"_links":{"self":[{"href":"https:\/\/baldumarket.lt\/lt\/wp-json\/wp\/v2\/product\/220014","targetHints":{"allow":["GET"]}}],"collection":[{"href":"https:\/\/baldumarket.lt\/lt\/wp-json\/wp\/v2\/product"}],"about":[{"href":"https:\/\/baldumarket.lt\/lt\/wp-json\/wp\/v2\/types\/product"}],"replies":[{"embeddable":true,"href":"https:\/\/baldumarket.lt\/lt\/wp-json\/wp\/v2\/comments?post=220014"}],"wp:featuredmedia":[{"embeddable":true,"href":"https:\/\/baldumarket.lt\/lt\/wp-json\/wp\/v2\/media\/220015"}],"wp:attachment":[{"href":"https:\/\/baldumarket.lt\/lt\/wp-json\/wp\/v2\/media?parent=220014"}],"wp:term":[{"taxonomy":"product_brand","embeddable":true,"href":"https:\/\/baldumarket.lt\/lt\/wp-json\/wp\/v2\/product_brand?post=220014"},{"taxonomy":"product_cat","embeddable":true,"href":"https:\/\/baldumarket.lt\/lt\/wp-json\/wp\/v2\/product_cat?post=220014"},{"taxonomy":"product_tag","embeddable":true,"href":"https:\/\/baldumarket.lt\/lt\/wp-json\/wp\/v2\/product_tag?post=220014"}],"curies":[{"name":"wp","href":"https:\/\/api.w.org\/{rel}","templated":true}]}}