{"id":220006,"date":"2026-02-11T17:05:36","date_gmt":"2026-02-11T14:05:36","guid":{"rendered":"https:\/\/baldumarket.lt\/product\/materac-deep-160x200-cm-dwustronny-kieszeniowy-lateks-pianka-hr-zdejmowany-pokrowiec-h3-h4-comforteo\/"},"modified":"2026-02-11T17:05:38","modified_gmt":"2026-02-11T14:05:38","slug":"materac-deep-160x200-cm-dwustronny-kieszeniowy-lateks-pianka-hr-zdejmowany-pokrowiec-h3-h4-comforteo","status":"publish","type":"product","link":"https:\/\/baldumarket.lt\/lt\/product\/materac-deep-160x200-cm-dwustronny-kieszeniowy-lateks-pianka-hr-zdejmowany-pokrowiec-h3-h4-comforteo\/","title":{"rendered":"Gilus \u010diu\u017einys, 160&#215;200 cm, dvipusis, ki\u0161enin\u0117s spyruokl\u0117s, lateksas, HR putos, nuimamas u\u017evalkalas, H3\/H4, Comforteo"},"content":{"rendered":"<p>Ie\u0161kote patogaus \u010diu\u017einio dviem, kuris u\u017etikrint\u0173 sveik\u0105 mieg\u0105, optimali\u0105 stuburo atram\u0105 ir tarnaut\u0173 ilgus metus? \u201eDeep\u201c 160 \u00d7 200 cm \u010diu\u017einys yra puikus pasirinkimas moderniam pagrindiniam miegamajam arba miegamajam. \u0160is populiarus dydis sujungia erdv\u0119, komfort\u0105 ir funkcionalum\u0105, u\u017etikrindamas patog\u0173 nakties poils\u012f.<\/p>","protected":false},"excerpt":{"rendered":"<p>Plotis: 160 cm<br \/>\nIlgis: 200 cm<br \/>\nAuk\u0161tis: 20 cm<br \/>\nMiegamoji erdv\u0117: 160 \u00d7 200 cm<br \/>\n\u010ciu\u017einio tipas: Ki\u0161enin\u0117s spyruokl\u0117s su lateksu ir HR putomis<\/p>","protected":false},"featured_media":220007,"comment_status":"open","ping_status":"open","template":"","meta":[],"product_brand":[],"product_cat":[7906,1099,1978],"product_tag":[],"class_list":{"0":"post-220006","1":"product","2":"type-product","3":"status-publish","4":"has-post-thumbnail","6":"product_cat-comforteo","7":"product_cat-mattresses","8":"product_cat-mattresses-160x200","10":"first","11":"instock","12":"purchasable","13":"product-type-simple"},"_links":{"self":[{"href":"https:\/\/baldumarket.lt\/lt\/wp-json\/wp\/v2\/product\/220006","targetHints":{"allow":["GET"]}}],"collection":[{"href":"https:\/\/baldumarket.lt\/lt\/wp-json\/wp\/v2\/product"}],"about":[{"href":"https:\/\/baldumarket.lt\/lt\/wp-json\/wp\/v2\/types\/product"}],"replies":[{"embeddable":true,"href":"https:\/\/baldumarket.lt\/lt\/wp-json\/wp\/v2\/comments?post=220006"}],"wp:featuredmedia":[{"embeddable":true,"href":"https:\/\/baldumarket.lt\/lt\/wp-json\/wp\/v2\/media\/220007"}],"wp:attachment":[{"href":"https:\/\/baldumarket.lt\/lt\/wp-json\/wp\/v2\/media?parent=220006"}],"wp:term":[{"taxonomy":"product_brand","embeddable":true,"href":"https:\/\/baldumarket.lt\/lt\/wp-json\/wp\/v2\/product_brand?post=220006"},{"taxonomy":"product_cat","embeddable":true,"href":"https:\/\/baldumarket.lt\/lt\/wp-json\/wp\/v2\/product_cat?post=220006"},{"taxonomy":"product_tag","embeddable":true,"href":"https:\/\/baldumarket.lt\/lt\/wp-json\/wp\/v2\/product_tag?post=220006"}],"curies":[{"name":"wp","href":"https:\/\/api.w.org\/{rel}","templated":true}]}}