{"id":219990,"date":"2026-02-11T17:05:33","date_gmt":"2026-02-11T14:05:33","guid":{"rendered":"https:\/\/baldumarket.lt\/product\/materac-deep-200x200-cm-dwustronny-kieszeniowy-lateks-pianka-hr-zdejmowany-pokrowiec-h3-h4-comforteo\/"},"modified":"2026-02-11T17:05:34","modified_gmt":"2026-02-11T14:05:34","slug":"materac-deep-200x200-cm-dwustronny-kieszeniowy-lateks-pianka-hr-zdejmowany-pokrowiec-h3-h4-comforteo","status":"publish","type":"product","link":"https:\/\/baldumarket.lt\/lt\/product\/materac-deep-200x200-cm-dwustronny-kieszeniowy-lateks-pianka-hr-zdejmowany-pokrowiec-h3-h4-comforteo\/","title":{"rendered":"Gilus \u010diu\u017einys, 200\u00d7200 cm, dvipusis, ki\u0161enin\u0117s spyruokl\u0117s, lateksas, HR putos, nuimamas u\u017evalkalas, H3\/H4, Comforteo"},"content":{"rendered":"<p>Ie\u0161kote \u010diu\u017einio, kuris u\u017etikrint\u0173 absoliut\u0173 komfort\u0105 ir miegojimo erdv\u0119 dviem \u017emon\u0117ms? \u201eDeep\u201c 200 \u00d7 200 cm \u010diu\u017einys puikiai tinka tiems, kurie vertina prabang\u0105, jud\u0117jimo laisv\u0119 ir auk\u0161\u010diausi\u0105 poilsio kokyb\u0119. Tai did\u017eiausias standartinis \u010diu\u017einio dydis, idealiai tinkantis erdviems miegamiesiems ir moderniems interjerams, kur komfortas ir dizainas dera tarpusavyje.<\/p>","protected":false},"excerpt":{"rendered":"<p>Plotis: 200 cm<br \/>\nIlgis: 200 cm<br \/>\nAuk\u0161tis: 20 cm<br \/>\nMiegamasis plotas: 200 \u00d7 200 cm<br \/>\n\u010ciu\u017einio tipas: Ki\u0161enin\u0117s spyruokl\u0117s su lateksu ir HR putomis<\/p>","protected":false},"featured_media":219991,"comment_status":"open","ping_status":"open","template":"","meta":[],"product_brand":[],"product_cat":[7906,1099,9144],"product_tag":[],"class_list":{"0":"post-219990","1":"product","2":"type-product","3":"status-publish","4":"has-post-thumbnail","6":"product_cat-comforteo","7":"product_cat-mattresses","8":"product_cat-mattresses-200x200","10":"first","11":"instock","12":"purchasable","13":"product-type-simple"},"_links":{"self":[{"href":"https:\/\/baldumarket.lt\/lt\/wp-json\/wp\/v2\/product\/219990","targetHints":{"allow":["GET"]}}],"collection":[{"href":"https:\/\/baldumarket.lt\/lt\/wp-json\/wp\/v2\/product"}],"about":[{"href":"https:\/\/baldumarket.lt\/lt\/wp-json\/wp\/v2\/types\/product"}],"replies":[{"embeddable":true,"href":"https:\/\/baldumarket.lt\/lt\/wp-json\/wp\/v2\/comments?post=219990"}],"wp:featuredmedia":[{"embeddable":true,"href":"https:\/\/baldumarket.lt\/lt\/wp-json\/wp\/v2\/media\/219991"}],"wp:attachment":[{"href":"https:\/\/baldumarket.lt\/lt\/wp-json\/wp\/v2\/media?parent=219990"}],"wp:term":[{"taxonomy":"product_brand","embeddable":true,"href":"https:\/\/baldumarket.lt\/lt\/wp-json\/wp\/v2\/product_brand?post=219990"},{"taxonomy":"product_cat","embeddable":true,"href":"https:\/\/baldumarket.lt\/lt\/wp-json\/wp\/v2\/product_cat?post=219990"},{"taxonomy":"product_tag","embeddable":true,"href":"https:\/\/baldumarket.lt\/lt\/wp-json\/wp\/v2\/product_tag?post=219990"}],"curies":[{"name":"wp","href":"https:\/\/api.w.org\/{rel}","templated":true}]}}