{"id":219982,"date":"2026-02-11T17:05:28","date_gmt":"2026-02-11T14:05:28","guid":{"rendered":"https:\/\/baldumarket.lt\/product\/materac-deep-90x200-cm-dwustronny-kieszeniowy-lateks-pianka-hr-zdejmowany-pokrowiec-h3-h4-comforteo\/"},"modified":"2026-02-11T17:05:30","modified_gmt":"2026-02-11T14:05:30","slug":"materac-deep-90x200-cm-dwustronny-kieszeniowy-lateks-pianka-hr-zdejmowany-pokrowiec-h3-h4-comforteo","status":"publish","type":"product","link":"https:\/\/baldumarket.lt\/lt\/product\/materac-deep-90x200-cm-dwustronny-kieszeniowy-lateks-pianka-hr-zdejmowany-pokrowiec-h3-h4-comforteo\/","title":{"rendered":"Gilus \u010diu\u017einys, 90\u00d7200 cm, dvipusis, ki\u0161enin\u0117s spyruokl\u0117s, lateksas, HR putos, nuimamas u\u017evalkalas, H3\/H4, Comforteo"},"content":{"rendered":"<p>Ie\u0161kote patogaus \u010diu\u017einio viengulei lovai ar jaunimo kambariui? \u201eDeep\u201c 90 \u00d7 200 cm \u010diu\u017einys yra puikus pasirinkimas, derinantis ergonomi\u0161k\u0105 atram\u0105, higien\u0105 ir modernias med\u017eiagas. Tur\u0117dami du skirtingus kietumo lygius, galite pritaikyti miego komfort\u0105 pagal savo poreikius ar met\u0173 laik\u0105.<\/p>","protected":false},"excerpt":{"rendered":"<p>Plotis: 90 cm<br \/>\nIlgis: 200 cm<br \/>\nAuk\u0161tis: 20 cm<br \/>\nMiegamoji erdv\u0117: 90 \u00d7 200 cm<br \/>\n\u010ciu\u017einio tipas: Ki\u0161enin\u0117s spyruokl\u0117s su lateksu ir HR putomis<\/p>","protected":false},"featured_media":219983,"comment_status":"open","ping_status":"open","template":"","meta":[],"product_brand":[],"product_cat":[7906,1099,1975],"product_tag":[],"class_list":{"0":"post-219982","1":"product","2":"type-product","3":"status-publish","4":"has-post-thumbnail","6":"product_cat-comforteo","7":"product_cat-mattresses","8":"product_cat-mattresses-90x200","10":"first","11":"instock","12":"purchasable","13":"product-type-simple"},"_links":{"self":[{"href":"https:\/\/baldumarket.lt\/lt\/wp-json\/wp\/v2\/product\/219982","targetHints":{"allow":["GET"]}}],"collection":[{"href":"https:\/\/baldumarket.lt\/lt\/wp-json\/wp\/v2\/product"}],"about":[{"href":"https:\/\/baldumarket.lt\/lt\/wp-json\/wp\/v2\/types\/product"}],"replies":[{"embeddable":true,"href":"https:\/\/baldumarket.lt\/lt\/wp-json\/wp\/v2\/comments?post=219982"}],"wp:featuredmedia":[{"embeddable":true,"href":"https:\/\/baldumarket.lt\/lt\/wp-json\/wp\/v2\/media\/219983"}],"wp:attachment":[{"href":"https:\/\/baldumarket.lt\/lt\/wp-json\/wp\/v2\/media?parent=219982"}],"wp:term":[{"taxonomy":"product_brand","embeddable":true,"href":"https:\/\/baldumarket.lt\/lt\/wp-json\/wp\/v2\/product_brand?post=219982"},{"taxonomy":"product_cat","embeddable":true,"href":"https:\/\/baldumarket.lt\/lt\/wp-json\/wp\/v2\/product_cat?post=219982"},{"taxonomy":"product_tag","embeddable":true,"href":"https:\/\/baldumarket.lt\/lt\/wp-json\/wp\/v2\/product_tag?post=219982"}],"curies":[{"name":"wp","href":"https:\/\/api.w.org\/{rel}","templated":true}]}}