{"id":219974,"date":"2026-02-11T17:05:30","date_gmt":"2026-02-11T14:05:30","guid":{"rendered":"https:\/\/baldumarket.lt\/product\/materac-elegance-100x200-cm-dwustronny-multipocket-wysokie-sprezyny-pianka-tiger-h3-comforteo\/"},"modified":"2026-02-11T17:05:32","modified_gmt":"2026-02-11T14:05:32","slug":"materac-elegance-100x200-cm-dwustronny-multipocket-wysokie-sprezyny-pianka-tiger-h3-comforteo","status":"publish","type":"product","link":"https:\/\/baldumarket.lt\/lt\/product\/materac-elegance-100x200-cm-dwustronny-multipocket-wysokie-sprezyny-pianka-tiger-h3-comforteo\/","title":{"rendered":"\u201eElegance\u201c \u010diu\u017einys, 100 x 200 cm, dvipusis, su daugiaki\u0161en\u0117mis spyruokl\u0117mis, auk\u0161tos spyruokl\u0117s, \u201eTiger\u201c putos, H3, \u201eComforteo\u201c"},"content":{"rendered":"<p>Ie\u0161kote i\u0161skirtinio viengul\u0117s lovos \u010diu\u017einio, kuris u\u017etikrint\u0173 sveik\u0105 ir atkuriant\u012f nakties mieg\u0105? \u201eElegance\u201c 100 \u00d7 200 cm \u010diu\u017einys \u2013 puikus pasirinkimas tiems, kurie netaupo komforto. Pailgintas miegojimo pavir\u0161ius suteikia maksimal\u0173 komfort\u0105 viengul\u0117je versijoje \u2013 idealiai tinka didel\u0117ms viengul\u0117ms lovoms arba siauroms dvigul\u0117ms lovoms, tokioms, kokios yra sve\u010di\u0173 kambariuose ir auk\u0161\u010diausios klas\u0117s vie\u0161bu\u010diuose.<\/p>","protected":false},"excerpt":{"rendered":"<p>Plotis: 100 cm<br \/>\nIlgis: 200 cm<br \/>\nAuk\u0161tis: 27 cm<br \/>\nMiegamasis plotas: 100 \u00d7 200 cm<br \/>\n\u010ciu\u017einio tipas: Daugiaki\u0161enis su \u201eTiger\u201c putomis<\/p>","protected":false},"featured_media":219975,"comment_status":"open","ping_status":"open","template":"","meta":[],"product_brand":[],"product_cat":[7906,1099],"product_tag":[],"class_list":{"0":"post-219974","1":"product","2":"type-product","3":"status-publish","4":"has-post-thumbnail","6":"product_cat-comforteo","7":"product_cat-mattresses","9":"first","10":"instock","11":"purchasable","12":"product-type-simple"},"_links":{"self":[{"href":"https:\/\/baldumarket.lt\/lt\/wp-json\/wp\/v2\/product\/219974","targetHints":{"allow":["GET"]}}],"collection":[{"href":"https:\/\/baldumarket.lt\/lt\/wp-json\/wp\/v2\/product"}],"about":[{"href":"https:\/\/baldumarket.lt\/lt\/wp-json\/wp\/v2\/types\/product"}],"replies":[{"embeddable":true,"href":"https:\/\/baldumarket.lt\/lt\/wp-json\/wp\/v2\/comments?post=219974"}],"wp:featuredmedia":[{"embeddable":true,"href":"https:\/\/baldumarket.lt\/lt\/wp-json\/wp\/v2\/media\/219975"}],"wp:attachment":[{"href":"https:\/\/baldumarket.lt\/lt\/wp-json\/wp\/v2\/media?parent=219974"}],"wp:term":[{"taxonomy":"product_brand","embeddable":true,"href":"https:\/\/baldumarket.lt\/lt\/wp-json\/wp\/v2\/product_brand?post=219974"},{"taxonomy":"product_cat","embeddable":true,"href":"https:\/\/baldumarket.lt\/lt\/wp-json\/wp\/v2\/product_cat?post=219974"},{"taxonomy":"product_tag","embeddable":true,"href":"https:\/\/baldumarket.lt\/lt\/wp-json\/wp\/v2\/product_tag?post=219974"}],"curies":[{"name":"wp","href":"https:\/\/api.w.org\/{rel}","templated":true}]}}