{"id":219958,"date":"2026-02-11T17:05:27","date_gmt":"2026-02-11T14:05:27","guid":{"rendered":"https:\/\/baldumarket.lt\/product\/materac-elegance-140x200-cm-dwustronny-multipocket-wysokie-sprezyny-pianka-tiger-h3-comforteo\/"},"modified":"2026-02-11T17:05:28","modified_gmt":"2026-02-11T14:05:28","slug":"materac-elegance-140x200-cm-dwustronny-multipocket-wysokie-sprezyny-pianka-tiger-h3-comforteo","status":"publish","type":"product","link":"https:\/\/baldumarket.lt\/lt\/product\/materac-elegance-140x200-cm-dwustronny-multipocket-wysokie-sprezyny-pianka-tiger-h3-comforteo\/","title":{"rendered":"\u010ciu\u017einys \u201eElegance\u201c, 140\u00d7200 cm, dvipusis, su daugiaki\u0161en\u0117mis spyruokl\u0117mis, auk\u0161tos spyruokl\u0117s, \u201eTiger foam\u201c, H3, \u201eComforteo\u201c"},"content":{"rendered":"<p>Jei ie\u0161kote tobulo miegamojo \u010diu\u017einio, kuriame der\u0117t\u0173 komfortas, modernios technologijos ir funkcionalumas, apsvarstykite \u201eElegance 140\u00d7200 cm\u201c model\u012f. \u0160is \u010diu\u017einys puikiai tinka tiek dideliems, tiek ma\u017eiems miegamiesiems. D\u0117l universalaus dyd\u017eio gal\u0117site m\u0117gautis komfortu net ir ank\u0161tose erdv\u0117se, tod\u0117l tai populiarus pasirinkimas ma\u017eiems miegamiesiems.<\/p>","protected":false},"excerpt":{"rendered":"<p>Plotis: 140 cm<br \/>\nIlgis: 200 cm<br \/>\nAuk\u0161tis: 27 cm<br \/>\nMiegamasis plotas: 140 \u00d7 200 cm<br \/>\n\u010ciu\u017einio tipas: Daugiaki\u0161enis su \u201eTiger\u201c putomis<\/p>","protected":false},"featured_media":219959,"comment_status":"open","ping_status":"open","template":"","meta":[],"product_brand":[],"product_cat":[7906,1099,1977],"product_tag":[],"class_list":{"0":"post-219958","1":"product","2":"type-product","3":"status-publish","4":"has-post-thumbnail","6":"product_cat-comforteo","7":"product_cat-mattresses","8":"product_cat-mattresses-140x200","10":"first","11":"instock","12":"purchasable","13":"product-type-simple"},"_links":{"self":[{"href":"https:\/\/baldumarket.lt\/lt\/wp-json\/wp\/v2\/product\/219958","targetHints":{"allow":["GET"]}}],"collection":[{"href":"https:\/\/baldumarket.lt\/lt\/wp-json\/wp\/v2\/product"}],"about":[{"href":"https:\/\/baldumarket.lt\/lt\/wp-json\/wp\/v2\/types\/product"}],"replies":[{"embeddable":true,"href":"https:\/\/baldumarket.lt\/lt\/wp-json\/wp\/v2\/comments?post=219958"}],"wp:featuredmedia":[{"embeddable":true,"href":"https:\/\/baldumarket.lt\/lt\/wp-json\/wp\/v2\/media\/219959"}],"wp:attachment":[{"href":"https:\/\/baldumarket.lt\/lt\/wp-json\/wp\/v2\/media?parent=219958"}],"wp:term":[{"taxonomy":"product_brand","embeddable":true,"href":"https:\/\/baldumarket.lt\/lt\/wp-json\/wp\/v2\/product_brand?post=219958"},{"taxonomy":"product_cat","embeddable":true,"href":"https:\/\/baldumarket.lt\/lt\/wp-json\/wp\/v2\/product_cat?post=219958"},{"taxonomy":"product_tag","embeddable":true,"href":"https:\/\/baldumarket.lt\/lt\/wp-json\/wp\/v2\/product_tag?post=219958"}],"curies":[{"name":"wp","href":"https:\/\/api.w.org\/{rel}","templated":true}]}}