{"id":219934,"date":"2026-02-11T17:05:22","date_gmt":"2026-02-11T14:05:22","guid":{"rendered":"https:\/\/baldumarket.lt\/product\/materac-elegance-200x200-cm-dwustronny-multipocket-wysokie-sprezyny-pianka-tiger-h3-comforteo\/"},"modified":"2026-02-11T17:05:24","modified_gmt":"2026-02-11T14:05:24","slug":"materac-elegance-200x200-cm-dwustronny-multipocket-wysokie-sprezyny-pianka-tiger-h3-comforteo","status":"publish","type":"product","link":"https:\/\/baldumarket.lt\/lt\/product\/materac-elegance-200x200-cm-dwustronny-multipocket-wysokie-sprezyny-pianka-tiger-h3-comforteo\/","title":{"rendered":"\u201eElegance\u201c \u010diu\u017einys, 200 x 200 cm, dvipusis, su daugiaki\u0161en\u0117mis spyruokl\u0117mis, auk\u0161tos spyruokl\u0117s, \u201eTiger\u201c putos, H3, \u201eComforteo\u201c"},"content":{"rendered":"<p>\u201eElegance 200\u00d7200 cm\u201c \u010diu\u017einys skirtas tiems, kurie i\u0161 miego tikisi daugiau nei atsipalaidavimo akimirkos. Tai miegamojo \u010diu\u017einys, kuris pakeis j\u016bs\u0173 poilsio b\u016bd\u0105. Erdvus, kruop\u0161\u010diai pagamintas ir technologi\u0161kai pa\u017eangus, jis sukurtas taip, kad patenkint\u0173 net ir reikliausi\u0173 vartotoj\u0173 l\u016bkes\u010dius.<\/p>","protected":false},"excerpt":{"rendered":"<p>Plotis: 200 cm<br \/>\nIlgis: 200 cm<br \/>\nAuk\u0161tis: 27 cm<br \/>\nMiegamasis plotas: 200 \u00d7 200 cm<br \/>\n\u010ciu\u017einio tipas: Daugiaki\u0161enis su \u201eTiger\u201c putomis<\/p>","protected":false},"featured_media":219935,"comment_status":"open","ping_status":"open","template":"","meta":[],"product_brand":[],"product_cat":[7906,1099,9144],"product_tag":[],"class_list":{"0":"post-219934","1":"product","2":"type-product","3":"status-publish","4":"has-post-thumbnail","6":"product_cat-comforteo","7":"product_cat-mattresses","8":"product_cat-mattresses-200x200","10":"first","11":"instock","12":"purchasable","13":"product-type-simple"},"_links":{"self":[{"href":"https:\/\/baldumarket.lt\/lt\/wp-json\/wp\/v2\/product\/219934","targetHints":{"allow":["GET"]}}],"collection":[{"href":"https:\/\/baldumarket.lt\/lt\/wp-json\/wp\/v2\/product"}],"about":[{"href":"https:\/\/baldumarket.lt\/lt\/wp-json\/wp\/v2\/types\/product"}],"replies":[{"embeddable":true,"href":"https:\/\/baldumarket.lt\/lt\/wp-json\/wp\/v2\/comments?post=219934"}],"wp:featuredmedia":[{"embeddable":true,"href":"https:\/\/baldumarket.lt\/lt\/wp-json\/wp\/v2\/media\/219935"}],"wp:attachment":[{"href":"https:\/\/baldumarket.lt\/lt\/wp-json\/wp\/v2\/media?parent=219934"}],"wp:term":[{"taxonomy":"product_brand","embeddable":true,"href":"https:\/\/baldumarket.lt\/lt\/wp-json\/wp\/v2\/product_brand?post=219934"},{"taxonomy":"product_cat","embeddable":true,"href":"https:\/\/baldumarket.lt\/lt\/wp-json\/wp\/v2\/product_cat?post=219934"},{"taxonomy":"product_tag","embeddable":true,"href":"https:\/\/baldumarket.lt\/lt\/wp-json\/wp\/v2\/product_tag?post=219934"}],"curies":[{"name":"wp","href":"https:\/\/api.w.org\/{rel}","templated":true}]}}