{"id":219926,"date":"2026-02-11T17:05:21","date_gmt":"2026-02-11T14:05:21","guid":{"rendered":"https:\/\/baldumarket.lt\/product\/materac-elegance-80x200-cm-dwustronny-multipocket-wysokie-sprezyny-pianka-tiger-h3-comforteo\/"},"modified":"2026-02-11T17:05:22","modified_gmt":"2026-02-11T14:05:22","slug":"materac-elegance-80x200-cm-dwustronny-multipocket-wysokie-sprezyny-pianka-tiger-h3-comforteo","status":"publish","type":"product","link":"https:\/\/baldumarket.lt\/lt\/produktas\/materac-elegance-80x200-cm-dwustronny-multipocket-wysokie-sprezyny-pianka-tiger-h3-comforteo\/","title":{"rendered":"\u010ciu\u017einys \u201eElegance\u201c, 80&#215;200 cm, dvipusis, su daugiaki\u0161en\u0117mis spyruokl\u0117mis, auk\u0161tos spyruokl\u0117s, \u201eTiger foam\u201c, H3, \u201eComforteo\u201c"},"content":{"rendered":"<p>\u201eElegance 80\u00d7200 cm\u201c \u2013 puikus pasirinkimas ie\u0161kantiems auk\u0161tos kokyb\u0117s \u010diu\u017einio viengulei lovai. Nesvarbu, ar projektuojate vaiko kambar\u012f, senjor\u0173 miegam\u0105j\u012f, sve\u010di\u0173 apartamentus, ar prabangi\u0105 vie\u0161bu\u010dio erdv\u0119, \u0161is modelis u\u017etikrins i\u0161skirtin\u012f miego komfort\u0105 ir estetik\u0105, kuri sustiprins modern\u0173 interjero charakter\u012f.<\/p>","protected":false},"excerpt":{"rendered":"<p>Plotis: 80 cm<br \/>\nIlgis: 200 cm<br \/>\nAuk\u0161tis: 27 cm<br \/>\nMiegamoji erdv\u0117: 80 \u00d7 200 cm<br \/>\n\u010ciu\u017einio tipas: Daugiaki\u0161enis su \u201eTiger\u201c putomis<\/p>","protected":false},"featured_media":219927,"comment_status":"open","ping_status":"open","template":"","meta":[],"product_brand":[],"product_cat":[7906,1099],"product_tag":[],"class_list":{"0":"post-219926","1":"product","2":"type-product","3":"status-publish","4":"has-post-thumbnail","6":"product_cat-comforteo","7":"product_cat-mattresses","9":"first","10":"instock","11":"purchasable","12":"product-type-simple"},"_links":{"self":[{"href":"https:\/\/baldumarket.lt\/lt\/wp-json\/wp\/v2\/product\/219926","targetHints":{"allow":["GET"]}}],"collection":[{"href":"https:\/\/baldumarket.lt\/lt\/wp-json\/wp\/v2\/product"}],"about":[{"href":"https:\/\/baldumarket.lt\/lt\/wp-json\/wp\/v2\/types\/product"}],"replies":[{"embeddable":true,"href":"https:\/\/baldumarket.lt\/lt\/wp-json\/wp\/v2\/comments?post=219926"}],"wp:featuredmedia":[{"embeddable":true,"href":"https:\/\/baldumarket.lt\/lt\/wp-json\/wp\/v2\/media\/219927"}],"wp:attachment":[{"href":"https:\/\/baldumarket.lt\/lt\/wp-json\/wp\/v2\/media?parent=219926"}],"wp:term":[{"taxonomy":"product_brand","embeddable":true,"href":"https:\/\/baldumarket.lt\/lt\/wp-json\/wp\/v2\/product_brand?post=219926"},{"taxonomy":"product_cat","embeddable":true,"href":"https:\/\/baldumarket.lt\/lt\/wp-json\/wp\/v2\/product_cat?post=219926"},{"taxonomy":"product_tag","embeddable":true,"href":"https:\/\/baldumarket.lt\/lt\/wp-json\/wp\/v2\/product_tag?post=219926"}],"curies":[{"name":"wp","href":"https:\/\/api.w.org\/{rel}","templated":true}]}}