{"id":219918,"date":"2026-02-11T17:05:19","date_gmt":"2026-02-11T14:05:19","guid":{"rendered":"https:\/\/baldumarket.lt\/product\/materac-elegance-90x200-cm-dwustronny-multipocket-wysokie-sprezyny-pianka-tiger-h3-comforteo\/"},"modified":"2026-02-11T17:05:21","modified_gmt":"2026-02-11T14:05:21","slug":"materac-elegance-90x200-cm-dwustronny-multipocket-wysokie-sprezyny-pianka-tiger-h3-comforteo","status":"publish","type":"product","link":"https:\/\/baldumarket.lt\/lt\/product\/materac-elegance-90x200-cm-dwustronny-multipocket-wysokie-sprezyny-pianka-tiger-h3-comforteo\/","title":{"rendered":"\u010ciu\u017einys \u201eElegance\u201c, 90\u00d7200 cm, dvipusis, su daugiaki\u0161en\u0117mis spyruokl\u0117mis, auk\u0161tos spyruokl\u0117s, \u201eTiger foam\u201c, H3, \u201eComforteo\u201c"},"content":{"rendered":"<p>90 \u00d7 200 cm dyd\u017eio \u201eElegance\u201c \u010diu\u017einys \u2013 tai tobulas pa\u017eangi\u0173 technologij\u0173, auk\u0161\u010diausios kokyb\u0117s komforto ir eleganti\u0161ko dizaino derinys. Sukurtas tiems, kurie i\u0161 \u010diu\u017einio tikisi ne tik komforto, bet ir sveiko palaikymo bei ilgaam\u017ei\u0161kumo. \u0160is \u010diu\u017einys puikiai tinka reikliems vartotojams \u2013 nuo suaugusi\u0173j\u0173, paaugli\u0173 iki senjor\u0173. Jis puikiai tinka tiek vienvie\u010diams miegamiesiems, tiek i\u0161skirtin\u0117ms vie\u0161bu\u010di\u0173 aplinkoms.<\/p>","protected":false},"excerpt":{"rendered":"<p>Plotis: 90 cm<br \/>\nIlgis: 200 cm<br \/>\nAuk\u0161tis: 27 cm<br \/>\nMiegamoji erdv\u0117: 90 \u00d7 200 cm<br \/>\n\u010ciu\u017einio tipas: Daugiaki\u0161enis su \u201eTiger\u201c putomis<\/p>","protected":false},"featured_media":219919,"comment_status":"open","ping_status":"open","template":"","meta":[],"product_brand":[],"product_cat":[7906,1099,1975],"product_tag":[],"class_list":{"0":"post-219918","1":"product","2":"type-product","3":"status-publish","4":"has-post-thumbnail","6":"product_cat-comforteo","7":"product_cat-mattresses","8":"product_cat-mattresses-90x200","10":"first","11":"instock","12":"purchasable","13":"product-type-simple"},"_links":{"self":[{"href":"https:\/\/baldumarket.lt\/lt\/wp-json\/wp\/v2\/product\/219918","targetHints":{"allow":["GET"]}}],"collection":[{"href":"https:\/\/baldumarket.lt\/lt\/wp-json\/wp\/v2\/product"}],"about":[{"href":"https:\/\/baldumarket.lt\/lt\/wp-json\/wp\/v2\/types\/product"}],"replies":[{"embeddable":true,"href":"https:\/\/baldumarket.lt\/lt\/wp-json\/wp\/v2\/comments?post=219918"}],"wp:featuredmedia":[{"embeddable":true,"href":"https:\/\/baldumarket.lt\/lt\/wp-json\/wp\/v2\/media\/219919"}],"wp:attachment":[{"href":"https:\/\/baldumarket.lt\/lt\/wp-json\/wp\/v2\/media?parent=219918"}],"wp:term":[{"taxonomy":"product_brand","embeddable":true,"href":"https:\/\/baldumarket.lt\/lt\/wp-json\/wp\/v2\/product_brand?post=219918"},{"taxonomy":"product_cat","embeddable":true,"href":"https:\/\/baldumarket.lt\/lt\/wp-json\/wp\/v2\/product_cat?post=219918"},{"taxonomy":"product_tag","embeddable":true,"href":"https:\/\/baldumarket.lt\/lt\/wp-json\/wp\/v2\/product_tag?post=219918"}],"curies":[{"name":"wp","href":"https:\/\/api.w.org\/{rel}","templated":true}]}}